{"id":6493,"date":"2011-09-28T19:02:10","date_gmt":"2011-09-28T17:02:10","guid":{"rendered":"https:\/\/uruloki.org\/felipeblog\/?page_id=6493"},"modified":"2011-09-28T19:02:10","modified_gmt":"2011-09-28T17:02:10","slug":"4ojos-estudio-curso-de-efectos-especiales-de-maquillaje","status":"publish","type":"page","link":"https:\/\/www.uruloki.org\/felipeblog\/4ojos-estudio-curso-de-efectos-especiales-de-maquillaje","title":{"rendered":"4ojos Estudio: Curso de Efectos Especiales de Maquillaje&#8230;"},"content":{"rendered":"<p>Tras muchos a&ntilde;os siguiendo el desarrollo profesional de <a href=\"https:\/\/uruloki.org\/felipeblog\/personalsimo\/alberto-hortas-un-compostelano-en-el-laberinto-del-fauno\">Alberto Hortas<\/a> me ha surgido la oportunidad de colaborar con &eacute;l, a modo promocional, en el lanzamiento de un nuevo proyecto personal en el que se ha embarcado. <strong>Alberto Hortas<\/strong> fund&oacute; hace un tiempo un estudio de efectos especiales llamada <a href=\"http:\/\/www.cuatrojosestudio.com\/\">4ojos Estudio<\/a> y ahora da un paso adelante montando un taller de creaci&oacute;n y formaci&oacute;n en este arte. Por lo tanto aqu&iacute; os vengo a presentar los <strong>Cursos 2011-2012 de Efectos Especiales de Maquillaje de 4ojos Estudio<\/strong>.<\/p>\n<p class=\"centrado\"><a href=\"http:\/\/cargocollective.com\/4ojosestudio\/#1853428\/CURSOS\"><img loading=\"lazy\" decoding=\"async\" src=\"https:\/\/uruloki.org\/felipeblog\/images2011-2\/20110928-4ojosestudiocursos.jpg\" alt=\"Cartel promocional del los Cursos de Efectos Especiales de Maquillaje de 4ojos Estudios\" width=\"500\" height=\"728\" border=\"0\" \/><\/a><br \/>\n<em>Cartel promocional del los Cursos de Efectos Especiales de Maquillaje de 4ojos Estudios<\/em><\/p>\n<p>La empresa dispone de <a href=\"http:\/\/www.4ojosestudiocursos.com\/instalaciones\/instalaciones.html\">unas  instalaciones de m&aacute;s de 120 m&sup2;<\/a> que poseen el espacio y  las condiciones  &oacute;ptimas para trabajar con   resinas, l&aacute;tex y disolventes. Adem&aacute;s, los alumnos que se animen a apuntarse y completar las formaciones tendr&aacute;n a su disposici&oacute;n las   t&eacute;cnicas y de los materiales m&aacute;s actuales de la industria de los efectos especiales. Los asistentes realizar&aacute;n  sus propios dise&ntilde;os de personajes y los  materializar&aacute;n en   maquillajes prot&eacute;sicos, esculturas hiperrealistas, m&aacute;scaras o figuras en   miniatura. Para poder hacer los cursos no se requieren conocimientos previos ya que  se dar&aacute;n todas   las claves necesarias para adaptarse a las necesidades de los alumnos\/as teniendo en cuenta que se trabajar&aacute; en grupos reducidos. Cada alumno dispondr&aacute; de su propio espacio de trabajo, con los materiales y las herramientas incluidas. <\/p>\n<p>Aunque ten&eacute;is <a href=\"http:\/\/cargocollective.com\/4ojosestudio\/#1853428\/CURSOS\">toda la informaci&oacute;n sobre los cursos y la forma de contacto en la siguiente direcci&oacute;n web<\/a>, a continuaci&oacute;n os pongo un breve resumen de las formaciones que se mpartir&aacute;n en <strong>4ojos Estudio<\/strong> con informaci&oacute;n detallada sobre las mismos:<\/p>\n<p><a href=\"http:\/\/www.4ojosestudiocursos.com\/cursos\/curso_maquillaje_protesico1.html\">Curso de Maquillaje Prot&eacute;sico<\/a>: en espuma de l&aacute;tex<\/p>\n<p>Los alumnos (maquilladores\/as, escultores\/as, artistas) aprender\u00e1n todas las t\u00e9cnicas necesarias para realizar un maquillaje con pr\u00f3tesis en espuma de l\u00e1tex. Desarrollar\u00e1n los procesos de manera pr\u00e1ctica desde  sacar a un compa\u00f1ero\/a el molde de cabeza y dientes para luego modelar y texturizar en plastilina un dise\u00f1o de personaje. Trabajar\u00e1n con materiales como: escayola, resina y  silicona para moldes, para m\u00e1s tarde reproducir  las pr\u00f3tesis en espuma de l\u00e1tex y sacar pr\u00f3tesis dentales. Descubrir\u00e1n tambi\u00e9n  las t\u00e9cnicas de pintado y finalmente aplicar\u00e1n  el maquillaje. <\/p>\n<ul>\n<li>Molde facial y dental en alginato.<\/li>\n<li>Molde en silicona para obtenci\u00f3n de parcial completo para modelar. <\/li>\n<li>Creaci\u00f3n y dise\u00f1o de un personaje: dise\u00f1o a l\u00e1piz y a ordenador, referencias de anatom\u00eda, de la naturaleza, el arte y el cine.<\/li>\n<li>Preparaci\u00f3n de parcial en escayola. <\/li>\n<li>Molde en silicona para moldes y copia en escayola exadura .<\/li>\n<li>Modelado en plastilina de la escultura del dise\u00f1o original: t\u00e9cnicas de escultura y de texturado.<\/li>\n<li>Fabricaci\u00f3n de esfera para cornea.<\/li>\n<li>Divisi\u00f3n de escultura y traslados a parciales.<\/li>\n<li>Moldes en resina de poli\u00e9ster. <\/li>\n<li>T\u00e9cnicas y procesos para trabajar con espuma de l\u00e1tex. <\/li>\n<li>T\u00e9cnicas de prepintado y pintado con aer\u00f3grafo.<\/li>\n<li>Aplicaci\u00f3n del maquillaje.<\/li>\n<li>Sesi\u00f3n fotogr\u00e1fica.<\/li>\n<li>Desmaquillaje.<\/li>\n<\/ul>\n<p><a href=\"http:\/\/www.4ojosestudiocursos.com\/cursos\/curso_esculturahiperrealista1.html\">Curso de Escultura Hiperrealista<\/a>: busto de silicona<\/p>\n<p>Este curso est\u00e1 dirigido a alumnos\/as (artistas, escultores\/as, maquilladores\/as, etc.) para que aprendan a trabajar con silicona, uno de los materiales m\u00e1s empleados tanto en  el campo de la escultura hiperrealista del arte como en el cine. Para ello dise\u00f1aran un personaje y modelar\u00e1n un busto en arcilla aprendiendo a modelar y texturar logrando una gran variedad de detalles. Conocer\u00e1n como realizar un molde en yeso exaduro y reproducir\u00e1n la escultura aprendiendo las t\u00e9cnicas para te\u00f1ir y pintar en silicona. Acompa\u00f1ando adem\u00e1s con sistemas para atrezzar la figura, picando pelo y realizando ojos realistas <\/p>\n<ul>\n<li>Dise\u00f1o  de personaje: dise\u00f1o a l\u00e1piz y a ordenador. <\/li>\n<li>Modelado en barro cer\u00e1mico del personaje: nociones de escultura y t\u00e9cnicas de textura.<\/li>\n<li>Realizaci\u00f3n de molde en escayola exadura y arpillera.<\/li>\n<li>Copia de la pieza en silicona semitransparente.<\/li>\n<li>Llenado de la pieza con espuma de poliuretano flexible.<\/li>\n<li>T\u00e9cnicas de pintado a pincel y aer\u00f3grafo.<\/li>\n<li>Realizaci\u00f3n de ojos en resina transparente.<\/li>\n<li>Picado de pelo.<\/li>\n<li>Colocaci\u00f3n de vestuario y construcci\u00f3n de una base.<\/li>\n<li>Sesi\u00f3n de fotos.<\/li>\n<\/ul>\n<p><a href=\"http:\/\/www.4ojosestudiocursos.com\/cursos\/curso_mascara_latex.html\">Curso de M&aacute;scara de L&aacute;tex y Creaci&oacute;n de Personajes<\/a>: cabeza completa<\/p>\n<p>Los alumnos\/as (escultores\/as, artistas, maquilladores\/as, escen\u00f3grafos) aprender\u00e1n a dise\u00f1ar un personaje para modelarlo en arcilla gris desarrollando t\u00e9cnicas en modelado, con moldes de escayola exadura y reproduci\u00e9ndolo en l\u00e1tex para moldes y poliuretano. Adem\u00e1s conocer\u00e1n distintas metodolog&iacute;as  para pintar este material.<\/p>\n<ul>\n<li>Dise\u00f1o de un personaje: dise\u00f1o a l\u00e1piz y a ordenador, referencias de anatom\u00eda, de la naturaleza, el arte y  el cine.<\/li>\n<li>Impresi\u00f3n de los dibujos a escala.<\/li>\n<li>Base y estructura para modelar.<\/li>\n<li>Modelado en plastilina Chavant del personaje: t\u00e9cnicas para modelar y texturar.<\/li>\n<li>Realizaci\u00f3n de molde en silicona y  escayola.<\/li>\n<li>Reproducci\u00f3n en resina de poliuretano. <\/li>\n<li>Llenado en espuma de poliuretano r\u00edgida.<\/li>\n<li>Pintado a pincel y aer\u00f3grafo.<\/li>\n<li>Realizaci\u00f3n de base y ambientaci\u00f3n de la maqueta.<\/li>\n<li>Sesi\u00f3n de fotos.<\/li>\n<\/ul>\n<p><a href=\"http:\/\/www.4ojosestudiocursos.com\/cursos\/curso_escultura_miniatura1.html\">Curso de Escultura en Miniatura<\/a>: t&eacute;cnicas con moldes de silicona y  resina de poliuretano.<\/p>\n<p>Los alumnos\/as (escultores\/as, animadores\/as, artistas, maquetistas, etc.) puedan  realizar  un busto  en miniatura en resina de poliuretano. Comenzar\u00e1n desde su fase de dise\u00f1o hasta su modelado   en plastilina y conocer\u00e1n como realizar un  molde sin encajes en silicona para moldes. Adem\u00e1s tendr\u00e1n la oportunidad de conocer varias  t\u00e9cnicas de pintado.<\/p>\n<ul>\n<li>Dise\u00f1o de un personaje: dise\u00f1o a l\u00e1piz y a ordenador, referencias de anatom\u00eda, de la naturaleza, el arte y  el cine.<\/li>\n<li>Impresi\u00f3n de los dibujos a escala.<\/li>\n<li>Base y estructura para modelar.<\/li>\n<li>Modelado en plastilina Chavant del personaje: t\u00e9cnicas para modelar y texturar.<\/li>\n<li>Realizaci\u00f3n de molde en silicona y  escayola.<\/li>\n<li>Reproducci\u00f3n  en resina de poliuretano. <\/li>\n<li>Llenado en espuma de poliuretano r\u00edgida.<\/li>\n<li>Pintado a pincel y aer\u00f3grafo.<\/li>\n<li>Realizaci\u00f3n de base y ambientaci\u00f3n de la maqueta.<\/li>\n<li>Sesi\u00f3n de fotos.<\/li>\n<\/ul>\n<p class=\"centrado\"><img loading=\"lazy\" decoding=\"async\" src=\"https:\/\/uruloki.org\/felipeblog\/images2011-2\/20110928-4ojosestudiocursos-profesor.jpg\" alt=\"Alberto Hortas de 4ojos Estudio junto a unos de los carteles de los cursos\" width=\"500\" height=\"568\" \/><br \/>\n    <em>Alberto Hortas de 4ojos Estudio junto a unos de los carteles de los cursos<\/em><\/p>\n<p><a href=\"http:\/\/www.4ojosestudiocursos.com\/cursos\/curso_protesis.html\">Curso de pr&oacute;tesis dental<\/a>: resinas acr&iacute;licas.<\/p>\n<p>Los alumnos\/as (maquilladores\/as, escultores\/as, artistas) aprender\u00e1n los procesos recrear una dentadura postiza fant\u00e1stica. Podr&aacute;n  saber c&oacute;mo  obtener un  molde dental en alginato, hasta modelar la dentadura en plastilina, desarrollando t\u00e9cnicas en moldes de silicona y conocer&aacute;n c\u00f3mo trabajar con resina acr\u00edlica manipulando su  pulido y  su pintado.<\/p>\n<ul>\n<li>Dise\u00f1o de dentadura fant\u00e1stica: dise\u00f1o referencias de anatom\u00eda, de la naturaleza   y el cine.<\/li>\n<li> Molde dental en alginato.<\/li>\n<li>Copia en escayola exadura y colocaci\u00f3n de una base.<\/li>\n<li> Molde en silicona.<\/li>\n<li>Copia en resina.<\/li>\n<li>T\u00e9cnicas de modelado en plastilina: nociones de escultura y textura.<\/li>\n<li>Molde en silicona.<\/li>\n<li>Reproducci\u00f3n en resina acr\u00edlica y olla a presi\u00f3n.<\/li>\n<li>Pulido y pintado de las dentaduras.<\/li>\n<li>Sesi\u00f3n de fotos.<\/li>\n<\/ul>\n<p><a href=\"http:\/\/www.4ojosestudiocursos.com\/cursos\/curso_ojos_realistas1.html\">Curso de ojos realistas<\/a>: resinas acr&iacute;licas y de poli&eacute;ster<\/p>\n<p>Los alumnos\/as (maquilladores\/as, escultores\/as, artistas, prot\u00e9sicos) aprender\u00e1n los procesos para realizar ojos hiperrealistas en resina de poli\u00e9ster y en poliuretano. Sabr\u00e1n como tomar medidas de esferas,  realizar moldes en silicona, y poder pintar y pulir las  piezas.<\/p>\n<ul>\n<li>Dise\u00f1o de ojos: documentaci\u00f3n humana y animal.<\/li>\n<li>Selecci\u00f3n de medidas de las esferas. <\/li>\n<li>Molde en silicona de las piezas.<\/li>\n<li>Copias en resina de poliuretano. <\/li>\n<li>Fabricaci\u00f3n de base para trabajo.<\/li>\n<li>Dise\u00f1o en ordenador o tallado en la resina.<\/li>\n<li>Fabricaci\u00f3n de esfera para cornea.<\/li>\n<li>Molde en silicona.<\/li>\n<li>Pre-pintado del ojo interior en resina.<\/li>\n<li>Colada de resina transl\u00facida.<\/li>\n<li>Pulido y brillo de la esfera.<\/li>\n<\/ul>\n<p>Otros cursos que se est&aacute;n preparando pero que est&aacute;n pendientes de su concreci&oacute;n son:<\/p>\n<ul>\n<li><strong>Curso de creaci&oacute;n de mu&ntilde;ecos para stop-motion<\/strong>: t&eacute;cnicas en  aluminio y  espuma de l&aacute;tex.<\/li>\n<li><strong> Curso de animatr&oacute;nica y dise&ntilde;o de personajes<\/strong>: modelado, mec&aacute;nica y radio control.<\/li>\n<li><strong>Curso de posticer&iacute;a para Cine y TV<\/strong><\/li>\n<\/ul>\n<p><strong class=\"nota\">&nbsp;Recordad&nbsp;<\/strong> <a href=\"http:\/\/cargocollective.com\/4ojosestudio\/#1853428\/CURSOS\">Toda la informaci&oacute;n sobre los cursos y la forma de contacto en la siguiente direcci&oacute;n web<\/a>!!!<\/p>\n","protected":false},"excerpt":{"rendered":"<p>Tras muchos a&ntilde;os siguiendo el desarrollo profesional de Alberto Hortas me ha surgido la oportunidad de colaborar con &eacute;l, a modo promocional, en el lanzamiento de un nuevo proyecto personal en el que se ha embarcado. Alberto Hortas fund&oacute; hace un tiempo un estudio de efectos especiales llamada 4ojos Estudio y ahora da un paso [&hellip;]<\/p>\n","protected":false},"author":28,"featured_media":0,"parent":0,"menu_order":0,"comment_status":"open","ping_status":"open","template":"","meta":{"footnotes":""},"class_list":["post-6493","page","type-page","status-publish","hentry"],"yoast_head":"<!-- This site is optimized with the Yoast SEO plugin v24.3 - https:\/\/yoast.com\/wordpress\/plugins\/seo\/ -->\n<title>4ojos Estudio: Curso de Efectos Especiales de Maquillaje... - Uruloki :: Blog<\/title>\n<meta name=\"robots\" content=\"index, follow, max-snippet:-1, max-image-preview:large, max-video-preview:-1\" \/>\n<link rel=\"canonical\" href=\"https:\/\/www.uruloki.org\/felipeblog\/4ojos-estudio-curso-de-efectos-especiales-de-maquillaje\" \/>\n<meta property=\"og:locale\" content=\"es_ES\" \/>\n<meta property=\"og:type\" content=\"article\" \/>\n<meta property=\"og:title\" content=\"4ojos Estudio: Curso de Efectos Especiales de Maquillaje... - Uruloki :: Blog\" \/>\n<meta property=\"og:description\" content=\"Tras muchos a&ntilde;os siguiendo el desarrollo profesional de Alberto Hortas me ha surgido la oportunidad de colaborar con &eacute;l, a modo promocional, en el lanzamiento de un nuevo proyecto personal en el que se ha embarcado. Alberto Hortas fund&oacute; hace un tiempo un estudio de efectos especiales llamada 4ojos Estudio y ahora da un paso [&hellip;]\" \/>\n<meta property=\"og:url\" content=\"https:\/\/www.uruloki.org\/felipeblog\/4ojos-estudio-curso-de-efectos-especiales-de-maquillaje\" \/>\n<meta property=\"og:site_name\" content=\"Uruloki :: Blog\" \/>\n<meta property=\"article:publisher\" content=\"https:\/\/www.facebook.com\/uruloki.org\" \/>\n<meta property=\"og:image\" content=\"https:\/\/uruloki.org\/felipeblog\/images2011-2\/20110928-4ojosestudiocursos.jpg\" \/>\n<meta name=\"twitter:card\" content=\"summary_large_image\" \/>\n<meta name=\"twitter:site\" content=\"@uruloki\" \/>\n<meta name=\"twitter:label1\" content=\"Tiempo de lectura\" \/>\n\t<meta name=\"twitter:data1\" content=\"7 minutos\" \/>\n<script type=\"application\/ld+json\" class=\"yoast-schema-graph\">{\"@context\":\"https:\/\/schema.org\",\"@graph\":[{\"@type\":\"WebPage\",\"@id\":\"https:\/\/www.uruloki.org\/felipeblog\/4ojos-estudio-curso-de-efectos-especiales-de-maquillaje\",\"url\":\"https:\/\/www.uruloki.org\/felipeblog\/4ojos-estudio-curso-de-efectos-especiales-de-maquillaje\",\"name\":\"4ojos Estudio: Curso de Efectos Especiales de Maquillaje... - Uruloki :: Blog\",\"isPartOf\":{\"@id\":\"https:\/\/www.uruloki.org\/felipeblog\/#website\"},\"primaryImageOfPage\":{\"@id\":\"https:\/\/www.uruloki.org\/felipeblog\/4ojos-estudio-curso-de-efectos-especiales-de-maquillaje#primaryimage\"},\"image\":{\"@id\":\"https:\/\/www.uruloki.org\/felipeblog\/4ojos-estudio-curso-de-efectos-especiales-de-maquillaje#primaryimage\"},\"thumbnailUrl\":\"https:\/\/uruloki.org\/felipeblog\/images2011-2\/20110928-4ojosestudiocursos.jpg\",\"datePublished\":\"2011-09-28T17:02:10+00:00\",\"dateModified\":\"2011-09-28T17:02:10+00:00\",\"breadcrumb\":{\"@id\":\"https:\/\/www.uruloki.org\/felipeblog\/4ojos-estudio-curso-de-efectos-especiales-de-maquillaje#breadcrumb\"},\"inLanguage\":\"es\",\"potentialAction\":[{\"@type\":\"ReadAction\",\"target\":[\"https:\/\/www.uruloki.org\/felipeblog\/4ojos-estudio-curso-de-efectos-especiales-de-maquillaje\"]}]},{\"@type\":\"ImageObject\",\"inLanguage\":\"es\",\"@id\":\"https:\/\/www.uruloki.org\/felipeblog\/4ojos-estudio-curso-de-efectos-especiales-de-maquillaje#primaryimage\",\"url\":\"https:\/\/uruloki.org\/felipeblog\/images2011-2\/20110928-4ojosestudiocursos.jpg\",\"contentUrl\":\"https:\/\/uruloki.org\/felipeblog\/images2011-2\/20110928-4ojosestudiocursos.jpg\"},{\"@type\":\"BreadcrumbList\",\"@id\":\"https:\/\/www.uruloki.org\/felipeblog\/4ojos-estudio-curso-de-efectos-especiales-de-maquillaje#breadcrumb\",\"itemListElement\":[{\"@type\":\"ListItem\",\"position\":1,\"name\":\"Portada\",\"item\":\"https:\/\/www.uruloki.org\/felipeblog\"},{\"@type\":\"ListItem\",\"position\":2,\"name\":\"4ojos Estudio: Curso de Efectos Especiales de Maquillaje&#8230;\"}]},{\"@type\":\"WebSite\",\"@id\":\"https:\/\/www.uruloki.org\/felipeblog\/#website\",\"url\":\"https:\/\/www.uruloki.org\/felipeblog\/\",\"name\":\"Uruloki :: Blog\",\"description\":\"Blog de cine, terror, ciencia ficci\u00f3n, fantas\u00eda y c\u00f3mics\",\"potentialAction\":[{\"@type\":\"SearchAction\",\"target\":{\"@type\":\"EntryPoint\",\"urlTemplate\":\"https:\/\/www.uruloki.org\/felipeblog\/?s={search_term_string}\"},\"query-input\":{\"@type\":\"PropertyValueSpecification\",\"valueRequired\":true,\"valueName\":\"search_term_string\"}}],\"inLanguage\":\"es\"}]}<\/script>\n<!-- \/ Yoast SEO plugin. -->","yoast_head_json":{"title":"4ojos Estudio: Curso de Efectos Especiales de Maquillaje... - Uruloki :: Blog","robots":{"index":"index","follow":"follow","max-snippet":"max-snippet:-1","max-image-preview":"max-image-preview:large","max-video-preview":"max-video-preview:-1"},"canonical":"https:\/\/www.uruloki.org\/felipeblog\/4ojos-estudio-curso-de-efectos-especiales-de-maquillaje","og_locale":"es_ES","og_type":"article","og_title":"4ojos Estudio: Curso de Efectos Especiales de Maquillaje... - Uruloki :: Blog","og_description":"Tras muchos a&ntilde;os siguiendo el desarrollo profesional de Alberto Hortas me ha surgido la oportunidad de colaborar con &eacute;l, a modo promocional, en el lanzamiento de un nuevo proyecto personal en el que se ha embarcado. Alberto Hortas fund&oacute; hace un tiempo un estudio de efectos especiales llamada 4ojos Estudio y ahora da un paso [&hellip;]","og_url":"https:\/\/www.uruloki.org\/felipeblog\/4ojos-estudio-curso-de-efectos-especiales-de-maquillaje","og_site_name":"Uruloki :: Blog","article_publisher":"https:\/\/www.facebook.com\/uruloki.org","og_image":[{"url":"https:\/\/uruloki.org\/felipeblog\/images2011-2\/20110928-4ojosestudiocursos.jpg","type":"","width":"","height":""}],"twitter_card":"summary_large_image","twitter_site":"@uruloki","twitter_misc":{"Tiempo de lectura":"7 minutos"},"schema":{"@context":"https:\/\/schema.org","@graph":[{"@type":"WebPage","@id":"https:\/\/www.uruloki.org\/felipeblog\/4ojos-estudio-curso-de-efectos-especiales-de-maquillaje","url":"https:\/\/www.uruloki.org\/felipeblog\/4ojos-estudio-curso-de-efectos-especiales-de-maquillaje","name":"4ojos Estudio: Curso de Efectos Especiales de Maquillaje... - Uruloki :: Blog","isPartOf":{"@id":"https:\/\/www.uruloki.org\/felipeblog\/#website"},"primaryImageOfPage":{"@id":"https:\/\/www.uruloki.org\/felipeblog\/4ojos-estudio-curso-de-efectos-especiales-de-maquillaje#primaryimage"},"image":{"@id":"https:\/\/www.uruloki.org\/felipeblog\/4ojos-estudio-curso-de-efectos-especiales-de-maquillaje#primaryimage"},"thumbnailUrl":"https:\/\/uruloki.org\/felipeblog\/images2011-2\/20110928-4ojosestudiocursos.jpg","datePublished":"2011-09-28T17:02:10+00:00","dateModified":"2011-09-28T17:02:10+00:00","breadcrumb":{"@id":"https:\/\/www.uruloki.org\/felipeblog\/4ojos-estudio-curso-de-efectos-especiales-de-maquillaje#breadcrumb"},"inLanguage":"es","potentialAction":[{"@type":"ReadAction","target":["https:\/\/www.uruloki.org\/felipeblog\/4ojos-estudio-curso-de-efectos-especiales-de-maquillaje"]}]},{"@type":"ImageObject","inLanguage":"es","@id":"https:\/\/www.uruloki.org\/felipeblog\/4ojos-estudio-curso-de-efectos-especiales-de-maquillaje#primaryimage","url":"https:\/\/uruloki.org\/felipeblog\/images2011-2\/20110928-4ojosestudiocursos.jpg","contentUrl":"https:\/\/uruloki.org\/felipeblog\/images2011-2\/20110928-4ojosestudiocursos.jpg"},{"@type":"BreadcrumbList","@id":"https:\/\/www.uruloki.org\/felipeblog\/4ojos-estudio-curso-de-efectos-especiales-de-maquillaje#breadcrumb","itemListElement":[{"@type":"ListItem","position":1,"name":"Portada","item":"https:\/\/www.uruloki.org\/felipeblog"},{"@type":"ListItem","position":2,"name":"4ojos Estudio: Curso de Efectos Especiales de Maquillaje&#8230;"}]},{"@type":"WebSite","@id":"https:\/\/www.uruloki.org\/felipeblog\/#website","url":"https:\/\/www.uruloki.org\/felipeblog\/","name":"Uruloki :: Blog","description":"Blog de cine, terror, ciencia ficci\u00f3n, fantas\u00eda y c\u00f3mics","potentialAction":[{"@type":"SearchAction","target":{"@type":"EntryPoint","urlTemplate":"https:\/\/www.uruloki.org\/felipeblog\/?s={search_term_string}"},"query-input":{"@type":"PropertyValueSpecification","valueRequired":true,"valueName":"search_term_string"}}],"inLanguage":"es"}]}},"_links":{"self":[{"href":"https:\/\/www.uruloki.org\/felipeblog\/wp-json\/wp\/v2\/pages\/6493","targetHints":{"allow":["GET"]}}],"collection":[{"href":"https:\/\/www.uruloki.org\/felipeblog\/wp-json\/wp\/v2\/pages"}],"about":[{"href":"https:\/\/www.uruloki.org\/felipeblog\/wp-json\/wp\/v2\/types\/page"}],"author":[{"embeddable":true,"href":"https:\/\/www.uruloki.org\/felipeblog\/wp-json\/wp\/v2\/users\/28"}],"replies":[{"embeddable":true,"href":"https:\/\/www.uruloki.org\/felipeblog\/wp-json\/wp\/v2\/comments?post=6493"}],"version-history":[{"count":1,"href":"https:\/\/www.uruloki.org\/felipeblog\/wp-json\/wp\/v2\/pages\/6493\/revisions"}],"predecessor-version":[{"id":6494,"href":"https:\/\/www.uruloki.org\/felipeblog\/wp-json\/wp\/v2\/pages\/6493\/revisions\/6494"}],"wp:attachment":[{"href":"https:\/\/www.uruloki.org\/felipeblog\/wp-json\/wp\/v2\/media?parent=6493"}],"curies":[{"name":"wp","href":"https:\/\/api.w.org\/{rel}","templated":true}]}}