{"id":6105,"date":"2011-07-21T17:27:27","date_gmt":"2011-07-21T15:27:27","guid":{"rendered":"https:\/\/uruloki.org\/felipeblog\/?page_id=6105"},"modified":"2011-07-26T21:19:28","modified_gmt":"2011-07-26T19:19:28","slug":"enlaces-de-las-noticias-de-la-comic-con-de-san-diego-2011","status":"publish","type":"page","link":"https:\/\/www.uruloki.org\/felipeblog\/enlaces-de-las-noticias-de-la-comic-con-de-san-diego-2011","title":{"rendered":"Enlaces de las noticias de la Comic-Con de San Diego 2011&#8230;"},"content":{"rendered":"<p>Esta p&aacute;gina la ir&eacute; actualizando con las diferentes entradas que escriba relativas a los acontecimientos que tengan lugar en la Comic-Con de San Diego 2011.<\/p>\n<p>Martes 26 de julio<\/p>\n<ul>\n<li><a href=\"https:\/\/uruloki.org\/felipeblog\/cine-de-ciencia-ficcin\/comic-con-2011-restos-en-forma-de-impagables-clips-de-tucker-dale-vs-evil-omfg-capitn-amrica-el-primer-vengador-noche-de-miedo-y-el-trailer-de-la-segunda-parte-de-la-nueva\">Comic-Con 2011: Restos en forma de impagables clips de Tucker &amp; Dale vs. Evil (OMFG), Capit&aacute;n Am&eacute;rica: el primer vengador, Noche de miedo y el trailer de la segunda parte de la nueva temporada de &quot;Doctor Who&quot;&hellip;<\/a><\/li>\n<\/ul>\n<p>Lunes 25 de julio<\/p>\n<ul>\n<li><a href=\"https:\/\/uruloki.org\/felipeblog\/cine-de-ciencia-ficcin\/comic-con-2011-carteles-comic-con-para-cowboys-aliens-y-the-divide-jon-favreau-habla-de-iron-man-3-y-cita-al-mandarn-marvel-studios-retiene-a-blade-y-el-castigador-y-no-piensa-hacer-n\">Comic-Con 2011: Carteles Comic-Con para Cowboys &amp; Aliens y The Divide, Jon Favreau habla de Iron Man 3 y cita al Mandar&iacute;n, Marvel Studios retiene a Blade y El Castigador y no piensa hacer nada con ellos a corto plazo, un nuevo fichaje para The Dark Knight Rises y Guillermo del Toro habla de &quot;Hulk&quot;, Pacific Rim y Hellboy 3 (todav&iacute;a es posible)&hellip;<\/a><\/li>\n<\/ul>\n<p>Domingo 24 de julio<\/p>\n<ul>\n<li><a href=\"https:\/\/uruloki.org\/felipeblog\/cine-de-ciencia-ficcin\/comic-con-2011-el-nuevo-trailer-de-el-origen-del-planeta-de-los-simios-spoilers\">Comic-Con 2011: El nuevo trailer de El origen del planeta de los simios (SPOILERS)&hellip;<\/a><\/li>\n<li><a href=\"https:\/\/uruloki.org\/felipeblog\/cine-de-cmics\/comic-con-2011-y-con-hulk-ya-los-tenemos-a-todos-para-the-avengers-as-que-vengadores-reunos\">Comic-Con 2011: Y con Hulk ya los tenemos a todos para The Avengers, as&iacute; que &iexcl;&iexcl;Vengadores reun&iacute;os!!&hellip;<\/a><\/li>\n<li><a href=\"https:\/\/uruloki.org\/felipeblog\/cine-de-terror\/comic-con-2011-prepararos-para-disfrutar-de-un-nuevo-cult-film-es-la-hora-de-knights-of-badassdom\">Comic-Con 2011: Prepararos para disfrutar de un nuevo cult film, es la hora de Knights of Badassdom!&hellip;<\/a><\/li>\n<li><a href=\"https:\/\/uruloki.org\/felipeblog\/cine-de-fantasa\/comic-con-2011-snow-white-and-the-huntsman-ofrecer-un-enfoque-inesperado-y-sorprendente-del-cuento-clsico-de-blancanieves\">Comic-Con 2011: Snow White and the Huntsman ofrecer&aacute; un enfoque inesperado y sorprendente del cuento cl&aacute;sico de Blancanieves&hellip;<\/a><\/li>\n<\/ul>\n<p>S&aacute;bado 23 de julio<\/p>\n<ul>\n<li><a href=\"https:\/\/uruloki.org\/felipeblog\/cine-de-cmics\/comic-con-2011-con-thor-y-nick-furia-ya-solo-nos-falta-hulk-para-tener-a-todo-el-equipo-de-the-avengers-y-ojo-con-el-secreto-oculto-que-viene-de-regalo\">Comic-Con 2011: Con Thor y Nick Furia ya solo nos falta Hulk para tener a todo el equipo de The Avengers, y ojo con el secreto oculto que viene de regalo&hellip;<\/a><\/li>\n<li><a href=\"https:\/\/uruloki.org\/felipeblog\/cine\/comic-con-2011-cuatro-carteles-de-the-avengers-steven-spielberg-habla-de-jurassic-park-4-y-nos-emplaza-a-dentro-de-dos-o-tres-aos-nueva-imagen-de-las-aventuras-de-tintn-el-secreto\">Comic-Con 2011: Cuatro carteles de The Avengers, Steven Spielberg habla de Jurassic Park 4 y nos emplaza a dentro de dos o tres a&ntilde;os, nueva imagen de Las aventuras de Tint&iacute;n: el secreto del Unicornio, Rhys Ifans niega los rumores que le colocaban en Bond 23, el c&oacute;mic zombi vamp&iacute;rico Lost Blood en manos de Simon Hunter y tendremos serie de televisi&oacute;n de Scanners con Alexandre Aja a los mandos&hellip;<\/a><\/li>\n<li><a href=\"https:\/\/uruloki.org\/felipeblog\/cine-de-ciencia-ficcin\/comic-con-2011-descripcin-de-los-paneles-de-ghost-rider-spirit-of-vengeance-the-amazing-spider-man-con-el-primer-vistazo-a-un-extrao-lagarto-todos-los-proyectos-de-legendary-pict\">Comic-Con 2011: descripci&oacute;n de los paneles de Ghost Rider: Spirit of Vengeance, The Amazing Spider-Man (con el primer vistazo a un extra&ntilde;o Lagarto), todos los proyectos de Legendary Pictures (Pacific Rim, Paradise Lost, The Seventh Son y Mass Effect) y de regalo un nuevo cartel de Immortals&hellip;<\/a><\/li>\n<li><a href=\"https:\/\/uruloki.org\/felipeblog\/cine-de-terror\/comic-con-2011-casi-cinco-minutos-de-avance-para-la-segunda-temporada-de-the-walking-dead\">Comic-Con 2011: Casi cinco minutos de avance para la segunda temporada de &quot;The Walking Dead&quot;&hellip;<\/a><\/li>\n<li><a href=\"https:\/\/uruloki.org\/felipeblog\/cine\/comic-con-2011-el-primer-cartel-y-trailer-de-haywire-de-steven-soderbergh-acojonante-es-poco\">Comic-Con 2011: El primer cartel y trailer de Haywire de Steven Soderbergh (acojonante es poco)&hellip;<\/a><\/li>\n<\/ul>\n<p>Viernes 22 de julio<\/p>\n<ul>\n<li><a href=\"https:\/\/uruloki.org\/felipeblog\/cine-de-terror\/comic-con-2011-un-magistral-cartel-de-la-segunda-temporada-de-the-walking-dead-y-la-que-se-nos-viene-encima-con-zombie-apocalypse-accin-zombis-cine-blico-artes-marc\">Comic-Con 2011: Un magistral cartel de la segunda temporada de &quot;The Walking Dead&quot; y la que se nos viene encima con Zombie Apocalypse (acci&oacute;n + zombis + cine b&eacute;lico + artes marciales)&hellip;<\/a><\/li>\n<li><a href=\"https:\/\/uruloki.org\/felipeblog\/cine-de-ciencia-ficcin\/comic-con-2011-trailer-de-la-sexta-temporada-de-dexter-el-trailer-definitivo-de-intruders-y-en-espaol-un-nuevo-clip-de-el-origen-del-planeta-de-los-simios-y-el-nuevo-trailer-de\">Comic-Con 2011: Trailer de la sexta temporada de &quot;Dexter&quot;, el trailer definitivo de Intruders y en espa&ntilde;ol, un nuevo clip de El origen del planeta de los simios y el nuevo trailer de Paranormal Activity 3&hellip;<\/a><\/li>\n<li><a href=\"https:\/\/uruloki.org\/felipeblog\/cine-de-ciencia-ficcin\/comic-con-2011-dos-carteles-de-ghost-rider-spirit-of-vengeance-voltron-vuelve-a-apuntar-al-cine-lo-mismo-que-sin-city-a-dame-to-kill-for-o-la-versin-en-accin-real-de-tygra-hielo\">Comic-Con 2011: Dos carteles de Ghost Rider: Spirit of Vengeance, Voltron vuelve a apuntar al cine, lo mismo que Sin City: A Dame to Kill For o la versi&oacute;n en acci&oacute;n real de Tygra: Hielo y Fuego, Dredd ya tiene fecha de estreno y alucinante sinopsis del relanzamiento de El hombre lobo por Universal Pictures&hellip;<\/a><\/li>\n<li><a href=\"https:\/\/uruloki.org\/felipeblog\/cine-de-ciencia-ficcin\/comic-con-2011-dos-carteles-de-ghost-rider-spirit-of-vengeance-voltron-vuelve-a-apuntar-al-cine-lo-mismo-que-sin-city-a-dame-to-kill-for-o-la-versin-en-accin-real-de-tygra-hielo\">Comic-Con 2011: Panel de Prometheus, descripci&oacute;n del metraje, sorpresas inesperadas y una im&aacute;genes del film&hellip;<\/a><\/li>\n<li><a href=\"https:\/\/uruloki.org\/felipeblog\/cine-de-ciencia-ficcin\/comic-con-2011-panel-de-prometheus-descripcin-del-metraje-sorpresas-inesperadas-y-dos-imgenes-del-film\">Comic-Con 2011: Panel de Prometheus, descripci&oacute;n del metraje, sorpresas inesperadas y una im&aacute;genes del film&hellip;<\/a><\/li>\n<li><a href=\"https:\/\/uruloki.org\/felipeblog\/cine\/comic-con-2011-genial-primer-trailer-red-band-de-drive-de-nicolas-winding-refn-hugh-jackman-confirma-al-villano-en-the-wolverine-rick-baker-habla-y-muestra-algunos-de-los-aliens-en-hombres-de-negro\">Comic-Con 2011: Genial primer trailer red band de Drive de Nicolas Winding Refn, Hugh Jackman confirma al villano en The Wolverine, Rick Baker habla y muestra algunos de los aliens en Hombres de Negro III, el primer cartel de The Raven, Heavy Metal ahora es de Robert Rodriguez (chao David Fincher), Machete Kills ya tiene luz verde y su tercera parte se titular&aacute; Machete Kills Again&hellip; in Space!&hellip;<\/a><\/li>\n<li><a href=\"https:\/\/uruloki.org\/felipeblog\/cine-de-fantasa\/comic-con-2011-todos-los-enanos-de-the-hobbit-an-unexpected-journey-y-the-hobbit-there-and-back-again-juntos\">Comic-Con 2011: Todos los enanos de The Hobbit: An Unexpected Journey y The Hobbit: There and Back Again juntos&hellip;<\/a><\/li>\n<li><a href=\"https:\/\/uruloki.org\/felipeblog\/cine-de-ciencia-ficcin\/comic-con-2011-primer-trailer-y-carteles-del-film-de-ciencia-ficcin-in-time-de-andrew-niccol\">Comic-Con 2011: Primer trailer y carteles del film de ciencia ficci&oacute;n In Time de Andrew Niccol&hellip;<\/a><\/li>\n<li><a href=\"https:\/\/uruloki.org\/felipeblog\/cine-de-ciencia-ficcin\/comic-con-2011-las-primeras-imgenes-oficiales-de-prometheus-y-the-brothers-grimm-snow-white-ven-la-luz-anuncian-la-pelcula-de-accin-real-de-afro-samurai-warner-bros-aplaza\">Comic-Con 2011: Las primeras im&aacute;genes oficiales de Prometheus y The Brothers Grimm: Snow White ven la luz, anuncian la pel&iacute;cula de acci&oacute;n real de Afro Samurai, Warner Bros. aplaza el estreno de Man of Steel a un lejano junio del 2013, el c&oacute;mic &quot;Chickenhare&quot; dar&aacute; el salto al cine y nuevo concept art del futuro film de Riddick&hellip;<\/a><\/li>\n<\/ul>\n<p>Jueves 21 de julio <\/p>\n<ul>\n<li><a href=\"https:\/\/uruloki.org\/felipeblog\/cine\/comic-con-2011-primera-imagen-de-the-darkest-hour-y-nuevas-de-immortals-the-raven-y-shark-night-3d-paradise-lost-apunta-a-despiporre-visual-de-dimensiones-estratosfricas-y-abrumadoras-the\">Comic-Con 2011: Primera imagen de The Darkest Hour y nuevas de Immortals, The Raven y Shark Night 3D, Paradise Lost apunta a despiporre visual de dimensiones estratosf&eacute;ricas y abrumadoras, The Lone Ranger y The Texas Chainsaw Massacre 3D siguen fichando gente, la Trilog&iacute;a de la Oscuridad de Guillermo del Toro ahora se pasa a c&oacute;mic y &iquest;comienza la campa&ntilde;a viral de Elysium?&hellip;<\/a><\/li>\n<li><a href=\"https:\/\/uruloki.org\/felipeblog\/cine-de-ciencia-ficcin\/comic-con-2011-carteles-de-the-amazing-spider-man-y-contagion-para-la-feria-hilary-swank-protagonizar-y-producir-la-adaptacin-comiquera-de-shrapnel-the-cabin-in\">Comic-Con 2011: carteles de The Amazing Spider-Man y Contagion para la feria, Hilary Swank protagonizar&aacute; y producir&aacute; la adaptaci&oacute;n comiquera de &quot;Shrapnel&quot;, The Cabin in the Woods acumula otro a&ntilde;o m&aacute;s de retraso (WTF), el remake de 1997: rescate en Nueva York se cancela en Warner Bros., genial web para No tengas miedo a la oscuridad, el film de terror Mama ya tiene protagonista y Jeff Smith habla de la adaptaci&oacute;n de &quot;Bone&quot;&hellip;<\/a><\/li>\n<li><a href=\"https:\/\/uruloki.org\/felipeblog\/cine-de-cmics\/comic-con-2011-marvel-arranca-fuerte-con-el-nuevo-cartel-de-the-avengers-y-la-web-oficial-del-film\">Comic-Con 2011: Marvel arranca fuerte con el nuevo cartel de The Avengers y la web oficial del film&hellip;<\/a><\/li>\n<\/ul>\n<p>Programa cinematogr&aacute;fico destacado<\/p>\n<ul>\n<li><a href=\"https:\/\/uruloki.org\/felipeblog\/cine-de-terror\/comic-con-2011-lo-mejor-de-la-jornada-del-sbado-y-domingo-y-primeras-imgenes-de-knights-of-badassdom-o-un-nuevo-vistazo-a-karl-urban-como-dredd\">Comic-Con 2011: lo mejor de la jornada del s&aacute;bado y domingo y primeras im&aacute;genes de Knights of Badassdom o un nuevo vistazo a Karl Urban como Dredd&hellip;<\/a><\/li>\n<li><a href=\"https:\/\/uruloki.org\/felipeblog\/cine-de-cmics\/comic-con-2011-resumen-del-viernes-acompaado-de-algunas-nuevas-imgenes-de-the-amazing-spider-man-y-van-15\">Comic-Con 2011: Resumen del viernes acompa&ntilde;ado de algunas nuevas im&aacute;genes de The Amazing Spider-Man (y van 15)&hellip;<\/a><\/li>\n<li><a href=\"https:\/\/uruloki.org\/felipeblog\/cine\/comic-con-2011-lo-que-nos-espera-el-mircoles-y-jueves-ms-los-primeros-carteles-de-sherlock-holmes-a-game-of-shadows\">Comic-Con 2011: lo que nos espera el mi&eacute;rcoles y jueves m&aacute;s los primeros carteles de Sherlock Holmes: A Game of Shadows&hellip;<\/a><\/li>\n<\/ul>\n","protected":false},"excerpt":{"rendered":"<p>Esta p&aacute;gina la ir&eacute; actualizando con las diferentes entradas que escriba relativas a los acontecimientos que tengan lugar en la Comic-Con de San Diego 2011. Martes 26 de julio Comic-Con 2011: Restos en forma de impagables clips de Tucker &amp; Dale vs. Evil (OMFG), Capit&aacute;n Am&eacute;rica: el primer vengador, Noche de miedo y el trailer [&hellip;]<\/p>\n","protected":false},"author":28,"featured_media":0,"parent":0,"menu_order":0,"comment_status":"open","ping_status":"open","template":"","meta":{"footnotes":""},"class_list":["post-6105","page","type-page","status-publish","hentry"],"yoast_head":"<!-- This site is optimized with the Yoast SEO plugin v27.5 - https:\/\/yoast.com\/product\/yoast-seo-wordpress\/ -->\n<title>Enlaces de las noticias de la Comic-Con de San Diego 2011... - Uruloki :: Blog<\/title>\n<meta name=\"robots\" content=\"index, follow, max-snippet:-1, max-image-preview:large, max-video-preview:-1\" \/>\n<link rel=\"canonical\" href=\"https:\/\/www.uruloki.org\/felipeblog\/enlaces-de-las-noticias-de-la-comic-con-de-san-diego-2011\" \/>\n<meta property=\"og:locale\" content=\"es_ES\" \/>\n<meta property=\"og:type\" content=\"article\" \/>\n<meta property=\"og:title\" content=\"Enlaces de las noticias de la Comic-Con de San Diego 2011... - Uruloki :: Blog\" \/>\n<meta property=\"og:description\" content=\"Esta p&aacute;gina la ir&eacute; actualizando con las diferentes entradas que escriba relativas a los acontecimientos que tengan lugar en la Comic-Con de San Diego 2011. Martes 26 de julio Comic-Con 2011: Restos en forma de impagables clips de Tucker &amp; Dale vs. Evil (OMFG), Capit&aacute;n Am&eacute;rica: el primer vengador, Noche de miedo y el trailer [&hellip;]\" \/>\n<meta property=\"og:url\" content=\"https:\/\/www.uruloki.org\/felipeblog\/enlaces-de-las-noticias-de-la-comic-con-de-san-diego-2011\" \/>\n<meta property=\"og:site_name\" content=\"Uruloki :: Blog\" \/>\n<meta property=\"article:publisher\" content=\"https:\/\/www.facebook.com\/uruloki.org\" \/>\n<meta property=\"article:modified_time\" content=\"2011-07-26T19:19:28+00:00\" \/>\n<meta name=\"twitter:card\" content=\"summary_large_image\" \/>\n<meta name=\"twitter:site\" content=\"@uruloki\" \/>\n<meta name=\"twitter:label1\" content=\"Tiempo de lectura\" \/>\n\t<meta name=\"twitter:data1\" content=\"5 minutos\" \/>\n<script type=\"application\/ld+json\" class=\"yoast-schema-graph\">{\"@context\":\"https:\\\/\\\/schema.org\",\"@graph\":[{\"@type\":\"WebPage\",\"@id\":\"https:\\\/\\\/www.uruloki.org\\\/felipeblog\\\/enlaces-de-las-noticias-de-la-comic-con-de-san-diego-2011\",\"url\":\"https:\\\/\\\/www.uruloki.org\\\/felipeblog\\\/enlaces-de-las-noticias-de-la-comic-con-de-san-diego-2011\",\"name\":\"Enlaces de las noticias de la Comic-Con de San Diego 2011... - Uruloki :: Blog\",\"isPartOf\":{\"@id\":\"https:\\\/\\\/www.uruloki.org\\\/felipeblog\\\/#website\"},\"datePublished\":\"2011-07-21T15:27:27+00:00\",\"dateModified\":\"2011-07-26T19:19:28+00:00\",\"breadcrumb\":{\"@id\":\"https:\\\/\\\/www.uruloki.org\\\/felipeblog\\\/enlaces-de-las-noticias-de-la-comic-con-de-san-diego-2011#breadcrumb\"},\"inLanguage\":\"es\",\"potentialAction\":[{\"@type\":\"ReadAction\",\"target\":[\"https:\\\/\\\/www.uruloki.org\\\/felipeblog\\\/enlaces-de-las-noticias-de-la-comic-con-de-san-diego-2011\"]}]},{\"@type\":\"BreadcrumbList\",\"@id\":\"https:\\\/\\\/www.uruloki.org\\\/felipeblog\\\/enlaces-de-las-noticias-de-la-comic-con-de-san-diego-2011#breadcrumb\",\"itemListElement\":[{\"@type\":\"ListItem\",\"position\":1,\"name\":\"Portada\",\"item\":\"https:\\\/\\\/www.uruloki.org\\\/felipeblog\"},{\"@type\":\"ListItem\",\"position\":2,\"name\":\"Enlaces de las noticias de la Comic-Con de San Diego 2011&#8230;\"}]},{\"@type\":\"WebSite\",\"@id\":\"https:\\\/\\\/www.uruloki.org\\\/felipeblog\\\/#website\",\"url\":\"https:\\\/\\\/www.uruloki.org\\\/felipeblog\\\/\",\"name\":\"Uruloki :: Blog\",\"description\":\"Blog de cine, terror, ciencia ficci\u00f3n, fantas\u00eda y c\u00f3mics\",\"potentialAction\":[{\"@type\":\"SearchAction\",\"target\":{\"@type\":\"EntryPoint\",\"urlTemplate\":\"https:\\\/\\\/www.uruloki.org\\\/felipeblog\\\/?s={search_term_string}\"},\"query-input\":{\"@type\":\"PropertyValueSpecification\",\"valueRequired\":true,\"valueName\":\"search_term_string\"}}],\"inLanguage\":\"es\"}]}<\/script>\n<!-- \/ Yoast SEO plugin. -->","yoast_head_json":{"title":"Enlaces de las noticias de la Comic-Con de San Diego 2011... - Uruloki :: Blog","robots":{"index":"index","follow":"follow","max-snippet":"max-snippet:-1","max-image-preview":"max-image-preview:large","max-video-preview":"max-video-preview:-1"},"canonical":"https:\/\/www.uruloki.org\/felipeblog\/enlaces-de-las-noticias-de-la-comic-con-de-san-diego-2011","og_locale":"es_ES","og_type":"article","og_title":"Enlaces de las noticias de la Comic-Con de San Diego 2011... - Uruloki :: Blog","og_description":"Esta p&aacute;gina la ir&eacute; actualizando con las diferentes entradas que escriba relativas a los acontecimientos que tengan lugar en la Comic-Con de San Diego 2011. Martes 26 de julio Comic-Con 2011: Restos en forma de impagables clips de Tucker &amp; Dale vs. Evil (OMFG), Capit&aacute;n Am&eacute;rica: el primer vengador, Noche de miedo y el trailer [&hellip;]","og_url":"https:\/\/www.uruloki.org\/felipeblog\/enlaces-de-las-noticias-de-la-comic-con-de-san-diego-2011","og_site_name":"Uruloki :: Blog","article_publisher":"https:\/\/www.facebook.com\/uruloki.org","article_modified_time":"2011-07-26T19:19:28+00:00","twitter_card":"summary_large_image","twitter_site":"@uruloki","twitter_misc":{"Tiempo de lectura":"5 minutos"},"schema":{"@context":"https:\/\/schema.org","@graph":[{"@type":"WebPage","@id":"https:\/\/www.uruloki.org\/felipeblog\/enlaces-de-las-noticias-de-la-comic-con-de-san-diego-2011","url":"https:\/\/www.uruloki.org\/felipeblog\/enlaces-de-las-noticias-de-la-comic-con-de-san-diego-2011","name":"Enlaces de las noticias de la Comic-Con de San Diego 2011... - Uruloki :: Blog","isPartOf":{"@id":"https:\/\/www.uruloki.org\/felipeblog\/#website"},"datePublished":"2011-07-21T15:27:27+00:00","dateModified":"2011-07-26T19:19:28+00:00","breadcrumb":{"@id":"https:\/\/www.uruloki.org\/felipeblog\/enlaces-de-las-noticias-de-la-comic-con-de-san-diego-2011#breadcrumb"},"inLanguage":"es","potentialAction":[{"@type":"ReadAction","target":["https:\/\/www.uruloki.org\/felipeblog\/enlaces-de-las-noticias-de-la-comic-con-de-san-diego-2011"]}]},{"@type":"BreadcrumbList","@id":"https:\/\/www.uruloki.org\/felipeblog\/enlaces-de-las-noticias-de-la-comic-con-de-san-diego-2011#breadcrumb","itemListElement":[{"@type":"ListItem","position":1,"name":"Portada","item":"https:\/\/www.uruloki.org\/felipeblog"},{"@type":"ListItem","position":2,"name":"Enlaces de las noticias de la Comic-Con de San Diego 2011&#8230;"}]},{"@type":"WebSite","@id":"https:\/\/www.uruloki.org\/felipeblog\/#website","url":"https:\/\/www.uruloki.org\/felipeblog\/","name":"Uruloki :: Blog","description":"Blog de cine, terror, ciencia ficci\u00f3n, fantas\u00eda y c\u00f3mics","potentialAction":[{"@type":"SearchAction","target":{"@type":"EntryPoint","urlTemplate":"https:\/\/www.uruloki.org\/felipeblog\/?s={search_term_string}"},"query-input":{"@type":"PropertyValueSpecification","valueRequired":true,"valueName":"search_term_string"}}],"inLanguage":"es"}]}},"_links":{"self":[{"href":"https:\/\/www.uruloki.org\/felipeblog\/wp-json\/wp\/v2\/pages\/6105","targetHints":{"allow":["GET"]}}],"collection":[{"href":"https:\/\/www.uruloki.org\/felipeblog\/wp-json\/wp\/v2\/pages"}],"about":[{"href":"https:\/\/www.uruloki.org\/felipeblog\/wp-json\/wp\/v2\/types\/page"}],"author":[{"embeddable":true,"href":"https:\/\/www.uruloki.org\/felipeblog\/wp-json\/wp\/v2\/users\/28"}],"replies":[{"embeddable":true,"href":"https:\/\/www.uruloki.org\/felipeblog\/wp-json\/wp\/v2\/comments?post=6105"}],"version-history":[{"count":9,"href":"https:\/\/www.uruloki.org\/felipeblog\/wp-json\/wp\/v2\/pages\/6105\/revisions"}],"predecessor-version":[{"id":6175,"href":"https:\/\/www.uruloki.org\/felipeblog\/wp-json\/wp\/v2\/pages\/6105\/revisions\/6175"}],"wp:attachment":[{"href":"https:\/\/www.uruloki.org\/felipeblog\/wp-json\/wp\/v2\/media?parent=6105"}],"curies":[{"name":"wp","href":"https:\/\/api.w.org\/{rel}","templated":true}]}}