{"id":5532,"date":"2011-04-07T00:22:38","date_gmt":"2011-04-06T22:22:38","guid":{"rendered":"https:\/\/uruloki.org\/felipeblog\/?page_id=5532"},"modified":"2011-04-07T00:22:38","modified_gmt":"2011-04-06T22:22:38","slug":"la-saga-mortal-kombat-en-dvd-y-blu-ray-a-partir-del-19-de-abril-y-el-videojuego-el-26","status":"publish","type":"page","link":"https:\/\/www.uruloki.org\/felipeblog\/la-saga-mortal-kombat-en-dvd-y-blu-ray-a-partir-del-19-de-abril-y-el-videojuego-el-26","title":{"rendered":"La saga Mortal Kombat en DVD y Blu-Ray a partir del 19 de abril (y el videojuego el 26)&#8230;"},"content":{"rendered":"<p>Pues si se&ntilde;ores, una de las sagas de viodejuegos m&aacute;s violentas de la historia ve por fin como los dos films que hasta el momento se han hecho de sus aventuras vuelve a ser reeditados en formato DVD y, por primera vez, en alta definici&oacute;n gracias al Blu-Ray! <strong>Warner Home Video Espa&ntilde;a<\/strong> nos presenta <a href=\"http:\/\/www.imdb.es\/title\/tt0113855\/\">Mortal Kombat<\/a> (1995) de <a href=\"http:\/\/www.imdb.es\/name\/nm0027271\/\">Paul W.S. Anderson<\/a> y <a href=\"http:\/\/www.imdb.es\/title\/tt0119707\/\">Mortal Kombat Aniquilaci&oacute;n<\/a> (<em>Mortal Kombat: Annihilation<\/em>, 1997) de <a href=\"http:\/\/www.imdb.es\/name\/nm0502954\/\">John R. Leoneti<\/a>, y nos da una nueva oportunidad para rememorar las grandes batallas que han protagonizado <strong>Liu Kang<\/strong> (<a href=\"http:\/\/www.imdb.es\/name\/nm0795225\/\">Robin Shou<\/a>), <strong>Johnny Cage<\/strong> (<a href=\"http:\/\/www.imdb.es\/name\/nm0000798\/\">Linden Ashby<\/a> \/ <a href=\"http:\/\/www.imdb.es\/name\/nm0381524\/\">Chris Conrad<\/a>) o <strong>Sonya Blade<\/strong> (<a href=\"http:\/\/www.imdb.es\/name\/nm0933098\/\">Bridgette Wilson<\/a> \/ <a href=\"http:\/\/www.imdb.es\/name\/nm0381524\/\">Sandra Hess<\/a>), siempre bajo el control de <strong>Rayden<\/strong> (<a href=\"http:\/\/www.imdb.es\/name\/nm0000483\/\">Christopher Lambert<\/a> \/ <a href=\"http:\/\/www.imdb.es\/name\/nm0001664\/\">James Remar<\/a>), frente a <strong>Scorpion<\/strong>, <strong>Sub-Zero<\/strong>, <strong>Shang Tsung<\/strong>, <strong>Reptile<\/strong>, <strong>Goro<\/strong>, <strong>Jade<\/strong>, <strong>Nightwolf<\/strong>, <strong>Motaro<\/strong>, etc. Vamos, el ciento y la madre de combates imposibles tanto en este como en el inframundo. <\/p>\n<p class=\"centrado\"><img loading=\"lazy\" decoding=\"async\" src=\"https:\/\/uruloki.org\/felipeblog\/images2011-1\/20110406-mortal-kombat.jpg\" alt=\"Mortal Kombat\" width=\"400\" height=\"571\" \/><\/p>\n<p>El Blu-Ray de <strong>Mortal Kombat<\/strong> presenta estas caracter&iacute;sticas:<\/p>\n<ul>\n<li><strong>Contenido:<\/strong> 1 Disco.<\/li>\n<li><strong>Imagen:<\/strong> 1.85:1 1080p (Alta Definici&oacute;n).<\/li>\n<li><strong>Audio:<\/strong>\n<ul>\n<li>DTS-HD Master Audio 5.1 Ingl&eacute;s.<\/li>\n<li>Dolby Digital 5.1 Castellano, Alem&aacute;n, Italiano, Tailand&eacute;s, Turco.<\/li>\n<\/ul>\n<\/li>\n<li><strong>Subt&iacute;tulos:<\/strong> Castellano, Italiano, Portugu&eacute;s, Holand&eacute;s, Ingl&eacute;s para sordos, Alem&aacute;n para sordos. <\/li>\n<li><strong>Extras:<\/strong>\n<ul>\n<li>Mortal Kombat: comienza el viaje.<\/li>\n<li>Tr&aacute;iler cinematogr&aacute;fico.<\/li>\n<\/ul>\n<\/li>\n<\/ul>\n<p class=\"centrado\"><img loading=\"lazy\" decoding=\"async\" src=\"https:\/\/uruloki.org\/felipeblog\/images2011-1\/20110406-mortal-kombat-aniquilacion.jpg\" alt=\"Mortal Kombat Aniquilaci&oacute;n\" width=\"400\" height=\"571\" \/><\/p>\n<p>El Blu-Ray de <strong>Mortal Kombat Aniquilaci&oacute;n<\/strong> presenta estas caracter&iacute;sticas:<\/p>\n<ul>\n<li><strong>Contenido:<\/strong> 1 Disco.<\/li>\n<li><strong>Imagen:<\/strong> 1.85:1 1080p (Alta Definici&oacute;n).<\/li>\n<li><strong>Audio:<\/strong>\n<ul>\n<li>DTS-HD Master Audio 5.1 Ingl&eacute;s.<\/li>\n<li>Dolby Digital 5.1 Castellano, Alem&aacute;n, Tailand&eacute;s, Turco.<\/li>\n<li>Dolby Digital 2.0 Franc&eacute;s, Italiano.<\/li>\n<\/ul>\n<\/li>\n<li><strong>Subt&iacute;tulos:<\/strong> Ingl&eacute;s, Castellano, Franc&eacute;s, Italiano, Portugu&eacute;s, Holand&eacute;s, Ingl&eacute;s para sordos, Alem&aacute;n para sordos. <\/li>\n<li><strong>Extras:<\/strong>\n<ul>\n<li>Trailer  <\/li>\n<\/ul>\n<\/li>\n<\/ul>\n<p>Adem&aacute;s, para que uno sea m&aacute;s feliz, los  dos&nbsp;t&iacute;tulos&nbsp;en  formato Blu-ray incluyen la descarga de la Copia Digital para poder tenerla disponible en otros soportes. Y para m&aacute;s INRI, si uno se hace con <strong>Mortal Kombat&nbsp;Aniquilaci&oacute;n<\/strong>, la descarga de la Copia  Digital de la pel&iacute;cula lleva&nbsp;una promo al consumidor vinculada a la compra  del videojuego.&nbsp;Dentro del  Blu-ray&nbsp;el consumidor encontrar&aacute; un inserto con un c&oacute;digo alfanum&eacute;rico que  le permite descargar un Traje del Personaje Cl&aacute;sico de <strong>Jade<\/strong>, que podr&aacute; utilizar  con el videojuego. Porque si, si no te hab&iacute;as enterado, <strong>el pr&oacute;ximo 26 de abril sale a la venta Mortal Kombat en formato consola<\/strong>!<\/p>\n<blockquote>\n<p>Despu&eacute;s de siglos de  Mortal Kombat, El Emperador Shao Kahn ha conseguido al fin vencer a Raiden y sus  aliados. Ante su inminente aniquilaci&oacute;n, a Raiden s&oacute;lo le queda una alternativa:  impedir la victoria del Emperador golpeando a Shao Kahn donde es vulnerable, en  su pasado.<\/p>\n<p>Mortal Kombat regresa  a sus or&iacute;genes en una brutal experiencia donde vuelven los fatalities extremos a  trav&eacute;s de un espectacular motor gr&aacute;fico. Con un argumento cautivador y un modo  historia nunca antes visto en cualquier otro juego de lucha, los jugadores  volver&aacute;n al torneo Mortal Kombat original para intentar alterar el pasado y as&iacute;  salvar el futuro.<\/p>\n<\/blockquote>\n<p class=\"centrado\"><img loading=\"lazy\" decoding=\"async\" src=\"https:\/\/uruloki.org\/felipeblog\/images2011-1\/20110406-mortal-kombat-juegos.jpg\" alt=\"Mortal Kombat en formato consola\" width=\"625\" height=\"458\" \/><\/p>\n<ul>\n<li>Formatos:  <strong>PlayStation3&reg;<\/strong>, <strong>Xbox&nbsp; 360&reg;<\/strong><\/li>\n<li>G&eacute;nero:  <strong>Lucha<\/strong><\/li>\n<li>Clasificaci&oacute;n: <strong>Pegi  18<\/strong><\/li>\n<li>Jugadores:  <strong>1-4<\/strong><\/li>\n<li>Editor: <strong>WB  Games<\/strong><\/li>\n<li>Desarrollador:  <strong>NetherRealm Studios<\/strong><\/li>\n<li>Distribuidor: <strong>WB  Games<\/strong>&nbsp;<\/li>\n<\/ul>\n<p>Y claro, en estos tiempos que corren no hay dos sin tres, y tambi&eacute;n tendremos una edici&oacute;n coleccionista del videojuego para <strong>PlayStation3&reg;<\/strong> y <strong>Xbox 360&reg;<\/strong>  que contendr&aacute;:<\/p>\n<ul>\n<li> Estuche met&aacute;lico  exclusivo con el juego.<\/li>\n<li>Figura koleccionable  de <strong>Scorpion<\/strong> y <strong>Sub-Zero<\/strong>.<\/li>\n<li>Libro de arte  exclusivo: <strong>112 p&aacute;ginas con el Arte de Mortal Kombat<\/strong>.<\/li>\n<li>Traje para un Avatar  inspirado en <strong>Mortal Kombat<\/strong>.<\/li>\n<li>Traje Ninja Retro  exclusivo.<\/li>\n<\/ul>\n<p><strong>Caracter&iacute;sticas de este nuevo lanzamiento<\/strong><\/p>\n<ul>\n<li> El regreso a un  estilo para adultos con motor de lucha 2D cl&aacute;sico. <\/li>\n<li> Un argumento  cautivador que reescribe la historia del torneo <strong>Mortal Kombat<\/strong>.<\/li>\n<li> Revitalizaci&oacute;n de la  franquicia con un nuevo componente multijugador de hasta cuatro  jugadores.<\/li>\n<li> Nueva mec&aacute;nica de  lucha muy accesible y competitiva.<\/li>\n<li> Tecnolog&iacute;a punta que  muestra alucinantes entornos y personajes en 3D.<\/li>\n<li> Nuevos modos de  juego: adem&aacute;s del modo online, cuenta con modo cooperativo arcade y muchos m&aacute;s  modos adicionales.<\/li>\n<li> Primer juego de  lucha en 3D estereosc&oacute;pico para <strong>PlayStation3&reg;<\/strong>.<\/li>\n<\/ul>\n<p><strong>Lucha Extrema<\/strong><\/p>\n<p><strong>NetherRealm Studios<\/strong> sube el list&oacute;n del g&eacute;nero de lucha con <strong>Mortal Kombat<\/strong>, ofreciendo la mezcla  perfecta de competici&oacute;n sin piedad, guerreros legendarios y espectaculares  <em>fatalities<\/em> con un realismo sin precedentes.<\/p>\n<p><strong>Komunidad On Line<\/strong><\/p>\n<p>Informaci&oacute;n constante  a los consumidores a trav&eacute;s de <strong>You Tube<\/strong>, <strong>Facebook<\/strong>, <strong>Google Analytics<\/strong> y  <strong>Tuenti<\/strong>.<\/p>\n<p><em>Todo el material aqu&iacute; expuesto es propiedad de Warner Home Video Espa&ntilde;a.<\/em><\/p>\n","protected":false},"excerpt":{"rendered":"<p>Pues si se&ntilde;ores, una de las sagas de viodejuegos m&aacute;s violentas de la historia ve por fin como los dos films que hasta el momento se han hecho de sus aventuras vuelve a ser reeditados en formato DVD y, por primera vez, en alta definici&oacute;n gracias al Blu-Ray! Warner Home Video Espa&ntilde;a nos presenta Mortal [&hellip;]<\/p>\n","protected":false},"author":28,"featured_media":0,"parent":0,"menu_order":0,"comment_status":"open","ping_status":"open","template":"","meta":{"footnotes":""},"class_list":["post-5532","page","type-page","status-publish","hentry"],"yoast_head":"<!-- This site is optimized with the Yoast SEO plugin v24.3 - https:\/\/yoast.com\/wordpress\/plugins\/seo\/ -->\n<title>La saga Mortal Kombat en DVD y Blu-Ray a partir del 19 de abril (y el videojuego el 26)... - Uruloki :: Blog<\/title>\n<meta name=\"robots\" content=\"index, follow, max-snippet:-1, max-image-preview:large, max-video-preview:-1\" \/>\n<link rel=\"canonical\" href=\"https:\/\/www.uruloki.org\/felipeblog\/la-saga-mortal-kombat-en-dvd-y-blu-ray-a-partir-del-19-de-abril-y-el-videojuego-el-26\" \/>\n<meta property=\"og:locale\" content=\"es_ES\" \/>\n<meta property=\"og:type\" content=\"article\" \/>\n<meta property=\"og:title\" content=\"La saga Mortal Kombat en DVD y Blu-Ray a partir del 19 de abril (y el videojuego el 26)... - Uruloki :: Blog\" \/>\n<meta property=\"og:description\" content=\"Pues si se&ntilde;ores, una de las sagas de viodejuegos m&aacute;s violentas de la historia ve por fin como los dos films que hasta el momento se han hecho de sus aventuras vuelve a ser reeditados en formato DVD y, por primera vez, en alta definici&oacute;n gracias al Blu-Ray! Warner Home Video Espa&ntilde;a nos presenta Mortal [&hellip;]\" \/>\n<meta property=\"og:url\" content=\"https:\/\/www.uruloki.org\/felipeblog\/la-saga-mortal-kombat-en-dvd-y-blu-ray-a-partir-del-19-de-abril-y-el-videojuego-el-26\" \/>\n<meta property=\"og:site_name\" content=\"Uruloki :: Blog\" \/>\n<meta property=\"article:publisher\" content=\"https:\/\/www.facebook.com\/uruloki.org\" \/>\n<meta property=\"og:image\" content=\"https:\/\/uruloki.org\/felipeblog\/images2011-1\/20110406-mortal-kombat.jpg\" \/>\n<meta name=\"twitter:card\" content=\"summary_large_image\" \/>\n<meta name=\"twitter:site\" content=\"@uruloki\" \/>\n<meta name=\"twitter:label1\" content=\"Tiempo de lectura\" \/>\n\t<meta name=\"twitter:data1\" content=\"4 minutos\" \/>\n<script type=\"application\/ld+json\" class=\"yoast-schema-graph\">{\"@context\":\"https:\/\/schema.org\",\"@graph\":[{\"@type\":\"WebPage\",\"@id\":\"https:\/\/www.uruloki.org\/felipeblog\/la-saga-mortal-kombat-en-dvd-y-blu-ray-a-partir-del-19-de-abril-y-el-videojuego-el-26\",\"url\":\"https:\/\/www.uruloki.org\/felipeblog\/la-saga-mortal-kombat-en-dvd-y-blu-ray-a-partir-del-19-de-abril-y-el-videojuego-el-26\",\"name\":\"La saga Mortal Kombat en DVD y Blu-Ray a partir del 19 de abril (y el videojuego el 26)... - Uruloki :: Blog\",\"isPartOf\":{\"@id\":\"https:\/\/www.uruloki.org\/felipeblog\/#website\"},\"primaryImageOfPage\":{\"@id\":\"https:\/\/www.uruloki.org\/felipeblog\/la-saga-mortal-kombat-en-dvd-y-blu-ray-a-partir-del-19-de-abril-y-el-videojuego-el-26#primaryimage\"},\"image\":{\"@id\":\"https:\/\/www.uruloki.org\/felipeblog\/la-saga-mortal-kombat-en-dvd-y-blu-ray-a-partir-del-19-de-abril-y-el-videojuego-el-26#primaryimage\"},\"thumbnailUrl\":\"https:\/\/uruloki.org\/felipeblog\/images2011-1\/20110406-mortal-kombat.jpg\",\"datePublished\":\"2011-04-06T22:22:38+00:00\",\"dateModified\":\"2011-04-06T22:22:38+00:00\",\"breadcrumb\":{\"@id\":\"https:\/\/www.uruloki.org\/felipeblog\/la-saga-mortal-kombat-en-dvd-y-blu-ray-a-partir-del-19-de-abril-y-el-videojuego-el-26#breadcrumb\"},\"inLanguage\":\"es\",\"potentialAction\":[{\"@type\":\"ReadAction\",\"target\":[\"https:\/\/www.uruloki.org\/felipeblog\/la-saga-mortal-kombat-en-dvd-y-blu-ray-a-partir-del-19-de-abril-y-el-videojuego-el-26\"]}]},{\"@type\":\"ImageObject\",\"inLanguage\":\"es\",\"@id\":\"https:\/\/www.uruloki.org\/felipeblog\/la-saga-mortal-kombat-en-dvd-y-blu-ray-a-partir-del-19-de-abril-y-el-videojuego-el-26#primaryimage\",\"url\":\"https:\/\/uruloki.org\/felipeblog\/images2011-1\/20110406-mortal-kombat.jpg\",\"contentUrl\":\"https:\/\/uruloki.org\/felipeblog\/images2011-1\/20110406-mortal-kombat.jpg\"},{\"@type\":\"BreadcrumbList\",\"@id\":\"https:\/\/www.uruloki.org\/felipeblog\/la-saga-mortal-kombat-en-dvd-y-blu-ray-a-partir-del-19-de-abril-y-el-videojuego-el-26#breadcrumb\",\"itemListElement\":[{\"@type\":\"ListItem\",\"position\":1,\"name\":\"Portada\",\"item\":\"https:\/\/www.uruloki.org\/felipeblog\"},{\"@type\":\"ListItem\",\"position\":2,\"name\":\"La saga Mortal Kombat en DVD y Blu-Ray a partir del 19 de abril (y el videojuego el 26)&#8230;\"}]},{\"@type\":\"WebSite\",\"@id\":\"https:\/\/www.uruloki.org\/felipeblog\/#website\",\"url\":\"https:\/\/www.uruloki.org\/felipeblog\/\",\"name\":\"Uruloki :: Blog\",\"description\":\"Blog de cine, terror, ciencia ficci\u00f3n, fantas\u00eda y c\u00f3mics\",\"potentialAction\":[{\"@type\":\"SearchAction\",\"target\":{\"@type\":\"EntryPoint\",\"urlTemplate\":\"https:\/\/www.uruloki.org\/felipeblog\/?s={search_term_string}\"},\"query-input\":{\"@type\":\"PropertyValueSpecification\",\"valueRequired\":true,\"valueName\":\"search_term_string\"}}],\"inLanguage\":\"es\"}]}<\/script>\n<!-- \/ Yoast SEO plugin. -->","yoast_head_json":{"title":"La saga Mortal Kombat en DVD y Blu-Ray a partir del 19 de abril (y el videojuego el 26)... - Uruloki :: Blog","robots":{"index":"index","follow":"follow","max-snippet":"max-snippet:-1","max-image-preview":"max-image-preview:large","max-video-preview":"max-video-preview:-1"},"canonical":"https:\/\/www.uruloki.org\/felipeblog\/la-saga-mortal-kombat-en-dvd-y-blu-ray-a-partir-del-19-de-abril-y-el-videojuego-el-26","og_locale":"es_ES","og_type":"article","og_title":"La saga Mortal Kombat en DVD y Blu-Ray a partir del 19 de abril (y el videojuego el 26)... - Uruloki :: Blog","og_description":"Pues si se&ntilde;ores, una de las sagas de viodejuegos m&aacute;s violentas de la historia ve por fin como los dos films que hasta el momento se han hecho de sus aventuras vuelve a ser reeditados en formato DVD y, por primera vez, en alta definici&oacute;n gracias al Blu-Ray! Warner Home Video Espa&ntilde;a nos presenta Mortal [&hellip;]","og_url":"https:\/\/www.uruloki.org\/felipeblog\/la-saga-mortal-kombat-en-dvd-y-blu-ray-a-partir-del-19-de-abril-y-el-videojuego-el-26","og_site_name":"Uruloki :: Blog","article_publisher":"https:\/\/www.facebook.com\/uruloki.org","og_image":[{"url":"https:\/\/uruloki.org\/felipeblog\/images2011-1\/20110406-mortal-kombat.jpg","type":"","width":"","height":""}],"twitter_card":"summary_large_image","twitter_site":"@uruloki","twitter_misc":{"Tiempo de lectura":"4 minutos"},"schema":{"@context":"https:\/\/schema.org","@graph":[{"@type":"WebPage","@id":"https:\/\/www.uruloki.org\/felipeblog\/la-saga-mortal-kombat-en-dvd-y-blu-ray-a-partir-del-19-de-abril-y-el-videojuego-el-26","url":"https:\/\/www.uruloki.org\/felipeblog\/la-saga-mortal-kombat-en-dvd-y-blu-ray-a-partir-del-19-de-abril-y-el-videojuego-el-26","name":"La saga Mortal Kombat en DVD y Blu-Ray a partir del 19 de abril (y el videojuego el 26)... - Uruloki :: Blog","isPartOf":{"@id":"https:\/\/www.uruloki.org\/felipeblog\/#website"},"primaryImageOfPage":{"@id":"https:\/\/www.uruloki.org\/felipeblog\/la-saga-mortal-kombat-en-dvd-y-blu-ray-a-partir-del-19-de-abril-y-el-videojuego-el-26#primaryimage"},"image":{"@id":"https:\/\/www.uruloki.org\/felipeblog\/la-saga-mortal-kombat-en-dvd-y-blu-ray-a-partir-del-19-de-abril-y-el-videojuego-el-26#primaryimage"},"thumbnailUrl":"https:\/\/uruloki.org\/felipeblog\/images2011-1\/20110406-mortal-kombat.jpg","datePublished":"2011-04-06T22:22:38+00:00","dateModified":"2011-04-06T22:22:38+00:00","breadcrumb":{"@id":"https:\/\/www.uruloki.org\/felipeblog\/la-saga-mortal-kombat-en-dvd-y-blu-ray-a-partir-del-19-de-abril-y-el-videojuego-el-26#breadcrumb"},"inLanguage":"es","potentialAction":[{"@type":"ReadAction","target":["https:\/\/www.uruloki.org\/felipeblog\/la-saga-mortal-kombat-en-dvd-y-blu-ray-a-partir-del-19-de-abril-y-el-videojuego-el-26"]}]},{"@type":"ImageObject","inLanguage":"es","@id":"https:\/\/www.uruloki.org\/felipeblog\/la-saga-mortal-kombat-en-dvd-y-blu-ray-a-partir-del-19-de-abril-y-el-videojuego-el-26#primaryimage","url":"https:\/\/uruloki.org\/felipeblog\/images2011-1\/20110406-mortal-kombat.jpg","contentUrl":"https:\/\/uruloki.org\/felipeblog\/images2011-1\/20110406-mortal-kombat.jpg"},{"@type":"BreadcrumbList","@id":"https:\/\/www.uruloki.org\/felipeblog\/la-saga-mortal-kombat-en-dvd-y-blu-ray-a-partir-del-19-de-abril-y-el-videojuego-el-26#breadcrumb","itemListElement":[{"@type":"ListItem","position":1,"name":"Portada","item":"https:\/\/www.uruloki.org\/felipeblog"},{"@type":"ListItem","position":2,"name":"La saga Mortal Kombat en DVD y Blu-Ray a partir del 19 de abril (y el videojuego el 26)&#8230;"}]},{"@type":"WebSite","@id":"https:\/\/www.uruloki.org\/felipeblog\/#website","url":"https:\/\/www.uruloki.org\/felipeblog\/","name":"Uruloki :: Blog","description":"Blog de cine, terror, ciencia ficci\u00f3n, fantas\u00eda y c\u00f3mics","potentialAction":[{"@type":"SearchAction","target":{"@type":"EntryPoint","urlTemplate":"https:\/\/www.uruloki.org\/felipeblog\/?s={search_term_string}"},"query-input":{"@type":"PropertyValueSpecification","valueRequired":true,"valueName":"search_term_string"}}],"inLanguage":"es"}]}},"_links":{"self":[{"href":"https:\/\/www.uruloki.org\/felipeblog\/wp-json\/wp\/v2\/pages\/5532","targetHints":{"allow":["GET"]}}],"collection":[{"href":"https:\/\/www.uruloki.org\/felipeblog\/wp-json\/wp\/v2\/pages"}],"about":[{"href":"https:\/\/www.uruloki.org\/felipeblog\/wp-json\/wp\/v2\/types\/page"}],"author":[{"embeddable":true,"href":"https:\/\/www.uruloki.org\/felipeblog\/wp-json\/wp\/v2\/users\/28"}],"replies":[{"embeddable":true,"href":"https:\/\/www.uruloki.org\/felipeblog\/wp-json\/wp\/v2\/comments?post=5532"}],"version-history":[{"count":1,"href":"https:\/\/www.uruloki.org\/felipeblog\/wp-json\/wp\/v2\/pages\/5532\/revisions"}],"predecessor-version":[{"id":5533,"href":"https:\/\/www.uruloki.org\/felipeblog\/wp-json\/wp\/v2\/pages\/5532\/revisions\/5533"}],"wp:attachment":[{"href":"https:\/\/www.uruloki.org\/felipeblog\/wp-json\/wp\/v2\/media?parent=5532"}],"curies":[{"name":"wp","href":"https:\/\/api.w.org\/{rel}","templated":true}]}}