{"id":4947,"date":"2010-12-03T21:34:47","date_gmt":"2010-12-03T20:34:47","guid":{"rendered":"https:\/\/uruloki.org\/felipeblog"},"modified":"2010-12-03T21:46:21","modified_gmt":"2010-12-03T20:46:21","slug":"sobre-mi","status":"publish","type":"page","link":"https:\/\/www.uruloki.org\/felipeblog\/sobre-mi","title":{"rendered":"Sobre mi"},"content":{"rendered":"\n<ul>\n<li><strong>Nombre:<\/strong> Felipe Guillermo Rivero de Aguilar Gonz&aacute;lez.<\/li>\n<li><strong>Lugar:<\/strong> Santiago de Compostela (Galicia &#8211; Espa&ntilde;a).<\/li>\n<li><strong>Apodo:<\/strong> Uruloki<\/li>\n<li><strong>Fecha de Nacimiento:<\/strong> Por los pelos el a&ntilde;o del estreno de Star Wars 1977, para ser m&aacute;s exacto el 25 de diciembre de ese a&ntilde;o&#8230; un d&iacute;a complicado.<\/li>\n<li><strong>Estudios:<\/strong> Despu&eacute;s de pasarme 14 a&ntilde;os de mi vida en el colegio La Salle (desde 1&ordm; de parvulario hasta <acronym title=\"Curso de Orientaci&oacute;n Universitaria\">COU<\/acronym>) me dirig&iacute; con decisi&oacute;n a estudiar Ingenier&iacute;a T&eacute;cnica en Inform&aacute;tica de Gesti&oacute;n en la Universidad de La Coru&ntilde;a (entr&eacute; porque Dios lo quiso a finales de septiembre del 1995). Me cost&oacute; algunos a&ntilde;os, pero una vez ingeniero ves las cosas de otro modo. Durante un tiempo segu&iacute; estudiando el 2&ordm; ciclo de la ingenier&iacute;a  (para ser Ingeniero Inform&aacute;tico), pero visto lo visto (cuando se curra no apetece estudiar nada) lo dej&eacute; aparcado hasta que me vea  con ganas y sobre todo con tiempo. <\/li>\n<li><strong>Trabajo:<\/strong> Empec&eacute; en septiembre del 2002 en una empresa llamada <em>DRINTEL <\/em>en el Departamento de Sistemas de un organismo aut&oacute;nomo hasta finales de diciembre de ese a&ntilde;o. Luego no me renovaron y volv&iacute; con la misma empresa en Marzo del 2003, pero ahora en el Departamento de Microinform&aacute;tica. Luego <em>DRINTEL<\/em> fue comprada por <em>ALTIA<\/em> y fue todo bien hasta marzo del 2006, fecha en la que se termin&oacute; mi relaci&oacute;n laboral con esa empresa. Al cabo de una semana de mi adi&oacute;s volv&iacute; al tajo en otra consultora inform&aacute;tica de Santiago de Compostela, <em>BALIDEA<\/em>, donde sigo hasta ahora. Durante mucho tiempo me dediqu&eacute; a hacer webs hospedadas en mi propio ordenador casero, <em>mordor<\/em>: <a href=\"https:\/\/uruloki.org\/\">Uruloki :: Blog<\/a>  (esta en la que est&aacute;s), <a href=\"https:\/\/uruloki.org\/faustoblog\">Flanagan dice&#8230;<\/a>, <a href=\"https:\/\/uruloki.org\/heroclixblog\">Heroclix Vs. Star Wars Minis :: Blog<\/a>, y otras muchas. Me queda por comentar que dentro del Departamento de Microinform&aacute;tica estuve en la unidad  de Internet y me dediqu&eacute; a programar en <strong>PHP<\/strong>, <strong>XHTML<\/strong>, <strong>ASP<\/strong>, <strong>Javascript<\/strong>          usando bases de datos <strong>MySQL<\/strong> y <strong>SQL Server<\/strong>. Actualmente estoy metido en proyectos en m&uacute;ltiples proyectos como especialista de desarrollo accesible web.<\/li>\n<li><strong>Debilidades:<\/strong>\n<ul>\n<li><em>El cine:<\/em> principalmente el de terror y ciencia ficci&oacute;n,     y sobre todo el de <a href=\"http:\/\/www.theofficialjohncarpenter.com\/\" title=\"Web de John Carpenter\" target=\"_blank\">John    Carpenter<\/a><img loading=\"lazy\" decoding=\"async\" src=\"\/imagenes\/Perfil\/elfman.gif\" alt=\"Danny Elfman\" width=\"100\" height=\"122\" class=\"perfil\" title=\"Danny Elfman\" \/> (actualmente     los tengo todo de este director). Tambi&eacute;n me gusta <a href=\"http:\/\/www.imdb.com\/name\/nm0000600\/\" title=\"Filmograf&iacute;a de Sam Raimi\" target=\"_blank\">Sam     Raimi<\/a>,  pero ha ido perdiendo enteros (menos mal que hizo Spiderman),     <a href=\"http:\/\/www.imdb.com\/name\/nm0001681\/\" title=\"Filmograf&iacute;a de George  A. Romero\" target=\"_blank\">George     A. Romero<\/a> y sus amaneceres, Ocasos, D&iacute;as de los     Zombis, <a href=\"http:\/\/tbhl.theonering.net\/\" title=\"The Bastards Have Landed\" target=\"_blank\">Peter     Jackson<\/a> y su <em>Mal Gusto<\/em>, etc. De un tiempo     a esta parte  y gracias a Rulo me gusta el cine de Hong Kong,     de <strong>Jackie Chan<\/strong>&#8230;  en fin una perdici&oacute;n. <\/li>\n<li><em>Los FX (efectos especiales):<\/em> los digitales menos y m&aacute;s     el tradicional de latex, animatronix, puppets,&#8230; tengo libros    de     <strong>Dick Smith<\/strong> (este lo tengo prestado desde hace    mucho tiempo y me  da que me voy a quedar sin el), <strong>Tom    Savini<\/strong>, <strong>Stan Winston<\/strong>, <strong>Rick    Baker<\/strong>, etc. aunque para mi     el mejor es <strong>Rob Bottin<\/strong> (La Cosa, Robocop, Desaf&iacute;o Total,     Legend, etc.). Esta afici&oacute;n empez&oacute; all&aacute; por      finales de los 80 que es m&aacute;s o menos cuando comenc&eacute;     a disfrutar del cine de terror.<\/li>\n<li><em>Las bandas sonoras:<\/em> en general todas, pero tengo una     debilidad por <a href=\"http:\/\/es.wikipedia.org\/wiki\/Danny_Elfman\" title=\"Danny Elfman por la wikipedia\" target=\"_blank\">Danny    Elfman<\/a>, una debilidad que me ha llevado a tener     todo original (o casi), mucho comprado de importaci&oacute;n. <img loading=\"lazy\" decoding=\"async\" src=\"\/imagenes\/Perfil\/hpl.jpg\" alt=\"H.P. Lovecraft\" width=\"108\" height=\"132\" class=\"perfil\" title=\"H.P. Lovecraft\" \/>     Para mi <strong>Danny Elfman<\/strong> es un maestro que pone un tono g&oacute;tico     y oscuro a su m&uacute;sica, lo que hace que sientas m&aacute;s      las pel&iacute;culas cuando el score est&aacute; en sus manos      (soy  un pedante?).<\/li>\n<li><em>Hellboy y Mike Mignola:<\/em> como no, tiene una secci&oacute;n     en mi web. <a href=\"https:\/\/uruloki.org\/hellboy.html\">Leedla     y sabr&eacute;is m&aacute;s<\/a>.<\/li>\n<li><em>Los C&oacute;mics:<\/em> En general todos los superh&eacute;roes     me gustan. Tengo c&oacute;mics y m&aacute;s c&oacute;mics. Ahora     una estanter&iacute;a para colocarlos todos que ya no me caben en     ning&uacute;n lado.<\/li>\n<li><em>H.P. Lovecraft:<\/em> Los libros tambi&eacute;n tienen cabida     en mis gustos. <strong>Howard Phillips Lovecraft<\/strong> es un buen escritor y sus     libros han sido la base de la mayor&iacute;a del cine de terror     actual. <strong>Los mitos de Cthulhu<\/strong>, los seres primordiales, los entes     indescriptibles y las criaturas venidas de los fondos marinos hacen     que sus historias sean escalofriantes.<\/li>\n<li><em>J.R.R. Tolkien:<\/em> Bueno, que decir. Un maestro de la fantas&iacute;a     con millones de incondicionales y yo uno de ellos. De ah&iacute;     viene el nombre de mi dominio y varios de mis apodos.<\/li>\n<li><em>Star Wars:<\/em> De sobra la mejor trilog&iacute;a de la historia,     nunca debieron hacer los caca episodios actuales&#8230; es para matar     a <strong>George Lucas<\/strong>!<\/li>\n<li><em>El color negro:<\/em> Ropa negra, port&aacute;til negro,&#8230;     en 1996 me dio el telele y dej&eacute; las camisas de le&ntilde;ador     aparcadas en el armario. Estuve durante 6 a&ntilde;os vistiendo     exclusivamente de negro, ahora por razones laborales voy de camisa     (antes tambi&eacute;n de corbata) y he metido un poco de color en     mi vida.<\/li>\n<\/ul>\n<\/li>\n<li>Mi Blog Code: <strong>B8 d t+ k+ s++ u&#8211; f i o+ x e+ l c&#8211;<\/strong>, &iquest;vale para algo? <a target=\"_blank\" href=\"http:\/\/travis.kroh.net\/blogger_decoder\/?code=B8%20d%20t+%20k+%20s++%20u--%20f%20i%20o+%20x%20e+%20l%20c--\">Decodif&iacute;calo y ent&eacute;rate<\/a>!<\/li>\n<\/ul>\n<p>Este blog est&aacute; identificado por un <acronym title=\"Internet Blog Serial Number\">ISBN<\/acronym>: 0-012-1977-25.<\/p>\n","protected":false},"excerpt":{"rendered":"<p>Nombre: Felipe Guillermo Rivero de Aguilar Gonz&aacute;lez. Lugar: Santiago de Compostela (Galicia &#8211; Espa&ntilde;a). Apodo: Uruloki Fecha de Nacimiento: Por los pelos el a&ntilde;o del estreno de Star Wars 1977, para ser m&aacute;s exacto el 25 de diciembre de ese a&ntilde;o&#8230; un d&iacute;a complicado. Estudios: Despu&eacute;s de pasarme 14 a&ntilde;os de mi vida en el [&hellip;]<\/p>\n","protected":false},"author":28,"featured_media":0,"parent":0,"menu_order":0,"comment_status":"open","ping_status":"open","template":"","meta":{"footnotes":""},"class_list":["post-4947","page","type-page","status-publish","hentry"],"yoast_head":"<!-- This site is optimized with the Yoast SEO plugin v24.3 - https:\/\/yoast.com\/wordpress\/plugins\/seo\/ -->\n<title>Sobre mi - Uruloki :: Blog<\/title>\n<meta name=\"robots\" content=\"index, follow, max-snippet:-1, max-image-preview:large, max-video-preview:-1\" \/>\n<link rel=\"canonical\" href=\"https:\/\/www.uruloki.org\/felipeblog\/sobre-mi\" \/>\n<meta property=\"og:locale\" content=\"es_ES\" \/>\n<meta property=\"og:type\" content=\"article\" \/>\n<meta property=\"og:title\" content=\"Sobre mi - Uruloki :: Blog\" \/>\n<meta property=\"og:description\" content=\"Nombre: Felipe Guillermo Rivero de Aguilar Gonz&aacute;lez. Lugar: Santiago de Compostela (Galicia &#8211; Espa&ntilde;a). Apodo: Uruloki Fecha de Nacimiento: Por los pelos el a&ntilde;o del estreno de Star Wars 1977, para ser m&aacute;s exacto el 25 de diciembre de ese a&ntilde;o&#8230; un d&iacute;a complicado. Estudios: Despu&eacute;s de pasarme 14 a&ntilde;os de mi vida en el [&hellip;]\" \/>\n<meta property=\"og:url\" content=\"https:\/\/www.uruloki.org\/felipeblog\/sobre-mi\" \/>\n<meta property=\"og:site_name\" content=\"Uruloki :: Blog\" \/>\n<meta property=\"article:publisher\" content=\"https:\/\/www.facebook.com\/uruloki.org\" \/>\n<meta property=\"article:modified_time\" content=\"2010-12-03T20:46:21+00:00\" \/>\n<meta property=\"og:image\" content=\"https:\/\/www.uruloki.org\/imagenes\/Perfil\/elfman.gif\" \/>\n<meta name=\"twitter:card\" content=\"summary_large_image\" \/>\n<meta name=\"twitter:site\" content=\"@uruloki\" \/>\n<meta name=\"twitter:label1\" content=\"Tiempo de lectura\" \/>\n\t<meta name=\"twitter:data1\" content=\"5 minutos\" \/>\n<script type=\"application\/ld+json\" class=\"yoast-schema-graph\">{\"@context\":\"https:\/\/schema.org\",\"@graph\":[{\"@type\":\"WebPage\",\"@id\":\"https:\/\/www.uruloki.org\/felipeblog\/sobre-mi\",\"url\":\"https:\/\/www.uruloki.org\/felipeblog\/sobre-mi\",\"name\":\"Sobre mi - Uruloki :: Blog\",\"isPartOf\":{\"@id\":\"https:\/\/www.uruloki.org\/felipeblog\/#website\"},\"datePublished\":\"2010-12-03T20:34:47+00:00\",\"dateModified\":\"2010-12-03T20:46:21+00:00\",\"breadcrumb\":{\"@id\":\"https:\/\/www.uruloki.org\/felipeblog\/sobre-mi#breadcrumb\"},\"inLanguage\":\"es\",\"potentialAction\":[{\"@type\":\"ReadAction\",\"target\":[\"https:\/\/www.uruloki.org\/felipeblog\/sobre-mi\"]}]},{\"@type\":\"BreadcrumbList\",\"@id\":\"https:\/\/www.uruloki.org\/felipeblog\/sobre-mi#breadcrumb\",\"itemListElement\":[{\"@type\":\"ListItem\",\"position\":1,\"name\":\"Portada\",\"item\":\"https:\/\/www.uruloki.org\/felipeblog\"},{\"@type\":\"ListItem\",\"position\":2,\"name\":\"Sobre mi\"}]},{\"@type\":\"WebSite\",\"@id\":\"https:\/\/www.uruloki.org\/felipeblog\/#website\",\"url\":\"https:\/\/www.uruloki.org\/felipeblog\/\",\"name\":\"Uruloki :: Blog\",\"description\":\"Blog de cine, terror, ciencia ficci\u00f3n, fantas\u00eda y c\u00f3mics\",\"potentialAction\":[{\"@type\":\"SearchAction\",\"target\":{\"@type\":\"EntryPoint\",\"urlTemplate\":\"https:\/\/www.uruloki.org\/felipeblog\/?s={search_term_string}\"},\"query-input\":{\"@type\":\"PropertyValueSpecification\",\"valueRequired\":true,\"valueName\":\"search_term_string\"}}],\"inLanguage\":\"es\"}]}<\/script>\n<!-- \/ Yoast SEO plugin. -->","yoast_head_json":{"title":"Sobre mi - Uruloki :: Blog","robots":{"index":"index","follow":"follow","max-snippet":"max-snippet:-1","max-image-preview":"max-image-preview:large","max-video-preview":"max-video-preview:-1"},"canonical":"https:\/\/www.uruloki.org\/felipeblog\/sobre-mi","og_locale":"es_ES","og_type":"article","og_title":"Sobre mi - Uruloki :: Blog","og_description":"Nombre: Felipe Guillermo Rivero de Aguilar Gonz&aacute;lez. Lugar: Santiago de Compostela (Galicia &#8211; Espa&ntilde;a). Apodo: Uruloki Fecha de Nacimiento: Por los pelos el a&ntilde;o del estreno de Star Wars 1977, para ser m&aacute;s exacto el 25 de diciembre de ese a&ntilde;o&#8230; un d&iacute;a complicado. Estudios: Despu&eacute;s de pasarme 14 a&ntilde;os de mi vida en el [&hellip;]","og_url":"https:\/\/www.uruloki.org\/felipeblog\/sobre-mi","og_site_name":"Uruloki :: Blog","article_publisher":"https:\/\/www.facebook.com\/uruloki.org","article_modified_time":"2010-12-03T20:46:21+00:00","og_image":[{"url":"https:\/\/www.uruloki.org\/imagenes\/Perfil\/elfman.gif","type":"","width":"","height":""}],"twitter_card":"summary_large_image","twitter_site":"@uruloki","twitter_misc":{"Tiempo de lectura":"5 minutos"},"schema":{"@context":"https:\/\/schema.org","@graph":[{"@type":"WebPage","@id":"https:\/\/www.uruloki.org\/felipeblog\/sobre-mi","url":"https:\/\/www.uruloki.org\/felipeblog\/sobre-mi","name":"Sobre mi - Uruloki :: Blog","isPartOf":{"@id":"https:\/\/www.uruloki.org\/felipeblog\/#website"},"datePublished":"2010-12-03T20:34:47+00:00","dateModified":"2010-12-03T20:46:21+00:00","breadcrumb":{"@id":"https:\/\/www.uruloki.org\/felipeblog\/sobre-mi#breadcrumb"},"inLanguage":"es","potentialAction":[{"@type":"ReadAction","target":["https:\/\/www.uruloki.org\/felipeblog\/sobre-mi"]}]},{"@type":"BreadcrumbList","@id":"https:\/\/www.uruloki.org\/felipeblog\/sobre-mi#breadcrumb","itemListElement":[{"@type":"ListItem","position":1,"name":"Portada","item":"https:\/\/www.uruloki.org\/felipeblog"},{"@type":"ListItem","position":2,"name":"Sobre mi"}]},{"@type":"WebSite","@id":"https:\/\/www.uruloki.org\/felipeblog\/#website","url":"https:\/\/www.uruloki.org\/felipeblog\/","name":"Uruloki :: Blog","description":"Blog de cine, terror, ciencia ficci\u00f3n, fantas\u00eda y c\u00f3mics","potentialAction":[{"@type":"SearchAction","target":{"@type":"EntryPoint","urlTemplate":"https:\/\/www.uruloki.org\/felipeblog\/?s={search_term_string}"},"query-input":{"@type":"PropertyValueSpecification","valueRequired":true,"valueName":"search_term_string"}}],"inLanguage":"es"}]}},"_links":{"self":[{"href":"https:\/\/www.uruloki.org\/felipeblog\/wp-json\/wp\/v2\/pages\/4947","targetHints":{"allow":["GET"]}}],"collection":[{"href":"https:\/\/www.uruloki.org\/felipeblog\/wp-json\/wp\/v2\/pages"}],"about":[{"href":"https:\/\/www.uruloki.org\/felipeblog\/wp-json\/wp\/v2\/types\/page"}],"author":[{"embeddable":true,"href":"https:\/\/www.uruloki.org\/felipeblog\/wp-json\/wp\/v2\/users\/28"}],"replies":[{"embeddable":true,"href":"https:\/\/www.uruloki.org\/felipeblog\/wp-json\/wp\/v2\/comments?post=4947"}],"version-history":[{"count":2,"href":"https:\/\/www.uruloki.org\/felipeblog\/wp-json\/wp\/v2\/pages\/4947\/revisions"}],"predecessor-version":[{"id":4951,"href":"https:\/\/www.uruloki.org\/felipeblog\/wp-json\/wp\/v2\/pages\/4947\/revisions\/4951"}],"wp:attachment":[{"href":"https:\/\/www.uruloki.org\/felipeblog\/wp-json\/wp\/v2\/media?parent=4947"}],"curies":[{"name":"wp","href":"https:\/\/api.w.org\/{rel}","templated":true}]}}