{"id":4826,"date":"2010-11-06T00:08:11","date_gmt":"2010-11-05T23:08:11","guid":{"rendered":"https:\/\/uruloki.org\/felipeblog"},"modified":"2010-11-06T01:09:59","modified_gmt":"2010-11-06T00:09:59","slug":"iii-saln-del-manga-en-granada-ficzone-y-vigsimo-concurso-uruloki","status":"publish","type":"page","link":"https:\/\/www.uruloki.org\/felipeblog\/iii-saln-del-manga-en-granada-ficzone-y-vigsimo-concurso-uruloki","title":{"rendered":"III Sal&oacute;n del Manga en Granada- Ficzone y Vig&eacute;simo Concurso Uruloki&#8230;"},"content":{"rendered":"<p>Los pr&oacute;ximos d&iacute;as <strong>27 y 28 de noviembre<\/strong> se celebra en el Palacio de Congresos de Granada el <strong>III Sal&oacute;n del Manga en Granada &#8211; Ficzone<\/strong>. Tras dos exitosas ediciones celebradas en el 2009, el evento este a&ntilde;o ser&aacute; mucho m&aacute;s amplio que en el pasado e incluir&aacute; nuevas actividades no s&oacute;lo centradas en el  manga si no  en todo el  mundillo del ocio alternativo como son los c&oacute;mics,  las series de televisi&oacute;n, el cine, los juegos de mesa, etc., pero sin olvidar por supuesto la gran  presencia del manga  como eje central  de todo el sal&oacute;n. Adem&aacute;s, este a&ntilde;o el <strong>III Sal&oacute;n del Manga en Granada- Ficzone<\/strong> contar&aacute; con m&aacute;s de 100  actividades en los  dos d&iacute;as en los que  se celebre como <a href=\"http:\/\/xover.es\/blog\/?p=520\" target=\"_blank\">proyecciones<\/a>, <a href=\"http:\/\/xover.es\/blog\/?p=289\" target=\"_blank\">talleres<\/a> o <a href=\"http:\/\/xover.es\/blog\/?p=431\" target=\"_blank\">clases magistrales<\/a>. Ya tenemos disponible el cartel del Sal&oacute;n de este a&ntilde;o y poco a poco se van confirmando los  invitados. En este punto destaca la presencia de:<\/p>\n<ul>\n<li><strong>Kenny Ruiz<\/strong>, autor de manga espa&ntilde;ol, promociona en el sal&oacute;n  su nuevo trabajo <strong>&quot;Dos Espadas&quot;<\/strong>, dentro de la l&iacute;nea Gaijin de Gl&egrave;nat. Tambi&eacute;n es autor de obras como <strong>&quot;El Cazador de  Rayos&quot;<\/strong> bajo Dolmen Editorial. <a href=\"http:\/\/xover.es\/blog\/?p=55\" target=\"_blank\">Mucha m&aacute;s informaci&oacute;n sobre este autor en la web de los organizadores<\/a>.\n  <\/li>\n<li><strong>Javier Mena<\/strong>, colorista para Marvel y DC, dar&aacute; una conferencia de c&oacute;mo se llega a tarbajar para estas m&iacute;ticas factor&iacute;as. <a href=\"http:\/\/xover.es\/blog\/?p=396\" target=\"_blank\">M&aacute;s info sobre Javier Mena aqu&iacute;<\/a>.<\/li>\n<li><strong>Jose Luis Munuera<\/strong>, vinculado  desde siempre al humor y colaborador habitual del <strong>&quot;El Batracio Amarillo&quot;<\/strong>, tambi&eacute;n ha dibujado <strong>&quot;Spirou et Fantasio&quot;<\/strong> o la serie <strong>&quot;N&auml;vis&quot;<\/strong>. <a href=\"http:\/\/xover.es\/blog\/?p=562\" target=\"_blank\">M&aacute;s info de este impresionante dibujante aqu&iacute;<\/a>.<\/li>\n<li><strong>Enrique Bonet<\/strong>, m&aacute;ximo representante de los autores espa&ntilde;oles que triunfan en mercados internacionales. <a href=\"http:\/\/xover.es\/blog\/?p=62\" target=\"_blank\">M&aacute;s info aqu&iacute;<\/a>.\n  <\/li>\n<li>Diversos autores de c&oacute;mic granadinos profesionales. Durante los pr&oacute;ximos d&iacute;as se confirmar&aacute;n sus nombres.<\/li>\n<\/ul>\n<p class=\"centrado\"><img loading=\"lazy\" decoding=\"async\" src=\"https:\/\/uruloki.org\/felipeblog\/images2010-2\/20101101-3salondelmangaengranada.jpg\" alt=\"Cartel del III Sal&oacute;n del Manga en Granada - Ficzone \" width=\"353\" height=\"500\" \/><br \/>\n<em>Cartel del III Sal&oacute;n del Manga en Granada &#8211; Ficzone <\/em><\/p>\n<p>Y mucho ojo, porque la organizaci&oacute;n del <strong>III Sal&oacute;n del Manga en Granada &#8211; Ficzone<\/strong> ha decidido colaborar con <strong>Uruloki<\/strong> para montar el <strong>Vig&eacute;simo Concurso Uruloki<\/strong>! Atenci&oacute;n a todos, gracias al <strong>III Sal&oacute;n del Manga en Granada &#8211; Ficzone<\/strong> y a <strong>Selecta Visi&oacute;n<\/strong> el premio de este concurso ser&aacute;n los dos packs de lujo de <a href=\"http:\/\/www.imdb.es\/title\/tt0161952\/\" target=\"_blank\">&quot;Los caballeros del zod&iacute;aco&quot;<\/a> (<em>&quot;Saint Seiya&quot;<\/em>, 1986-1989), plata y dorado, contienen todos  los episodios, sagas Santuario, Asgard y Poseid&oacute;n adem&aacute;s de un mont&oacute;n  de extras. Se trata de un producto original licenciado, de alta calidad. Incluye: 18 DVD (episodios 1-73) + 10 DVD (episodios 74 a 114) + DVD Adicional + Contenido Extra. Todo ello presentado en una espectacular caja a todo color y relieve imitando la caja de la armadura de oro de Sagitario + caja a todo color y relieve imitando la caja de la armadura de Pegaso. En fin&#8230; la repanocha!!! Un OMG en toda regla. Os dejo una foto&#8230;<\/p>\n<p class=\"centrado\"><img loading=\"lazy\" decoding=\"async\" src=\"https:\/\/uruloki.org\/felipeblog\/images2010-2\/20101105-saint-seiya.jpg\" alt=\"Pack regalo de Saint Seiya \" width=\"498\" height=\"256\" border=\"1\" \/><br \/>\n<em>Pack regalo de Saint Seiya <\/em><\/p>\n<p>El concurso <strong>se celebrar&aacute; el pr&oacute;ximo domingo 21 de noviembre a las 20:00<\/strong> (hora espa&ntilde;ola) siguiendo el sistema habitual de preguntas con truco  para avispados lectores. Las condiciones del concurso se publicar&aacute;n con  el mismo, pero b&aacute;sicamente las de siempre, limitado al territorio  espa&ntilde;ol. Habr&aacute; un &uacute;nico ganador que se llevar&aacute; el megapack&#8230; que es la repera!!!<\/p>\n<p>Mucha m&aacute;s informaci&oacute;n sobre el evento en las siguientes webs:<\/p>\n<ul>\n<li><a href=\"http:\/\/www.salondelmangadegranada.com\/\" target=\"_blank\">www.salondelmangadegranada.com<\/a><\/li>\n<li><a href=\"http:\/\/xover.es\/blog\/\" target=\"_blank\">xover.es\/blog<\/a><\/li>\n<\/ul>\n","protected":false},"excerpt":{"rendered":"<p>Los pr&oacute;ximos d&iacute;as 27 y 28 de noviembre se celebra en el Palacio de Congresos de Granada el III Sal&oacute;n del Manga en Granada &#8211; Ficzone. Tras dos exitosas ediciones celebradas en el 2009, el evento este a&ntilde;o ser&aacute; mucho m&aacute;s amplio que en el pasado e incluir&aacute; nuevas actividades no s&oacute;lo centradas en el [&hellip;]<\/p>\n","protected":false},"author":28,"featured_media":0,"parent":0,"menu_order":0,"comment_status":"open","ping_status":"open","template":"","meta":{"footnotes":""},"class_list":["post-4826","page","type-page","status-publish","hentry"],"yoast_head":"<!-- This site is optimized with the Yoast SEO plugin v24.3 - https:\/\/yoast.com\/wordpress\/plugins\/seo\/ -->\n<title>III Sal&oacute;n del Manga en Granada- Ficzone y Vig&eacute;simo Concurso Uruloki... - Uruloki :: Blog<\/title>\n<meta name=\"robots\" content=\"index, follow, max-snippet:-1, max-image-preview:large, max-video-preview:-1\" \/>\n<link rel=\"canonical\" href=\"https:\/\/www.uruloki.org\/felipeblog\/iii-saln-del-manga-en-granada-ficzone-y-vigsimo-concurso-uruloki\" \/>\n<meta property=\"og:locale\" content=\"es_ES\" \/>\n<meta property=\"og:type\" content=\"article\" \/>\n<meta property=\"og:title\" content=\"III Sal&oacute;n del Manga en Granada- Ficzone y Vig&eacute;simo Concurso Uruloki... - Uruloki :: Blog\" \/>\n<meta property=\"og:description\" content=\"Los pr&oacute;ximos d&iacute;as 27 y 28 de noviembre se celebra en el Palacio de Congresos de Granada el III Sal&oacute;n del Manga en Granada &#8211; Ficzone. Tras dos exitosas ediciones celebradas en el 2009, el evento este a&ntilde;o ser&aacute; mucho m&aacute;s amplio que en el pasado e incluir&aacute; nuevas actividades no s&oacute;lo centradas en el [&hellip;]\" \/>\n<meta property=\"og:url\" content=\"https:\/\/www.uruloki.org\/felipeblog\/iii-saln-del-manga-en-granada-ficzone-y-vigsimo-concurso-uruloki\" \/>\n<meta property=\"og:site_name\" content=\"Uruloki :: Blog\" \/>\n<meta property=\"article:publisher\" content=\"https:\/\/www.facebook.com\/uruloki.org\" \/>\n<meta property=\"article:modified_time\" content=\"2010-11-06T00:09:59+00:00\" \/>\n<meta property=\"og:image\" content=\"https:\/\/uruloki.org\/felipeblog\/images2010-2\/20101101-3salondelmangaengranada.jpg\" \/>\n<meta name=\"twitter:card\" content=\"summary_large_image\" \/>\n<meta name=\"twitter:site\" content=\"@uruloki\" \/>\n<meta name=\"twitter:label1\" content=\"Tiempo de lectura\" \/>\n\t<meta name=\"twitter:data1\" content=\"3 minutos\" \/>\n<script type=\"application\/ld+json\" class=\"yoast-schema-graph\">{\"@context\":\"https:\/\/schema.org\",\"@graph\":[{\"@type\":\"WebPage\",\"@id\":\"https:\/\/www.uruloki.org\/felipeblog\/iii-saln-del-manga-en-granada-ficzone-y-vigsimo-concurso-uruloki\",\"url\":\"https:\/\/www.uruloki.org\/felipeblog\/iii-saln-del-manga-en-granada-ficzone-y-vigsimo-concurso-uruloki\",\"name\":\"III Sal&oacute;n del Manga en Granada- Ficzone y Vig&eacute;simo Concurso Uruloki... - Uruloki :: Blog\",\"isPartOf\":{\"@id\":\"https:\/\/www.uruloki.org\/felipeblog\/#website\"},\"primaryImageOfPage\":{\"@id\":\"https:\/\/www.uruloki.org\/felipeblog\/iii-saln-del-manga-en-granada-ficzone-y-vigsimo-concurso-uruloki#primaryimage\"},\"image\":{\"@id\":\"https:\/\/www.uruloki.org\/felipeblog\/iii-saln-del-manga-en-granada-ficzone-y-vigsimo-concurso-uruloki#primaryimage\"},\"thumbnailUrl\":\"https:\/\/uruloki.org\/felipeblog\/images2010-2\/20101101-3salondelmangaengranada.jpg\",\"datePublished\":\"2010-11-05T23:08:11+00:00\",\"dateModified\":\"2010-11-06T00:09:59+00:00\",\"breadcrumb\":{\"@id\":\"https:\/\/www.uruloki.org\/felipeblog\/iii-saln-del-manga-en-granada-ficzone-y-vigsimo-concurso-uruloki#breadcrumb\"},\"inLanguage\":\"es\",\"potentialAction\":[{\"@type\":\"ReadAction\",\"target\":[\"https:\/\/www.uruloki.org\/felipeblog\/iii-saln-del-manga-en-granada-ficzone-y-vigsimo-concurso-uruloki\"]}]},{\"@type\":\"ImageObject\",\"inLanguage\":\"es\",\"@id\":\"https:\/\/www.uruloki.org\/felipeblog\/iii-saln-del-manga-en-granada-ficzone-y-vigsimo-concurso-uruloki#primaryimage\",\"url\":\"https:\/\/uruloki.org\/felipeblog\/images2010-2\/20101101-3salondelmangaengranada.jpg\",\"contentUrl\":\"https:\/\/uruloki.org\/felipeblog\/images2010-2\/20101101-3salondelmangaengranada.jpg\"},{\"@type\":\"BreadcrumbList\",\"@id\":\"https:\/\/www.uruloki.org\/felipeblog\/iii-saln-del-manga-en-granada-ficzone-y-vigsimo-concurso-uruloki#breadcrumb\",\"itemListElement\":[{\"@type\":\"ListItem\",\"position\":1,\"name\":\"Portada\",\"item\":\"https:\/\/www.uruloki.org\/felipeblog\"},{\"@type\":\"ListItem\",\"position\":2,\"name\":\"III Sal&oacute;n del Manga en Granada- Ficzone y Vig&eacute;simo Concurso Uruloki&#8230;\"}]},{\"@type\":\"WebSite\",\"@id\":\"https:\/\/www.uruloki.org\/felipeblog\/#website\",\"url\":\"https:\/\/www.uruloki.org\/felipeblog\/\",\"name\":\"Uruloki :: Blog\",\"description\":\"Blog de cine, terror, ciencia ficci\u00f3n, fantas\u00eda y c\u00f3mics\",\"potentialAction\":[{\"@type\":\"SearchAction\",\"target\":{\"@type\":\"EntryPoint\",\"urlTemplate\":\"https:\/\/www.uruloki.org\/felipeblog\/?s={search_term_string}\"},\"query-input\":{\"@type\":\"PropertyValueSpecification\",\"valueRequired\":true,\"valueName\":\"search_term_string\"}}],\"inLanguage\":\"es\"}]}<\/script>\n<!-- \/ Yoast SEO plugin. -->","yoast_head_json":{"title":"III Sal&oacute;n del Manga en Granada- Ficzone y Vig&eacute;simo Concurso Uruloki... - Uruloki :: Blog","robots":{"index":"index","follow":"follow","max-snippet":"max-snippet:-1","max-image-preview":"max-image-preview:large","max-video-preview":"max-video-preview:-1"},"canonical":"https:\/\/www.uruloki.org\/felipeblog\/iii-saln-del-manga-en-granada-ficzone-y-vigsimo-concurso-uruloki","og_locale":"es_ES","og_type":"article","og_title":"III Sal&oacute;n del Manga en Granada- Ficzone y Vig&eacute;simo Concurso Uruloki... - Uruloki :: Blog","og_description":"Los pr&oacute;ximos d&iacute;as 27 y 28 de noviembre se celebra en el Palacio de Congresos de Granada el III Sal&oacute;n del Manga en Granada &#8211; Ficzone. Tras dos exitosas ediciones celebradas en el 2009, el evento este a&ntilde;o ser&aacute; mucho m&aacute;s amplio que en el pasado e incluir&aacute; nuevas actividades no s&oacute;lo centradas en el [&hellip;]","og_url":"https:\/\/www.uruloki.org\/felipeblog\/iii-saln-del-manga-en-granada-ficzone-y-vigsimo-concurso-uruloki","og_site_name":"Uruloki :: Blog","article_publisher":"https:\/\/www.facebook.com\/uruloki.org","article_modified_time":"2010-11-06T00:09:59+00:00","og_image":[{"url":"https:\/\/uruloki.org\/felipeblog\/images2010-2\/20101101-3salondelmangaengranada.jpg","type":"","width":"","height":""}],"twitter_card":"summary_large_image","twitter_site":"@uruloki","twitter_misc":{"Tiempo de lectura":"3 minutos"},"schema":{"@context":"https:\/\/schema.org","@graph":[{"@type":"WebPage","@id":"https:\/\/www.uruloki.org\/felipeblog\/iii-saln-del-manga-en-granada-ficzone-y-vigsimo-concurso-uruloki","url":"https:\/\/www.uruloki.org\/felipeblog\/iii-saln-del-manga-en-granada-ficzone-y-vigsimo-concurso-uruloki","name":"III Sal&oacute;n del Manga en Granada- Ficzone y Vig&eacute;simo Concurso Uruloki... - Uruloki :: Blog","isPartOf":{"@id":"https:\/\/www.uruloki.org\/felipeblog\/#website"},"primaryImageOfPage":{"@id":"https:\/\/www.uruloki.org\/felipeblog\/iii-saln-del-manga-en-granada-ficzone-y-vigsimo-concurso-uruloki#primaryimage"},"image":{"@id":"https:\/\/www.uruloki.org\/felipeblog\/iii-saln-del-manga-en-granada-ficzone-y-vigsimo-concurso-uruloki#primaryimage"},"thumbnailUrl":"https:\/\/uruloki.org\/felipeblog\/images2010-2\/20101101-3salondelmangaengranada.jpg","datePublished":"2010-11-05T23:08:11+00:00","dateModified":"2010-11-06T00:09:59+00:00","breadcrumb":{"@id":"https:\/\/www.uruloki.org\/felipeblog\/iii-saln-del-manga-en-granada-ficzone-y-vigsimo-concurso-uruloki#breadcrumb"},"inLanguage":"es","potentialAction":[{"@type":"ReadAction","target":["https:\/\/www.uruloki.org\/felipeblog\/iii-saln-del-manga-en-granada-ficzone-y-vigsimo-concurso-uruloki"]}]},{"@type":"ImageObject","inLanguage":"es","@id":"https:\/\/www.uruloki.org\/felipeblog\/iii-saln-del-manga-en-granada-ficzone-y-vigsimo-concurso-uruloki#primaryimage","url":"https:\/\/uruloki.org\/felipeblog\/images2010-2\/20101101-3salondelmangaengranada.jpg","contentUrl":"https:\/\/uruloki.org\/felipeblog\/images2010-2\/20101101-3salondelmangaengranada.jpg"},{"@type":"BreadcrumbList","@id":"https:\/\/www.uruloki.org\/felipeblog\/iii-saln-del-manga-en-granada-ficzone-y-vigsimo-concurso-uruloki#breadcrumb","itemListElement":[{"@type":"ListItem","position":1,"name":"Portada","item":"https:\/\/www.uruloki.org\/felipeblog"},{"@type":"ListItem","position":2,"name":"III Sal&oacute;n del Manga en Granada- Ficzone y Vig&eacute;simo Concurso Uruloki&#8230;"}]},{"@type":"WebSite","@id":"https:\/\/www.uruloki.org\/felipeblog\/#website","url":"https:\/\/www.uruloki.org\/felipeblog\/","name":"Uruloki :: Blog","description":"Blog de cine, terror, ciencia ficci\u00f3n, fantas\u00eda y c\u00f3mics","potentialAction":[{"@type":"SearchAction","target":{"@type":"EntryPoint","urlTemplate":"https:\/\/www.uruloki.org\/felipeblog\/?s={search_term_string}"},"query-input":{"@type":"PropertyValueSpecification","valueRequired":true,"valueName":"search_term_string"}}],"inLanguage":"es"}]}},"_links":{"self":[{"href":"https:\/\/www.uruloki.org\/felipeblog\/wp-json\/wp\/v2\/pages\/4826","targetHints":{"allow":["GET"]}}],"collection":[{"href":"https:\/\/www.uruloki.org\/felipeblog\/wp-json\/wp\/v2\/pages"}],"about":[{"href":"https:\/\/www.uruloki.org\/felipeblog\/wp-json\/wp\/v2\/types\/page"}],"author":[{"embeddable":true,"href":"https:\/\/www.uruloki.org\/felipeblog\/wp-json\/wp\/v2\/users\/28"}],"replies":[{"embeddable":true,"href":"https:\/\/www.uruloki.org\/felipeblog\/wp-json\/wp\/v2\/comments?post=4826"}],"version-history":[{"count":5,"href":"https:\/\/www.uruloki.org\/felipeblog\/wp-json\/wp\/v2\/pages\/4826\/revisions"}],"predecessor-version":[{"id":4833,"href":"https:\/\/www.uruloki.org\/felipeblog\/wp-json\/wp\/v2\/pages\/4826\/revisions\/4833"}],"wp:attachment":[{"href":"https:\/\/www.uruloki.org\/felipeblog\/wp-json\/wp\/v2\/media?parent=4826"}],"curies":[{"name":"wp","href":"https:\/\/api.w.org\/{rel}","templated":true}]}}