{"id":4316,"date":"2010-07-21T21:15:48","date_gmt":"2010-07-21T19:15:48","guid":{"rendered":"https:\/\/uruloki.org\/felipeblog"},"modified":"2010-07-25T18:49:27","modified_gmt":"2010-07-25T16:49:27","slug":"comic-con-2010","status":"publish","type":"page","link":"https:\/\/www.uruloki.org\/felipeblog\/comic-con-2010","title":{"rendered":"Las noticias de la Comic-Con 2010"},"content":{"rendered":"<p>En esta p&aacute;gina ir&eacute; recopilando todos los enlaces de las noticias que publique sobre la celebraci&oacute;n de la <strong>Comic-Con Internacional de San Diego 2010<\/strong>. As&iacute; podr&eacute;is localizar las noticias m&aacute;s f&aacute;cilmente.<\/p>\n<p class=\"centrado\"><img loading=\"lazy\" decoding=\"async\" src=\"https:\/\/uruloki.org\/felipeblog\/images2010\/20100704-comic-con-2010.jpg\" alt=\"Comic-Con 2010 de San Diego\" height=\"139\" width=\"500\" \/><\/p>\n<p><strong>Noticias<\/strong><\/p>\n<ul>\n<li><strong>25 de julio del 2010<\/strong>\n<ul>\n<li> <a href=\"https:\/\/uruloki.org\/felipeblog\/cine-de-cmics\/comic-con-2010-gran-resumen-del-panel-de-marvel-studios-metraje-de-thor-metraje-de-captain-america-the-first-avenger-primera-imagen-de-chris-evans-como-el-capi-el-logo-de-the-avengers-y-muchas\">Gran resumen del panel de Marvel Studios. Metraje de Thor, metraje de Captain America: The First Avenger (primera imagen de Chris Evans como el Capi), el logo de The Avengers y muchas sorpresas m&aacute;s&hellip;<\/a><\/li>\n<li><a href=\"https:\/\/uruloki.org\/felipeblog\/cine-de-ciencia-ficcin\/comic-con-2010-resmenes-de-los-paneles-de-cowboys-aliens-con-primera-imagen-oficial-y-resident-evil-ultratumba-el-red-band-trailer-de-30-days-of-night-dark-days-nuevos-detalles-de\">Res&uacute;menes de los paneles de Cowboys &amp; Aliens con primera imagen oficial y Resident Evil: ultratumba, el red band trailer de 30 Days of Night: Dark Days, nuevos detalles de Ghost Rider: Spirit of Vengeance y Punisher vuelve a Marvel Studios&hellip;<\/a><\/li>\n<li><a href=\"https:\/\/uruloki.org\/felipeblog\/cine-de-terror\/comic-con-2010-resumen-del-panel-de-let-me-in-con-pster-y-nuevo-trailer-la-hammer-prepara-el-reboot-de-quatermass-contrato-con-dios-de-will-eisner-al-cine-superior\">Resumen del panel de Let Me In con p&oacute;ster y nuevo trailer, la Hammer prepara el reboot de Quatermass, &quot;Contrato con Dios&quot; de Will Eisner al cine, &quot;Superior&quot; de Mark Millar tambi&eacute;n&hellip;<\/a><\/li>\n<\/ul>\n<\/li>\n<li><strong>24 de julio del 2010<\/strong>\n<ul>\n<li><a href=\"https:\/\/uruloki.org\/felipeblog\/cine-de-ciencia-ficcin\/comic-con-2010-warner-bros-triunfa-con-el-bestial-panel-de-sucker-punch\">Warner Bros. triunfa con el bestial panel de Sucker Punch&hellip;<\/a><\/li>\n<li><a href=\"https:\/\/uruloki.org\/felipeblog\/cine-de-cmics\/comic-con-2010-warner-bros-calienta-al-personal-con-el-panel-de-green-lantern-y-harry-potter-y-la-reliquias-de-la-muerte\">Warner Bros. calienta al personal con el panel de Green Lantern y Harry Potter y la reliquias de la muerte&hellip;<\/a><\/li>\n<li><a href=\"https:\/\/uruloki.org\/felipeblog\/cine-de-ciencia-ficcin\/comic-con-2010-resmenes-de-los-paneles-de-skyline-de-los-hermanos-strause-dont-be-afraid-of-the-dark-de-troy-nixey-y-drive-angry-3d-de-patrick-lussier-metraje-mostrado-incluido\">Res&uacute;menes de los paneles de Skyline de los hermanos Strause, Don&rsquo;t Be Afraid of the Dark de Troy Nixey y Drive Angry 3D de Patrick Lussier, metraje mostrado incluido&hellip;<\/a><\/li>\n<li><a href=\"https:\/\/uruloki.org\/felipeblog\/cine-de-terror\/comic-con-2010-adam-mckay-ya-es-el-director-de-the-boys-alexandre-aja-planea-el-remake-de-maniac-kate-beckinsale-podra-volver-como-selene-a-underworld-4-y-tenemos-ya-posibles-direct\">Adam McKay ya es el director de The Boys, Alexandre Aja planea el remake de Maniac, Kate Beckinsale podr&iacute;a volver como Selene a Underworld 4 y &iquest;tenemos ya posibles directores para X-Men Origins: Wolverine 2?&hellip;<\/a><\/li>\n<li><a href=\"https:\/\/uruloki.org\/felipeblog\/cine-de-cmics\/comic-con-2010-ya-estn-disponibles-el-trailer-de-priest-y-el-completo-de-the-goon\">Ya est&aacute;n disponibles el trailer de Priest y el completo de The Goon!&hellip;<\/a><\/li>\n<li><a href=\"https:\/\/uruloki.org\/felipeblog\/cine-de-terror\/comic-con-2010-ya-est-disponible-el-metraje-de-the-walking-dead-visto-en-el-panel-de-amc\">Ya est&aacute; disponible el metraje de &quot;The Walking Dead&quot; visto en el panel de AMC&hellip;<\/a><\/li>\n<li><a href=\"https:\/\/uruloki.org\/felipeblog\/cine-de-cmics\/comic-con-2010-ya-es-oficial-o-casi-mark-ruffalo-es-hulk-y-jeremy-renner-es-hawkeye-en-the-avengers-y-nathan-fillion-no-es-ant-man\">Ya es oficial (o casi), Mark Ruffalo es Hulk, Jeremy Renner es Hawkeye en The Avengers y Nathan Fillion no es Ant-Man&hellip;<\/a><\/li>\n<li><a href=\"https:\/\/uruloki.org\/felipeblog\/cine-de-terror\/comic-con-2010-resmenes-de-los-paneles-de-the-walking-dead-con-dos-nuevas-imgenes-y-piranha-3d-ms-en-serio-legin-se-merece-una-secuela\">Res&uacute;menes de los paneles de &quot;The Walking Dead&quot; (con dos nuevas im&aacute;genes) y Piranha 3D m&aacute;s &iquest;en serio Legi&oacute;n se merece una secuela?&hellip;<\/a><\/li>\n<\/ul>\n<\/li>\n<li><strong>23 de julio del 2010<\/strong>\n<ul>\n<li><a href=\"https:\/\/uruloki.org\/felipeblog\/cine-de-ciencia-ficcin\/comic-con-2010-aqu-los-tenis-los-cascos-de-loki-odn-y-thor-sale-a-la-luz-el-primer-sobresaliente-trailer-de-monsters-y-su-otro-cartel-ms-planea-warner-b\">Aqu&iacute; los ten&eacute;is, los cascos de Loki, Od&iacute;n y Thor!!!, sale a la luz el primer sobresaliente trailer de Monsters y su otro cartel m&aacute;s, &iquest;planea Warner Bros. un bombazo Wonder Woman para el 2013?&hellip;<\/a><\/li>\n<li><a href=\"https:\/\/uruloki.org\/felipeblog\/cine-de-ciencia-ficcin\/comic-con-2010-resumen-del-panel-de-battle-los-angeles-metraje-y-nuevas-fotos-se-confirma-a-sam-worthington-como-dan-dare-pilot-of-the-future-son-jonathan-nolan-y-david-s-goyer-los-ua\">Resumen del panel de Battle: Los Angeles (metraje y nuevas fotos), se confirma a Sam Worthington como Dan Dare: Pilot of the Future, &iquest;son Jonathan Nolan y David S. Goyer los &uacute;nicos candidatos para ser Superman: Man of Steel? y primeros detalles del score de Daft Punk para TRON: Legacy!&hellip;<\/a><\/li>\n<li><a href=\"https:\/\/uruloki.org\/felipeblog\/cine-de-ciencia-ficcin\/comic-con-2010-robert-rodriguez-habla-de-predators-2-deadpool-y-aqu-nos-presenta-la-sobrada-del-siglo-en-forma-de-red-band-trailer-de-machete-omg\">Robert Rodriguez habla de Predators 2, Deadpool y aqu&iacute; nos presenta la sobrada del siglo en forma de red band trailer de Machete, OMG!!!&hellip;<\/a><\/li>\n<li><a href=\"https:\/\/uruloki.org\/felipeblog\/cine-de-fantasa\/comic-con-2010-la-presentacin-de-pirates-of-the-caribbean-on-stranger-tides-y-el-teaser-mostrado\">Comic-Con 2010: la presentaci&oacute;n de Pirates of the Caribbean: On Stranger Tides y el teaser mostrado!!!&hellip;<\/a><\/li>\n<li><a href=\"https:\/\/uruloki.org\/felipeblog\/cine-de-ciencia-ficcin\/comic-con-2010-joss-whedon-oficialmente-director-de-the-avengers-j-j-abrams-habla-de-super-8-malas-noticias-para-the-cabin-in-the-woods-nuevo-hiperactivo-trailer-de-red-y-karl-urban-confirmando-q\">Joss Whedon oficialmente director de The Avengers, J.J. Abrams habla de Super 8, malas noticias para The Cabin in the Woods, nuevo hiperactivo trailer de Red y Karl Urban confirmando que es candidato para ser Judge Dredd o que Star Trek 2 arrancar&aacute; en junio del 2011&hellip;<\/a><\/li>\n<li><a href=\"https:\/\/uruloki.org\/felipeblog\/cine-de-ciencia-ficcin\/comic-con-2010-6-geniales-psters-de-las-protagonistas-de-sucker-punch\">6 geniales p&oacute;sters de las protagonistas de Sucker Punch&hellip;<\/a><\/li>\n<\/ul>\n<\/li>\n<li><strong>22 de julio del 2010<br \/>\n    <\/strong><\/p>\n<ul>\n<li><a href=\"https:\/\/uruloki.org\/felipeblog\/cine-de-ciencia-ficcin\/comic-con-2010-walt-disney-pictures-presenta-el-nuevo-trailer-de-tron-legacy-y-guillermo-del-toro-se-presenta-como-director-de-the-haunted-mansion-3d-el-nuevo-pster-de-let-me-in-no-esta\">Walt Disney Pictures presenta el nuevo trailer de TRON: Legacy y Guillermo del Toro se presenta como director de The Haunted Mansion 3D!!!, el nuevo p&oacute;ster de Let Me In no est&aacute; nada mal y &quot;The Untamed&quot; c&oacute;mic oscuro al cine&hellip;<\/a><\/li>\n<li><a href=\"https:\/\/uruloki.org\/felipeblog\/cine-de-ciencia-ficcin\/comic-con-2010-la-web-de-sucker-punch-desvela-cosas-alucinantes-y-saw-3d-ser-el-cierre-de-la-saga-ms-nuevas-imgenes-y-el-primer-teaser-trailer-de-este-punto-y-final\">La web de Sucker Punch desvela cosas alucinantes y Saw 3D ser&aacute; el cierre de la saga, m&aacute;s nuevas im&aacute;genes y el primer teaser trailer de este punto y final&hellip;<\/a><\/li>\n<li><a href=\"https:\/\/uruloki.org\/felipeblog\/cine-de-ciencia-ficcin\/comic-con-2010-fabuloso-cartel-de-the-walking-dead-creado-por-drew-struzan-primera-sorprendente-imagen-de-skyline-y-chew-un-nuevo-cmic-que-da-el-salto-al-cine-que-d\">Fabuloso cartel de &quot;The Walking Dead&quot; creado por Drew Struzan, primera sorprendente imagen de Skyline y &quot;Chew&quot;, un nuevo c&oacute;mic que da el salto al cine, que digo, a la televisi&oacute;n&hellip;<\/a><\/li>\n<li><a href=\"https:\/\/uruloki.org\/felipeblog\/cine-de-ciencia-ficcin\/comic-con-2010-primer-vistazo-al-aspecto-de-abin-sur-en-green-lantern-y-podra-ser-surtur-uno-de-los-villanos-de-thor-en-la-pelcula-de-marvel-studios-al-menos-en-el-videojueg\">Primer vistazo al aspecto de Abin Sur en Green Lantern y &iquest;podr&iacute;a ser Surtur uno de los villanos de Thor en la pel&iacute;cula de Marvel Studios?, al menos en el videojuego saldr&aacute;, arranca la campa&ntilde;a viral de Battle: Los Angeles&hellip;<\/a><\/li>\n<li><a href=\"https:\/\/uruloki.org\/felipeblog\/cine-de-ciencia-ficcin\/comic-con-2010-nuevo-trailer-de-buried-brad-pitt-protagonizar-world-war-z-y-paramount-se-hace-con-los-derechos-de-zombi-gua-de-supervivencia-y-la-novela-grfica\">Nuevo trailer de Buried, Brad Pitt protagonizar&aacute; World War Z y Paramount se hace con los derechos de &quot;Zombi &ndash; Gu&iacute;a de supervivencia&quot; y la novela gr&aacute;fica &quot;The Zombie Survival Guide: Recorded Attacks&quot;, Screen Gems desvela los primeros banners de Priest y Resident Evil: ultratumba, y la fecha de estreno para The Darkest Hour&hellip;<\/a><\/li>\n<li><a href=\"https:\/\/uruloki.org\/felipeblog\/cine-de-terror\/comic-con-2010-las-webs-oficiales-de-thor-y-captain-america-the-first-avenger-ya-estn-activas-zack-snyder-desvela-que-est-escribiendo-xerxes-astro-city-de-kurt-busiek\">Las webs oficiales de Thor y Captain America: The First Avenger ya est&aacute;n activas, Zack Snyder desvela que est&aacute; escribiendo Xerxes!, &quot;Astro City&quot; de Kurt Busiek al cine!, &iquest;Karl Urban posible Judge Dredd? y primeras im&aacute;genes de Drive Angry 3D&hellip;<\/a><\/li>\n<\/ul>\n<\/li>\n<li><strong>21 de julio del 2010<\/strong>\n<ul>\n<li><a href=\"https:\/\/uruloki.org\/felipeblog\/cine-de-terror\/comic-con-2010-cartel-especialmente-diseado-para-la-feria-de-dont-be-afraid-of-the-dark\">Cartel especialmente dise&ntilde;ado para la feria de Don&rsquo;t Be Afraid of the Dark&hellip;<\/a><\/li>\n<li><a href=\"https:\/\/uruloki.org\/felipeblog\/cine-de-terror\/comic-con-2010-pster-3d-efecto-visual-al-canto-para-promocionar-saw-3d-the-traps-come-alive\">P&oacute;ster 3D, efecto visual al canto, para promocionar Saw 3D: The Traps Come Alive&hellip;<\/a><\/li>\n<li><a href=\"https:\/\/uruloki.org\/felipeblog\/cine-de-terror\/comic-con-2010-especial-the-walking-dead-el-cmic-animado-y-10-imgenes-de-los-personajes-protagonistas\">Especial &quot;The Walking Dead&quot;. El c&oacute;mic animado y 10 im&aacute;genes de los personajes protagonistas&hellip;<\/a><\/li>\n<li><a href=\"https:\/\/uruloki.org\/felipeblog\/cine-de-ciencia-ficcin\/comic-con-2010-ew-com-nos-presenta-14-imgenes-de-otros-tantos-proyectos-que-se-promocionarn-en-la-gran-feria-desde-green-lantern-pasando-por-sucker-punch-o-battle-los-angeles-has\">EW.com nos presenta 14 im&aacute;genes de otros tantos proyectos que se promocionar&aacute;n en la gran feria. Desde Green Lantern, pasando por Sucker Punch o Battle: Los Angeles, hasta Don&rsquo;t Be Afraid of the Dark&hellip;<\/a><\/li>\n<li><a href=\"https:\/\/uruloki.org\/felipeblog\/cine-de-cmics\/comic-con-2010-yo-soy-el-dios-del-trueno-y-este-es-mjlnir-musculosa-imagen-de-thor-the-strange-case-of-hyde-otro-cmic-ms-al-cine-warner-bros-parece-haber-decid\"> Yo soy el Dios del Trueno y este es Mj&ouml;lnir! (musculosa imagen de Thor), &quot;The Strange Case of Hyde&quot; otro c&oacute;mic m&aacute;s al cine, Warner Bros. parece haber decidido que The Riddler (Enigma) sea el villano de Batman 3&hellip;<\/a><\/li>\n<li><a href=\"https:\/\/uruloki.org\/felipeblog\/cine-de-cmics\/comic-con-2010-impresionante-concept-art-de-thor-y-captain-america-the-first-avenger\"> Impresionante concept art de Thor y Captain America: The First Avenger!!!&hellip;<\/a><\/li>\n<\/ul>\n<\/li>\n<li><strong>20 de julio del 2010<\/strong>\n<ul>\n<li><a href=\"https:\/\/uruloki.org\/felipeblog\/cine-de-ciencia-ficcin\/comic-con-2010-mark-protosevich-adaptar-el-futuro-cmic-freakshow-ya-tenemos-el-primer-cartel-de-la-san-diego-comic-con-2010-y-es-el-de-saw-3d-flash-gordon-ser-ot\">Mark Protosevich adaptar&aacute; el futuro c&oacute;mic &quot;Freakshow&quot;, ya tenemos el primer cartel de la San Diego Comic-Con 2010 y es el de Saw 3D, Flash Gordon ser&aacute; otro film de or&iacute;genes y nueva imagen de Machete&hellip;<\/a><\/li>\n<li><a href=\"https:\/\/uruloki.org\/felipeblog\/cine-de-ciencia-ficcin\/comic-con-2010-primer-teaser-trailer-de-the-goon-sam-raimi-vuelve-al-western-aunque-futurista-con-la-adaptacin-comiquera-earp-saints-for-sinners-ya-hay-fecha-de-inicio-del-rodaje\">Primer teaser trailer de The Goon! Sam Raimi vuelve al western, aunque futurista, con la adaptaci&oacute;n comiquera Earp: Saints for Sinners, &iquest;ya hay fecha de inicio del rodaje de Star Trek 2?, &iquest;es Adrien Brody el futuro Hank Pym en Ant-Man? y ataque virales de Buried y Let Me In&hellip;<\/a><\/li>\n<\/ul>\n<\/li>\n<\/ul>\n<p><strong>Agenda<\/strong><\/p>\n<ul>\n<li><a href=\"https:\/\/uruloki.org\/felipeblog\/comic-con-2010\/2d2-programa-de-la-comic-con-de-san-diego-2010-para-el-sbado-24-de-julio\"> Programa de la Comic-Con de San Diego 2010 para el s&aacute;bado 24 de julio&hellip;<\/a><\/li>\n<li><a href=\"https:\/\/uruloki.org\/felipeblog\/comic-con-2010\/1d2-programa-de-la-comic-con-de-san-diego-2010-para-el-viernes-23-de-julio\"> Programa de la Comic-Con de San Diego 2010 para el viernes 23 de julio&hellip;<\/a><\/li>\n<li><a href=\"https:\/\/uruloki.org\/felipeblog\/comic-con-2010\/2d2-programa-de-la-comic-con-de-san-diego-2010-para-el-jueves-22-de-julio\"> Programa de la Comic-Con de San Diego 2010 para el jueves 22 de julio&hellip;<\/a><\/li>\n<\/ul>\n<p><strong>Previa<\/strong><\/p>\n<ul>\n<li><a href=\"https:\/\/uruloki.org\/felipeblog\/comic-con-2010\/comic-con-2010-comienza-la-cobertura-especial-y-qu-empieza-a-sonar-que-veremos\">Comienza la cobertura especial y &iquest;qu&eacute; empieza a sonar que veremos?&hellip;<\/a><\/li>\n<\/ul>\n","protected":false},"excerpt":{"rendered":"<p>En esta p&aacute;gina ir&eacute; recopilando todos los enlaces de las noticias que publique sobre la celebraci&oacute;n de la Comic-Con Internacional de San Diego 2010. As&iacute; podr&eacute;is localizar las noticias m&aacute;s f&aacute;cilmente. Noticias 25 de julio del 2010 Gran resumen del panel de Marvel Studios. Metraje de Thor, metraje de Captain America: The First Avenger (primera [&hellip;]<\/p>\n","protected":false},"author":28,"featured_media":0,"parent":0,"menu_order":0,"comment_status":"open","ping_status":"open","template":"","meta":{"footnotes":""},"class_list":["post-4316","page","type-page","status-publish","hentry"],"yoast_head":"<!-- This site is optimized with the Yoast SEO plugin v24.3 - https:\/\/yoast.com\/wordpress\/plugins\/seo\/ -->\n<title>Las noticias de la Comic-Con 2010 - Uruloki :: Blog<\/title>\n<meta name=\"robots\" content=\"index, follow, max-snippet:-1, max-image-preview:large, max-video-preview:-1\" \/>\n<link rel=\"canonical\" href=\"https:\/\/www.uruloki.org\/felipeblog\/comic-con-2010\" \/>\n<meta property=\"og:locale\" content=\"es_ES\" \/>\n<meta property=\"og:type\" content=\"article\" \/>\n<meta property=\"og:title\" content=\"Las noticias de la Comic-Con 2010 - Uruloki :: Blog\" \/>\n<meta property=\"og:description\" content=\"En esta p&aacute;gina ir&eacute; recopilando todos los enlaces de las noticias que publique sobre la celebraci&oacute;n de la Comic-Con Internacional de San Diego 2010. As&iacute; podr&eacute;is localizar las noticias m&aacute;s f&aacute;cilmente. Noticias 25 de julio del 2010 Gran resumen del panel de Marvel Studios. Metraje de Thor, metraje de Captain America: The First Avenger (primera [&hellip;]\" \/>\n<meta property=\"og:url\" content=\"https:\/\/www.uruloki.org\/felipeblog\/comic-con-2010\" \/>\n<meta property=\"og:site_name\" content=\"Uruloki :: Blog\" \/>\n<meta property=\"article:publisher\" content=\"https:\/\/www.facebook.com\/uruloki.org\" \/>\n<meta property=\"article:modified_time\" content=\"2010-07-25T16:49:27+00:00\" \/>\n<meta property=\"og:image\" content=\"https:\/\/uruloki.org\/felipeblog\/images2010\/20100704-comic-con-2010.jpg\" \/>\n<meta name=\"twitter:card\" content=\"summary_large_image\" \/>\n<meta name=\"twitter:site\" content=\"@uruloki\" \/>\n<meta name=\"twitter:label1\" content=\"Tiempo de lectura\" \/>\n\t<meta name=\"twitter:data1\" content=\"6 minutos\" \/>\n<script type=\"application\/ld+json\" class=\"yoast-schema-graph\">{\"@context\":\"https:\/\/schema.org\",\"@graph\":[{\"@type\":\"WebPage\",\"@id\":\"https:\/\/www.uruloki.org\/felipeblog\/comic-con-2010\",\"url\":\"https:\/\/www.uruloki.org\/felipeblog\/comic-con-2010\",\"name\":\"Las noticias de la Comic-Con 2010 - Uruloki :: Blog\",\"isPartOf\":{\"@id\":\"https:\/\/www.uruloki.org\/felipeblog\/#website\"},\"primaryImageOfPage\":{\"@id\":\"https:\/\/www.uruloki.org\/felipeblog\/comic-con-2010#primaryimage\"},\"image\":{\"@id\":\"https:\/\/www.uruloki.org\/felipeblog\/comic-con-2010#primaryimage\"},\"thumbnailUrl\":\"https:\/\/uruloki.org\/felipeblog\/images2010\/20100704-comic-con-2010.jpg\",\"datePublished\":\"2010-07-21T19:15:48+00:00\",\"dateModified\":\"2010-07-25T16:49:27+00:00\",\"breadcrumb\":{\"@id\":\"https:\/\/www.uruloki.org\/felipeblog\/comic-con-2010#breadcrumb\"},\"inLanguage\":\"es\",\"potentialAction\":[{\"@type\":\"ReadAction\",\"target\":[\"https:\/\/www.uruloki.org\/felipeblog\/comic-con-2010\"]}]},{\"@type\":\"ImageObject\",\"inLanguage\":\"es\",\"@id\":\"https:\/\/www.uruloki.org\/felipeblog\/comic-con-2010#primaryimage\",\"url\":\"https:\/\/uruloki.org\/felipeblog\/images2010\/20100704-comic-con-2010.jpg\",\"contentUrl\":\"https:\/\/uruloki.org\/felipeblog\/images2010\/20100704-comic-con-2010.jpg\"},{\"@type\":\"BreadcrumbList\",\"@id\":\"https:\/\/www.uruloki.org\/felipeblog\/comic-con-2010#breadcrumb\",\"itemListElement\":[{\"@type\":\"ListItem\",\"position\":1,\"name\":\"Portada\",\"item\":\"https:\/\/www.uruloki.org\/felipeblog\"},{\"@type\":\"ListItem\",\"position\":2,\"name\":\"Las noticias de la Comic-Con 2010\"}]},{\"@type\":\"WebSite\",\"@id\":\"https:\/\/www.uruloki.org\/felipeblog\/#website\",\"url\":\"https:\/\/www.uruloki.org\/felipeblog\/\",\"name\":\"Uruloki :: Blog\",\"description\":\"Blog de cine, terror, ciencia ficci\u00f3n, fantas\u00eda y c\u00f3mics\",\"potentialAction\":[{\"@type\":\"SearchAction\",\"target\":{\"@type\":\"EntryPoint\",\"urlTemplate\":\"https:\/\/www.uruloki.org\/felipeblog\/?s={search_term_string}\"},\"query-input\":{\"@type\":\"PropertyValueSpecification\",\"valueRequired\":true,\"valueName\":\"search_term_string\"}}],\"inLanguage\":\"es\"}]}<\/script>\n<!-- \/ Yoast SEO plugin. -->","yoast_head_json":{"title":"Las noticias de la Comic-Con 2010 - Uruloki :: Blog","robots":{"index":"index","follow":"follow","max-snippet":"max-snippet:-1","max-image-preview":"max-image-preview:large","max-video-preview":"max-video-preview:-1"},"canonical":"https:\/\/www.uruloki.org\/felipeblog\/comic-con-2010","og_locale":"es_ES","og_type":"article","og_title":"Las noticias de la Comic-Con 2010 - Uruloki :: Blog","og_description":"En esta p&aacute;gina ir&eacute; recopilando todos los enlaces de las noticias que publique sobre la celebraci&oacute;n de la Comic-Con Internacional de San Diego 2010. As&iacute; podr&eacute;is localizar las noticias m&aacute;s f&aacute;cilmente. Noticias 25 de julio del 2010 Gran resumen del panel de Marvel Studios. Metraje de Thor, metraje de Captain America: The First Avenger (primera [&hellip;]","og_url":"https:\/\/www.uruloki.org\/felipeblog\/comic-con-2010","og_site_name":"Uruloki :: Blog","article_publisher":"https:\/\/www.facebook.com\/uruloki.org","article_modified_time":"2010-07-25T16:49:27+00:00","og_image":[{"url":"https:\/\/uruloki.org\/felipeblog\/images2010\/20100704-comic-con-2010.jpg","type":"","width":"","height":""}],"twitter_card":"summary_large_image","twitter_site":"@uruloki","twitter_misc":{"Tiempo de lectura":"6 minutos"},"schema":{"@context":"https:\/\/schema.org","@graph":[{"@type":"WebPage","@id":"https:\/\/www.uruloki.org\/felipeblog\/comic-con-2010","url":"https:\/\/www.uruloki.org\/felipeblog\/comic-con-2010","name":"Las noticias de la Comic-Con 2010 - Uruloki :: Blog","isPartOf":{"@id":"https:\/\/www.uruloki.org\/felipeblog\/#website"},"primaryImageOfPage":{"@id":"https:\/\/www.uruloki.org\/felipeblog\/comic-con-2010#primaryimage"},"image":{"@id":"https:\/\/www.uruloki.org\/felipeblog\/comic-con-2010#primaryimage"},"thumbnailUrl":"https:\/\/uruloki.org\/felipeblog\/images2010\/20100704-comic-con-2010.jpg","datePublished":"2010-07-21T19:15:48+00:00","dateModified":"2010-07-25T16:49:27+00:00","breadcrumb":{"@id":"https:\/\/www.uruloki.org\/felipeblog\/comic-con-2010#breadcrumb"},"inLanguage":"es","potentialAction":[{"@type":"ReadAction","target":["https:\/\/www.uruloki.org\/felipeblog\/comic-con-2010"]}]},{"@type":"ImageObject","inLanguage":"es","@id":"https:\/\/www.uruloki.org\/felipeblog\/comic-con-2010#primaryimage","url":"https:\/\/uruloki.org\/felipeblog\/images2010\/20100704-comic-con-2010.jpg","contentUrl":"https:\/\/uruloki.org\/felipeblog\/images2010\/20100704-comic-con-2010.jpg"},{"@type":"BreadcrumbList","@id":"https:\/\/www.uruloki.org\/felipeblog\/comic-con-2010#breadcrumb","itemListElement":[{"@type":"ListItem","position":1,"name":"Portada","item":"https:\/\/www.uruloki.org\/felipeblog"},{"@type":"ListItem","position":2,"name":"Las noticias de la Comic-Con 2010"}]},{"@type":"WebSite","@id":"https:\/\/www.uruloki.org\/felipeblog\/#website","url":"https:\/\/www.uruloki.org\/felipeblog\/","name":"Uruloki :: Blog","description":"Blog de cine, terror, ciencia ficci\u00f3n, fantas\u00eda y c\u00f3mics","potentialAction":[{"@type":"SearchAction","target":{"@type":"EntryPoint","urlTemplate":"https:\/\/www.uruloki.org\/felipeblog\/?s={search_term_string}"},"query-input":{"@type":"PropertyValueSpecification","valueRequired":true,"valueName":"search_term_string"}}],"inLanguage":"es"}]}},"_links":{"self":[{"href":"https:\/\/www.uruloki.org\/felipeblog\/wp-json\/wp\/v2\/pages\/4316","targetHints":{"allow":["GET"]}}],"collection":[{"href":"https:\/\/www.uruloki.org\/felipeblog\/wp-json\/wp\/v2\/pages"}],"about":[{"href":"https:\/\/www.uruloki.org\/felipeblog\/wp-json\/wp\/v2\/types\/page"}],"author":[{"embeddable":true,"href":"https:\/\/www.uruloki.org\/felipeblog\/wp-json\/wp\/v2\/users\/28"}],"replies":[{"embeddable":true,"href":"https:\/\/www.uruloki.org\/felipeblog\/wp-json\/wp\/v2\/comments?post=4316"}],"version-history":[{"count":15,"href":"https:\/\/www.uruloki.org\/felipeblog\/wp-json\/wp\/v2\/pages\/4316\/revisions"}],"predecessor-version":[{"id":4406,"href":"https:\/\/www.uruloki.org\/felipeblog\/wp-json\/wp\/v2\/pages\/4316\/revisions\/4406"}],"wp:attachment":[{"href":"https:\/\/www.uruloki.org\/felipeblog\/wp-json\/wp\/v2\/media?parent=4316"}],"curies":[{"name":"wp","href":"https:\/\/api.w.org\/{rel}","templated":true}]}}