{"id":3966,"date":"2010-05-02T23:18:16","date_gmt":"2010-05-02T22:18:16","guid":{"rendered":"https:\/\/uruloki.org\/felipeblog\/el-4-de-junio-se-estrena-kick-ass-y-es-hora-de-comenzar-a-celebrarlo"},"modified":"2010-06-07T00:29:58","modified_gmt":"2010-06-06T22:29:58","slug":"el-4-de-junio-se-estrena-kick-ass-y-es-hora-de-comenzar-a-celebrarlo","status":"publish","type":"page","link":"https:\/\/www.uruloki.org\/felipeblog\/el-4-de-junio-se-estrena-kick-ass-y-es-hora-de-comenzar-a-celebrarlo","title":{"rendered":"El 4 de junio se estrena Kick-Ass y es hora de comenzar a celebrarlo!!!"},"content":{"rendered":"<p>Con motivo del inminente estreno de <a href=\"http:\/\/www.imdb.es\/title\/tt1250777\/\">Kick-Ass<\/a> (2010) de <a href=\"http:\/\/www.imdb.es\/name\/nm0891216\/\">Matthew Vaughn<\/a>, <strong>el 4 de junio llegar&aacute; a las salas de cine<\/strong>, <strong>Universal Pictures<\/strong> ha tenido a bien tirar la casa por la ventana y montar un gran concurso de promoci&oacute;n de la esperada pel&iacute;cula comiquera de <strong>MARV Films<\/strong> \/ <strong>Plan B<\/strong> buscando como plataforma a <strong>Uruloki :: Blog<\/strong>. Adaptando el c&oacute;mic hom&oacute;nimo escrito con ingenio por <strong>Mark Millar<\/strong> y dibujado con maestr&iacute;a por <strong>John Romita Jr.<\/strong>, <strong>Matthew Vaughn<\/strong> se ha sacado de la manga una traslaci&oacute;n casi perfecta de la vi&ntilde;eta al fotograma digna de ser vista y disfrutada en todo su esplendor. Pasaros por la web oficial, <a href=\"http:\/\/www.kick-ass.es\/\">www.kick-ass.es<\/a>, para obtener la &uacute;ltima informaci&oacute;n de la pel&iacute;cula.<\/p>\n<blockquote>\n<p>Kick-Ass cuenta la historia del adolescente Dave Lizewski (Aaron Johnson), que llevado por su obsesi&oacute;n por los c&oacute;mics decide convertirse en un superh&eacute;roe en la vida real. Como todo buen superh&eacute;roe que se precie, elige un nuevo nombre &#8211; Kick-Ass &#8211; consigue un traje y una m&aacute;scara, y se pone a trabajar en la lucha contra el crimen. Solo hay un problema: Kick-Ass no tiene absolutamente ning&uacute;n superpoder!<\/p>\n<p>Su vida cambia para siempre ya que inspira una subcultura de imitadores, se junta con un par de locos justicieros &#8211; el torbellino armado de once a&ntilde;os de edad Hit-Girl (Chloe Grace Moretz), y su padre, Big Papi (Nicolas Cage) &#8211; y forja una amistad con otro superh&eacute;roe incipiente, Bruma Roja (Christopher Mintz-Plasse). Pero gracias a las intrigas de un jefe de la mafia local Frank D&rsquo;Amico (Mark Strong), la nueva alianza se pondr&aacute; a prueba&#8230;<\/p>\n<\/blockquote>\n<p>Tras disfrutar de <a href=\"https:\/\/uruloki.org\/felipeblog\/personalsimo\/kick-ass-es-jodidamente-genial-fucking-awesome\">una oportunidad &uacute;nica de ver la pel&iacute;cula en primicia<\/a>, y esperando poder volver a verla <strong>este pr&oacute;ximo 4 de junio<\/strong> que tengo marcado en el calendario, vengo a anunciaros, aqu&iacute; no se espera a nadie, el <strong>Decimosexto Concurso Uruloki<\/strong>, y tomad asiento porque es de los gordos! Como dicen al otro lado del charco&#8230; <em>Fucking Awesome<\/em>!!!<\/p>\n<p>Veamos, el lunes 7 de junio, tras superar con tranquilidad el fin de semana de estreno de <strong>Kick-Ass<\/strong>, os convido a las <strong>22:00 horas, 10 PM hora de la pen&iacute;nsula<\/strong>, a pasaros por el blog para optar a uno de los <strong>4 premios<\/strong> que os esperan. Si, hab&eacute;is le&iacute;do  bien&#8230; <strong>4 PREMIOS<\/strong>! Se trata del ese mismo n&uacute;mero de <strong> lotes de 5 p&oacute;sters de Kick-Ass<\/strong> y que ser&aacute;n enviados a aquellos que respondan, con la mayor celeridad posible, a la serie de preguntas que plantear&eacute; a esa hora. &iquest;Y que p&oacute;sters hay en cada lote? Pues comencemos present&aacute;ndolos porque  dar&aacute;n que hablar. El primero de ellos es el que os dejo a continuaci&oacute;n&#8230;<\/p>\n<p class=\"centrado\"><img loading=\"lazy\" decoding=\"async\" src=\"https:\/\/uruloki.org\/felipeblog\/images2010\/20100502-kick-ass-poster-principal.jpg\" alt=\"P&oacute;ster espa&ntilde;ol de Kick-Ass\" width=\"347\" height=\"500\" \/><br \/>\n<em>P&oacute;ster espa&ntilde;ol de Kick-Ass<\/em><\/p>\n<p>Pues si, se trata del p&oacute;ster oficial espa&ntilde;ol con el que se estrena <strong>Kick-Ass<\/strong>! Os puedo asegurar que mola un rato largo y que la carga de colorido es sencillamente fabulosa. Y os preguntar&eacute;is&#8230; &iquest;y los otros cuatro? Pues echad un vistazo y alucinad un rato largo.<\/p>\n<p class=\"centrado\"><img loading=\"lazy\" decoding=\"async\" src=\"https:\/\/uruloki.org\/felipeblog\/images2010\/20100502-kick-ass-set-a.jpg\" alt=\"Kick-Ass y Bruma Roja\" width=\"498\" height=\"367\" \/><br \/><em>Kick-Ass y Bruma Roja<\/em><\/p>\n<p class=\"centrado\"><img loading=\"lazy\" decoding=\"async\" src=\"https:\/\/uruloki.org\/felipeblog\/images2010\/20100502-kick-ass-set-b.jpg\" alt=\"Hit-Girl y Big Papi\" width=\"498\" height=\"367\" \/><br \/><em>Hit-Girl y Big Papi<\/em><\/p>\n<p>Lo que veis  son los <strong>4 carteles americanos originales<\/strong> dedicados a cada personaje que se han utilizado para promocionar el proyecto en esas tierras!!! Nuevamente, y por motivos monetarios, el concurso se reduce al territorio espa&ntilde;ol. Y recordad, si adem&aacute;s quieres convertiros  en un personaje de <strong>Kick-Ass<\/strong> no dejes de visitar&hellip; <a href=\"http:\/\/www.kick-ass.es\/superhero\/\">Kick-Ass: convi&eacute;rtete  en Superh&eacute;roe!<\/a> , porque&#8230; olvidaros de la hipervelocidad, de la superfuerza, la telequinesia, de los rayos o la capacidad de volar; si de verdad quer&eacute;is  ser un h&eacute;roe m&aacute;s os vale comenzar confeccionando un traje en condiciones. <strong>Kick-Ass: convi&eacute;rtete  en Superh&eacute;roe<\/strong> es un juego donde pod&eacute;is equiparos con diferentes ropajes para sentiros como <strong>Dave Lizewski<\/strong> se siente caundo se enfunda en ese mono verde y amarillo&#8230; otra cosa es que luego os pateen  el culo.<\/p>\n","protected":false},"excerpt":{"rendered":"<p>Con motivo del inminente estreno de Kick-Ass (2010) de Matthew Vaughn, el 4 de junio llegar&aacute; a las salas de cine, Universal Pictures ha tenido a bien tirar la casa por la ventana y montar un gran concurso de promoci&oacute;n de la esperada pel&iacute;cula comiquera de MARV Films \/ Plan B buscando como plataforma a [&hellip;]<\/p>\n","protected":false},"author":28,"featured_media":0,"parent":0,"menu_order":0,"comment_status":"open","ping_status":"open","template":"","meta":{"footnotes":""},"class_list":["post-3966","page","type-page","status-publish","hentry"],"yoast_head":"<!-- This site is optimized with the Yoast SEO plugin v24.3 - https:\/\/yoast.com\/wordpress\/plugins\/seo\/ -->\n<title>El 4 de junio se estrena Kick-Ass y es hora de comenzar a celebrarlo!!! - Uruloki :: Blog<\/title>\n<meta name=\"robots\" content=\"index, follow, max-snippet:-1, max-image-preview:large, max-video-preview:-1\" \/>\n<link rel=\"canonical\" href=\"https:\/\/www.uruloki.org\/felipeblog\/el-4-de-junio-se-estrena-kick-ass-y-es-hora-de-comenzar-a-celebrarlo\" \/>\n<meta property=\"og:locale\" content=\"es_ES\" \/>\n<meta property=\"og:type\" content=\"article\" \/>\n<meta property=\"og:title\" content=\"El 4 de junio se estrena Kick-Ass y es hora de comenzar a celebrarlo!!! - Uruloki :: Blog\" \/>\n<meta property=\"og:description\" content=\"Con motivo del inminente estreno de Kick-Ass (2010) de Matthew Vaughn, el 4 de junio llegar&aacute; a las salas de cine, Universal Pictures ha tenido a bien tirar la casa por la ventana y montar un gran concurso de promoci&oacute;n de la esperada pel&iacute;cula comiquera de MARV Films \/ Plan B buscando como plataforma a [&hellip;]\" \/>\n<meta property=\"og:url\" content=\"https:\/\/www.uruloki.org\/felipeblog\/el-4-de-junio-se-estrena-kick-ass-y-es-hora-de-comenzar-a-celebrarlo\" \/>\n<meta property=\"og:site_name\" content=\"Uruloki :: Blog\" \/>\n<meta property=\"article:publisher\" content=\"https:\/\/www.facebook.com\/uruloki.org\" \/>\n<meta property=\"article:modified_time\" content=\"2010-06-06T22:29:58+00:00\" \/>\n<meta property=\"og:image\" content=\"https:\/\/uruloki.org\/felipeblog\/images2010\/20100502-kick-ass-poster-principal.jpg\" \/>\n<meta name=\"twitter:card\" content=\"summary_large_image\" \/>\n<meta name=\"twitter:site\" content=\"@uruloki\" \/>\n<meta name=\"twitter:label1\" content=\"Tiempo de lectura\" \/>\n\t<meta name=\"twitter:data1\" content=\"4 minutos\" \/>\n<script type=\"application\/ld+json\" class=\"yoast-schema-graph\">{\"@context\":\"https:\/\/schema.org\",\"@graph\":[{\"@type\":\"WebPage\",\"@id\":\"https:\/\/www.uruloki.org\/felipeblog\/el-4-de-junio-se-estrena-kick-ass-y-es-hora-de-comenzar-a-celebrarlo\",\"url\":\"https:\/\/www.uruloki.org\/felipeblog\/el-4-de-junio-se-estrena-kick-ass-y-es-hora-de-comenzar-a-celebrarlo\",\"name\":\"El 4 de junio se estrena Kick-Ass y es hora de comenzar a celebrarlo!!! - Uruloki :: Blog\",\"isPartOf\":{\"@id\":\"https:\/\/www.uruloki.org\/felipeblog\/#website\"},\"primaryImageOfPage\":{\"@id\":\"https:\/\/www.uruloki.org\/felipeblog\/el-4-de-junio-se-estrena-kick-ass-y-es-hora-de-comenzar-a-celebrarlo#primaryimage\"},\"image\":{\"@id\":\"https:\/\/www.uruloki.org\/felipeblog\/el-4-de-junio-se-estrena-kick-ass-y-es-hora-de-comenzar-a-celebrarlo#primaryimage\"},\"thumbnailUrl\":\"https:\/\/uruloki.org\/felipeblog\/images2010\/20100502-kick-ass-poster-principal.jpg\",\"datePublished\":\"2010-05-02T22:18:16+00:00\",\"dateModified\":\"2010-06-06T22:29:58+00:00\",\"breadcrumb\":{\"@id\":\"https:\/\/www.uruloki.org\/felipeblog\/el-4-de-junio-se-estrena-kick-ass-y-es-hora-de-comenzar-a-celebrarlo#breadcrumb\"},\"inLanguage\":\"es\",\"potentialAction\":[{\"@type\":\"ReadAction\",\"target\":[\"https:\/\/www.uruloki.org\/felipeblog\/el-4-de-junio-se-estrena-kick-ass-y-es-hora-de-comenzar-a-celebrarlo\"]}]},{\"@type\":\"ImageObject\",\"inLanguage\":\"es\",\"@id\":\"https:\/\/www.uruloki.org\/felipeblog\/el-4-de-junio-se-estrena-kick-ass-y-es-hora-de-comenzar-a-celebrarlo#primaryimage\",\"url\":\"https:\/\/uruloki.org\/felipeblog\/images2010\/20100502-kick-ass-poster-principal.jpg\",\"contentUrl\":\"https:\/\/uruloki.org\/felipeblog\/images2010\/20100502-kick-ass-poster-principal.jpg\"},{\"@type\":\"BreadcrumbList\",\"@id\":\"https:\/\/www.uruloki.org\/felipeblog\/el-4-de-junio-se-estrena-kick-ass-y-es-hora-de-comenzar-a-celebrarlo#breadcrumb\",\"itemListElement\":[{\"@type\":\"ListItem\",\"position\":1,\"name\":\"Portada\",\"item\":\"https:\/\/www.uruloki.org\/felipeblog\"},{\"@type\":\"ListItem\",\"position\":2,\"name\":\"El 4 de junio se estrena Kick-Ass y es hora de comenzar a celebrarlo!!!\"}]},{\"@type\":\"WebSite\",\"@id\":\"https:\/\/www.uruloki.org\/felipeblog\/#website\",\"url\":\"https:\/\/www.uruloki.org\/felipeblog\/\",\"name\":\"Uruloki :: Blog\",\"description\":\"Blog de cine, terror, ciencia ficci\u00f3n, fantas\u00eda y c\u00f3mics\",\"potentialAction\":[{\"@type\":\"SearchAction\",\"target\":{\"@type\":\"EntryPoint\",\"urlTemplate\":\"https:\/\/www.uruloki.org\/felipeblog\/?s={search_term_string}\"},\"query-input\":{\"@type\":\"PropertyValueSpecification\",\"valueRequired\":true,\"valueName\":\"search_term_string\"}}],\"inLanguage\":\"es\"}]}<\/script>\n<!-- \/ Yoast SEO plugin. -->","yoast_head_json":{"title":"El 4 de junio se estrena Kick-Ass y es hora de comenzar a celebrarlo!!! - Uruloki :: Blog","robots":{"index":"index","follow":"follow","max-snippet":"max-snippet:-1","max-image-preview":"max-image-preview:large","max-video-preview":"max-video-preview:-1"},"canonical":"https:\/\/www.uruloki.org\/felipeblog\/el-4-de-junio-se-estrena-kick-ass-y-es-hora-de-comenzar-a-celebrarlo","og_locale":"es_ES","og_type":"article","og_title":"El 4 de junio se estrena Kick-Ass y es hora de comenzar a celebrarlo!!! - Uruloki :: Blog","og_description":"Con motivo del inminente estreno de Kick-Ass (2010) de Matthew Vaughn, el 4 de junio llegar&aacute; a las salas de cine, Universal Pictures ha tenido a bien tirar la casa por la ventana y montar un gran concurso de promoci&oacute;n de la esperada pel&iacute;cula comiquera de MARV Films \/ Plan B buscando como plataforma a [&hellip;]","og_url":"https:\/\/www.uruloki.org\/felipeblog\/el-4-de-junio-se-estrena-kick-ass-y-es-hora-de-comenzar-a-celebrarlo","og_site_name":"Uruloki :: Blog","article_publisher":"https:\/\/www.facebook.com\/uruloki.org","article_modified_time":"2010-06-06T22:29:58+00:00","og_image":[{"url":"https:\/\/uruloki.org\/felipeblog\/images2010\/20100502-kick-ass-poster-principal.jpg","type":"","width":"","height":""}],"twitter_card":"summary_large_image","twitter_site":"@uruloki","twitter_misc":{"Tiempo de lectura":"4 minutos"},"schema":{"@context":"https:\/\/schema.org","@graph":[{"@type":"WebPage","@id":"https:\/\/www.uruloki.org\/felipeblog\/el-4-de-junio-se-estrena-kick-ass-y-es-hora-de-comenzar-a-celebrarlo","url":"https:\/\/www.uruloki.org\/felipeblog\/el-4-de-junio-se-estrena-kick-ass-y-es-hora-de-comenzar-a-celebrarlo","name":"El 4 de junio se estrena Kick-Ass y es hora de comenzar a celebrarlo!!! - Uruloki :: Blog","isPartOf":{"@id":"https:\/\/www.uruloki.org\/felipeblog\/#website"},"primaryImageOfPage":{"@id":"https:\/\/www.uruloki.org\/felipeblog\/el-4-de-junio-se-estrena-kick-ass-y-es-hora-de-comenzar-a-celebrarlo#primaryimage"},"image":{"@id":"https:\/\/www.uruloki.org\/felipeblog\/el-4-de-junio-se-estrena-kick-ass-y-es-hora-de-comenzar-a-celebrarlo#primaryimage"},"thumbnailUrl":"https:\/\/uruloki.org\/felipeblog\/images2010\/20100502-kick-ass-poster-principal.jpg","datePublished":"2010-05-02T22:18:16+00:00","dateModified":"2010-06-06T22:29:58+00:00","breadcrumb":{"@id":"https:\/\/www.uruloki.org\/felipeblog\/el-4-de-junio-se-estrena-kick-ass-y-es-hora-de-comenzar-a-celebrarlo#breadcrumb"},"inLanguage":"es","potentialAction":[{"@type":"ReadAction","target":["https:\/\/www.uruloki.org\/felipeblog\/el-4-de-junio-se-estrena-kick-ass-y-es-hora-de-comenzar-a-celebrarlo"]}]},{"@type":"ImageObject","inLanguage":"es","@id":"https:\/\/www.uruloki.org\/felipeblog\/el-4-de-junio-se-estrena-kick-ass-y-es-hora-de-comenzar-a-celebrarlo#primaryimage","url":"https:\/\/uruloki.org\/felipeblog\/images2010\/20100502-kick-ass-poster-principal.jpg","contentUrl":"https:\/\/uruloki.org\/felipeblog\/images2010\/20100502-kick-ass-poster-principal.jpg"},{"@type":"BreadcrumbList","@id":"https:\/\/www.uruloki.org\/felipeblog\/el-4-de-junio-se-estrena-kick-ass-y-es-hora-de-comenzar-a-celebrarlo#breadcrumb","itemListElement":[{"@type":"ListItem","position":1,"name":"Portada","item":"https:\/\/www.uruloki.org\/felipeblog"},{"@type":"ListItem","position":2,"name":"El 4 de junio se estrena Kick-Ass y es hora de comenzar a celebrarlo!!!"}]},{"@type":"WebSite","@id":"https:\/\/www.uruloki.org\/felipeblog\/#website","url":"https:\/\/www.uruloki.org\/felipeblog\/","name":"Uruloki :: Blog","description":"Blog de cine, terror, ciencia ficci\u00f3n, fantas\u00eda y c\u00f3mics","potentialAction":[{"@type":"SearchAction","target":{"@type":"EntryPoint","urlTemplate":"https:\/\/www.uruloki.org\/felipeblog\/?s={search_term_string}"},"query-input":{"@type":"PropertyValueSpecification","valueRequired":true,"valueName":"search_term_string"}}],"inLanguage":"es"}]}},"_links":{"self":[{"href":"https:\/\/www.uruloki.org\/felipeblog\/wp-json\/wp\/v2\/pages\/3966","targetHints":{"allow":["GET"]}}],"collection":[{"href":"https:\/\/www.uruloki.org\/felipeblog\/wp-json\/wp\/v2\/pages"}],"about":[{"href":"https:\/\/www.uruloki.org\/felipeblog\/wp-json\/wp\/v2\/types\/page"}],"author":[{"embeddable":true,"href":"https:\/\/www.uruloki.org\/felipeblog\/wp-json\/wp\/v2\/users\/28"}],"replies":[{"embeddable":true,"href":"https:\/\/www.uruloki.org\/felipeblog\/wp-json\/wp\/v2\/comments?post=3966"}],"version-history":[{"count":2,"href":"https:\/\/www.uruloki.org\/felipeblog\/wp-json\/wp\/v2\/pages\/3966\/revisions"}],"predecessor-version":[{"id":4109,"href":"https:\/\/www.uruloki.org\/felipeblog\/wp-json\/wp\/v2\/pages\/3966\/revisions\/4109"}],"wp:attachment":[{"href":"https:\/\/www.uruloki.org\/felipeblog\/wp-json\/wp\/v2\/media?parent=3966"}],"curies":[{"name":"wp","href":"https:\/\/api.w.org\/{rel}","templated":true}]}}