{"id":3836,"date":"2010-04-04T10:50:02","date_gmt":"2010-04-04T09:50:02","guid":{"rendered":"https:\/\/uruloki.org\/felipeblog\/filminos-de-abel-alves"},"modified":"2011-07-03T22:27:52","modified_gmt":"2011-07-03T20:27:52","slug":"filminos-de-abel-alves","status":"publish","type":"page","link":"https:\/\/www.uruloki.org\/felipeblog\/filminos-de-abel-alves","title":{"rendered":"Filminos de Abel Alves&#8230;"},"content":{"rendered":"<p style=\"clear:both;\">Pod&eacute;is disfrutar de todas las tiras de <strong>Filminos<\/strong> visitando los enlaces siguientes o si prefer&iacute;s verlos en mayor calidad en la web de <strong>Abel Alves<\/strong>: <a href=\"http:\/\/zombess.blogspot.com\/search\/label\/filminos\" target=\"_blank\">ver Filminos en HQ!<\/a><\/p>\n<ul>\n<li>Temporada 2\n<ul>\n<li><a href=\"https:\/\/uruloki.org\/felipeblog\/filminos\/filminos-s02e21\">Filminos S02E21&#8230;<\/a><\/li>\n<li><a href=\"https:\/\/uruloki.org\/felipeblog\/filminos\/filminos-s02e20\">Filminos S02E20&#8230;<\/a><\/li>\n<li><a href=\"https:\/\/uruloki.org\/felipeblog\/filminos\/filminos-s02e19\">Filminos S02E19&#8230;<\/a><\/li>\n<li><a href=\"https:\/\/uruloki.org\/felipeblog\/filminos\/filminos-s02e18\">Filminos S02E18&#8230;<\/a><\/li>\n<li><a href=\"https:\/\/uruloki.org\/felipeblog\/filminos\/filminos-s02e17\">Filminos S02E17&#8230;<\/a><\/li>\n<li><a href=\"https:\/\/uruloki.org\/felipeblog\/filminos\/filminos-s02e16\">Filminos S02E16&#8230;<\/a><\/li>\n<li><a href=\"https:\/\/uruloki.org\/felipeblog\/filminos\/filminos-s02e15\">Filminos S02E15&#8230;<\/a><\/li>\n<li><a href=\"https:\/\/uruloki.org\/felipeblog\/filminos\/filminos-s02e14\">Filminos S02E14&#8230;<\/a><\/li>\n<li><a href=\"https:\/\/uruloki.org\/felipeblog\/filminos\/filminos-s02e13\">Filminos S02E13&#8230;<\/a><\/li>\n<li><a href=\"https:\/\/uruloki.org\/felipeblog\/filminos\/filminos-s02e12\">Filminos S02E12&#8230;<\/a><\/li>\n<li><a href=\"https:\/\/uruloki.org\/felipeblog\/filminos\/filminos-s02e11\">Filminos S02E11&#8230;<\/a><\/li>\n<li><a href=\"https:\/\/uruloki.org\/felipeblog\/filminos\/filminos-s02e10\">Filminos S02E10&#8230;<\/a><\/li>\n<li><a href=\"https:\/\/uruloki.org\/felipeblog\/filminos\/filminos-s02e09\">Filminos S02E09&#8230;<\/a><\/li>\n<li><a href=\"https:\/\/uruloki.org\/felipeblog\/filminos\/filminos-s02e08\">Filminos S02E08&#8230;<\/a><\/li>\n<li><a href=\"https:\/\/uruloki.org\/felipeblog\/filminos\/filminos-s02e07\">Filminos S02E07&#8230;<\/a><\/li>\n<li><a href=\"https:\/\/uruloki.org\/felipeblog\/filminos\/filminos-s02e06\">Filminos S02E06&#8230;<\/a><\/li>\n<li><a href=\"https:\/\/uruloki.org\/felipeblog\/filminos\/filminos-s02e05\">Filminos S02E05&#8230;<\/a><\/li>\n<li><a href=\"https:\/\/uruloki.org\/felipeblog\/filminos\/filminos-s02e04\">Filminos S02E04&#8230;<\/a><\/li>\n<li><a href=\"https:\/\/uruloki.org\/felipeblog\/filminos\/filminos-s02e03\">Filminos S02E03&#8230;<\/a><\/li>\n<li><a href=\"https:\/\/uruloki.org\/felipeblog\/filminos\/filminos-s02e02\">Filminos S02E02&#8230;<\/a><\/li>\n<li><a href=\"https:\/\/uruloki.org\/felipeblog\/filminos\/filminos-s02e01\">Filminos S02E01&#8230;<\/a><\/li>\n<\/ul>\n<\/li>\n<li>Temporada 1\n<ul>\n<li><a href=\"https:\/\/uruloki.org\/felipeblog\/filminos\/filminos-s01e25\">Filminos S01E25&#8230;<\/a><\/li>\n<li><a href=\"https:\/\/uruloki.org\/felipeblog\/filminos\/filminos-s01e24\">Filminos S01E24&#8230;<\/a><\/li>\n<li><a href=\"https:\/\/uruloki.org\/felipeblog\/filminos\/filminos-s01e23\">Filminos S01E23&#8230;<\/a><\/li>\n<li><a href=\"https:\/\/uruloki.org\/felipeblog\/filminos\/filminos-s01e22\">Filminos S01E22&#8230;<\/a><\/li>\n<li><a href=\"https:\/\/uruloki.org\/felipeblog\/filminos\/filminos-s01e21\">Filminos S01E21&#8230;<\/a><\/li>\n<li><a href=\"https:\/\/uruloki.org\/felipeblog\/filminos\/filminos-s01e20\">Filminos S01E20&#8230;<\/a><\/li>\n<li><a href=\"https:\/\/uruloki.org\/felipeblog\/filminos\/filminos-s01e19\">Filminos S01E19&#8230;<\/a><\/li>\n<li><a href=\"https:\/\/uruloki.org\/felipeblog\/filminos\/filminos-s01e18\">Filminos S01E18&#8230;<\/a><\/li>\n<li><a href=\"https:\/\/uruloki.org\/felipeblog\/filminos\/filminos-s01e17\">Filminos S01E17&#8230;<\/a><\/li>\n<li><a href=\"https:\/\/uruloki.org\/felipeblog\/filminos\/filminos-s01e16\">Filminos S01E16&#8230;<\/a><\/li>\n<li><a href=\"https:\/\/uruloki.org\/felipeblog\/filminos\/filminos-s01e15\">Filminos S01E15&#8230;<\/a><\/li>\n<li><a href=\"https:\/\/uruloki.org\/felipeblog\/filminos\/filminos-s01e14\">Filminos S01E14&#8230;<\/a><\/li>\n<li><a href=\"https:\/\/uruloki.org\/felipeblog\/filminos\/filminos-s01e13\">Filminos S01E13&#8230;<\/a><\/li>\n<li><a href=\"https:\/\/uruloki.org\/felipeblog\/filminos\/filminos-s01e12\">Filminos S01E12&#8230;<\/a><\/li>\n<li><a href=\"https:\/\/uruloki.org\/felipeblog\/filminos\/filminos-s01e11\">Filminos S01E11&#8230;<\/a><\/li>\n<li><a href=\"https:\/\/uruloki.org\/felipeblog\/filminos\/filminos-s01e10\">Filminos S01E10&#8230;<\/a><\/li>\n<li><a href=\"https:\/\/uruloki.org\/felipeblog\/filminos\/filminos-s01e09\">Filminos S01E09&#8230;<\/a><\/li>\n<li><a href=\"https:\/\/uruloki.org\/felipeblog\/filminos\/filminos-midseason-o-cancelacin\">Filminos, \u00bfmidseason o cancelaci&oacute;n?&#8230;<\/a><\/li>\n<li><a href=\"https:\/\/uruloki.org\/felipeblog\/filminos\/filminos-s01e08\">Filminos S01E08&#8230;<\/a><\/li>\n<li><a href=\"https:\/\/uruloki.org\/felipeblog\/filminos\/filminos-s01e07\">Filminos S01E07&#8230;<\/a><\/li>\n<li><a href=\"https:\/\/uruloki.org\/felipeblog\/filminos\/filminos-s01e06\">Filminos S01E06&#8230;<\/a><\/li>\n<li><a href=\"https:\/\/uruloki.org\/felipeblog\/filminos\/filminos-s01e05\">Filminos S01E05&#8230;<\/a><\/li>\n<li><a href=\"https:\/\/uruloki.org\/felipeblog\/filminos\/filminos-s01e04\">Filminos S01E04&#8230;<\/a><\/li>\n<li><a href=\"https:\/\/uruloki.org\/felipeblog\/filminos\/filminos-s01e03\">Filminos S01E03&#8230;<\/a><\/li>\n<li><a href=\"https:\/\/uruloki.org\/felipeblog\/filminos\/filminos-s01e02\">Filminos S01E02&#8230;<\/a><\/li>\n<li><a href=\"https:\/\/uruloki.org\/felipeblog\/filminos\/filminos-s01e01\">Filminos S01E01&#8230;<\/a><\/li>\n<li><a href=\"https:\/\/uruloki.org\/felipeblog\/filminos\/uruloki-presenta-filminos-de-abel-alves\">Uruloki presenta Filminos de Abel Alves&#8230;<\/a><\/li>\n<\/ul>\n<\/li>\n<\/ul>\n","protected":false},"excerpt":{"rendered":"<p>Pod&eacute;is disfrutar de todas las tiras de Filminos visitando los enlaces siguientes o si prefer&iacute;s verlos en mayor calidad en la web de Abel Alves: ver Filminos en HQ! Temporada 2 Filminos S02E21&#8230; Filminos S02E20&#8230; Filminos S02E19&#8230; Filminos S02E18&#8230; Filminos S02E17&#8230; Filminos S02E16&#8230; Filminos S02E15&#8230; Filminos S02E14&#8230; Filminos S02E13&#8230; Filminos S02E12&#8230; Filminos S02E11&#8230; Filminos S02E10&#8230; [&hellip;]<\/p>\n","protected":false},"author":28,"featured_media":0,"parent":0,"menu_order":0,"comment_status":"open","ping_status":"open","template":"","meta":{"footnotes":""},"class_list":["post-3836","page","type-page","status-publish","hentry"],"yoast_head":"<!-- This site is optimized with the Yoast SEO plugin v27.5 - https:\/\/yoast.com\/product\/yoast-seo-wordpress\/ -->\n<title>Filminos de Abel Alves... - Uruloki :: Blog<\/title>\n<meta name=\"robots\" content=\"index, follow, max-snippet:-1, max-image-preview:large, max-video-preview:-1\" \/>\n<link rel=\"canonical\" href=\"https:\/\/www.uruloki.org\/felipeblog\/filminos-de-abel-alves\" \/>\n<meta property=\"og:locale\" content=\"es_ES\" \/>\n<meta property=\"og:type\" content=\"article\" \/>\n<meta property=\"og:title\" content=\"Filminos de Abel Alves... - Uruloki :: Blog\" \/>\n<meta property=\"og:description\" content=\"Pod&eacute;is disfrutar de todas las tiras de Filminos visitando los enlaces siguientes o si prefer&iacute;s verlos en mayor calidad en la web de Abel Alves: ver Filminos en HQ! Temporada 2 Filminos S02E21&#8230; Filminos S02E20&#8230; Filminos S02E19&#8230; Filminos S02E18&#8230; Filminos S02E17&#8230; Filminos S02E16&#8230; Filminos S02E15&#8230; Filminos S02E14&#8230; Filminos S02E13&#8230; Filminos S02E12&#8230; Filminos S02E11&#8230; Filminos S02E10&#8230; [&hellip;]\" \/>\n<meta property=\"og:url\" content=\"https:\/\/www.uruloki.org\/felipeblog\/filminos-de-abel-alves\" \/>\n<meta property=\"og:site_name\" content=\"Uruloki :: Blog\" \/>\n<meta property=\"article:publisher\" content=\"https:\/\/www.facebook.com\/uruloki.org\" \/>\n<meta property=\"article:modified_time\" content=\"2011-07-03T20:27:52+00:00\" \/>\n<meta name=\"twitter:card\" content=\"summary_large_image\" \/>\n<meta name=\"twitter:site\" content=\"@uruloki\" \/>\n<meta name=\"twitter:label1\" content=\"Tiempo de lectura\" \/>\n\t<meta name=\"twitter:data1\" content=\"1 minuto\" \/>\n<script type=\"application\/ld+json\" class=\"yoast-schema-graph\">{\"@context\":\"https:\\\/\\\/schema.org\",\"@graph\":[{\"@type\":\"WebPage\",\"@id\":\"https:\\\/\\\/www.uruloki.org\\\/felipeblog\\\/filminos-de-abel-alves\",\"url\":\"https:\\\/\\\/www.uruloki.org\\\/felipeblog\\\/filminos-de-abel-alves\",\"name\":\"Filminos de Abel Alves... - Uruloki :: Blog\",\"isPartOf\":{\"@id\":\"https:\\\/\\\/www.uruloki.org\\\/felipeblog\\\/#website\"},\"datePublished\":\"2010-04-04T09:50:02+00:00\",\"dateModified\":\"2011-07-03T20:27:52+00:00\",\"breadcrumb\":{\"@id\":\"https:\\\/\\\/www.uruloki.org\\\/felipeblog\\\/filminos-de-abel-alves#breadcrumb\"},\"inLanguage\":\"es\",\"potentialAction\":[{\"@type\":\"ReadAction\",\"target\":[\"https:\\\/\\\/www.uruloki.org\\\/felipeblog\\\/filminos-de-abel-alves\"]}]},{\"@type\":\"BreadcrumbList\",\"@id\":\"https:\\\/\\\/www.uruloki.org\\\/felipeblog\\\/filminos-de-abel-alves#breadcrumb\",\"itemListElement\":[{\"@type\":\"ListItem\",\"position\":1,\"name\":\"Portada\",\"item\":\"https:\\\/\\\/www.uruloki.org\\\/felipeblog\"},{\"@type\":\"ListItem\",\"position\":2,\"name\":\"Filminos de Abel Alves&#8230;\"}]},{\"@type\":\"WebSite\",\"@id\":\"https:\\\/\\\/www.uruloki.org\\\/felipeblog\\\/#website\",\"url\":\"https:\\\/\\\/www.uruloki.org\\\/felipeblog\\\/\",\"name\":\"Uruloki :: Blog\",\"description\":\"Blog de cine, terror, ciencia ficci\u00f3n, fantas\u00eda y c\u00f3mics\",\"potentialAction\":[{\"@type\":\"SearchAction\",\"target\":{\"@type\":\"EntryPoint\",\"urlTemplate\":\"https:\\\/\\\/www.uruloki.org\\\/felipeblog\\\/?s={search_term_string}\"},\"query-input\":{\"@type\":\"PropertyValueSpecification\",\"valueRequired\":true,\"valueName\":\"search_term_string\"}}],\"inLanguage\":\"es\"}]}<\/script>\n<!-- \/ Yoast SEO plugin. -->","yoast_head_json":{"title":"Filminos de Abel Alves... - Uruloki :: Blog","robots":{"index":"index","follow":"follow","max-snippet":"max-snippet:-1","max-image-preview":"max-image-preview:large","max-video-preview":"max-video-preview:-1"},"canonical":"https:\/\/www.uruloki.org\/felipeblog\/filminos-de-abel-alves","og_locale":"es_ES","og_type":"article","og_title":"Filminos de Abel Alves... - Uruloki :: Blog","og_description":"Pod&eacute;is disfrutar de todas las tiras de Filminos visitando los enlaces siguientes o si prefer&iacute;s verlos en mayor calidad en la web de Abel Alves: ver Filminos en HQ! Temporada 2 Filminos S02E21&#8230; Filminos S02E20&#8230; Filminos S02E19&#8230; Filminos S02E18&#8230; Filminos S02E17&#8230; Filminos S02E16&#8230; Filminos S02E15&#8230; Filminos S02E14&#8230; Filminos S02E13&#8230; Filminos S02E12&#8230; Filminos S02E11&#8230; Filminos S02E10&#8230; [&hellip;]","og_url":"https:\/\/www.uruloki.org\/felipeblog\/filminos-de-abel-alves","og_site_name":"Uruloki :: Blog","article_publisher":"https:\/\/www.facebook.com\/uruloki.org","article_modified_time":"2011-07-03T20:27:52+00:00","twitter_card":"summary_large_image","twitter_site":"@uruloki","twitter_misc":{"Tiempo de lectura":"1 minuto"},"schema":{"@context":"https:\/\/schema.org","@graph":[{"@type":"WebPage","@id":"https:\/\/www.uruloki.org\/felipeblog\/filminos-de-abel-alves","url":"https:\/\/www.uruloki.org\/felipeblog\/filminos-de-abel-alves","name":"Filminos de Abel Alves... - Uruloki :: Blog","isPartOf":{"@id":"https:\/\/www.uruloki.org\/felipeblog\/#website"},"datePublished":"2010-04-04T09:50:02+00:00","dateModified":"2011-07-03T20:27:52+00:00","breadcrumb":{"@id":"https:\/\/www.uruloki.org\/felipeblog\/filminos-de-abel-alves#breadcrumb"},"inLanguage":"es","potentialAction":[{"@type":"ReadAction","target":["https:\/\/www.uruloki.org\/felipeblog\/filminos-de-abel-alves"]}]},{"@type":"BreadcrumbList","@id":"https:\/\/www.uruloki.org\/felipeblog\/filminos-de-abel-alves#breadcrumb","itemListElement":[{"@type":"ListItem","position":1,"name":"Portada","item":"https:\/\/www.uruloki.org\/felipeblog"},{"@type":"ListItem","position":2,"name":"Filminos de Abel Alves&#8230;"}]},{"@type":"WebSite","@id":"https:\/\/www.uruloki.org\/felipeblog\/#website","url":"https:\/\/www.uruloki.org\/felipeblog\/","name":"Uruloki :: Blog","description":"Blog de cine, terror, ciencia ficci\u00f3n, fantas\u00eda y c\u00f3mics","potentialAction":[{"@type":"SearchAction","target":{"@type":"EntryPoint","urlTemplate":"https:\/\/www.uruloki.org\/felipeblog\/?s={search_term_string}"},"query-input":{"@type":"PropertyValueSpecification","valueRequired":true,"valueName":"search_term_string"}}],"inLanguage":"es"}]}},"_links":{"self":[{"href":"https:\/\/www.uruloki.org\/felipeblog\/wp-json\/wp\/v2\/pages\/3836","targetHints":{"allow":["GET"]}}],"collection":[{"href":"https:\/\/www.uruloki.org\/felipeblog\/wp-json\/wp\/v2\/pages"}],"about":[{"href":"https:\/\/www.uruloki.org\/felipeblog\/wp-json\/wp\/v2\/types\/page"}],"author":[{"embeddable":true,"href":"https:\/\/www.uruloki.org\/felipeblog\/wp-json\/wp\/v2\/users\/28"}],"replies":[{"embeddable":true,"href":"https:\/\/www.uruloki.org\/felipeblog\/wp-json\/wp\/v2\/comments?post=3836"}],"version-history":[{"count":9,"href":"https:\/\/www.uruloki.org\/felipeblog\/wp-json\/wp\/v2\/pages\/3836\/revisions"}],"predecessor-version":[{"id":5952,"href":"https:\/\/www.uruloki.org\/felipeblog\/wp-json\/wp\/v2\/pages\/3836\/revisions\/5952"}],"wp:attachment":[{"href":"https:\/\/www.uruloki.org\/felipeblog\/wp-json\/wp\/v2\/media?parent=3836"}],"curies":[{"name":"wp","href":"https:\/\/api.w.org\/{rel}","templated":true}]}}