{"id":1871,"date":"2008-10-10T00:16:32","date_gmt":"2008-10-09T22:16:32","guid":{"rendered":"https:\/\/uruloki.org\/felipeblog\/llamada-perdida-ya-en-dvd-y-blu-ray"},"modified":"2008-10-10T16:11:22","modified_gmt":"2008-10-10T14:11:22","slug":"llamada-perdida-ya-en-dvd-y-blu-ray","status":"publish","type":"page","link":"https:\/\/www.uruloki.org\/felipeblog\/llamada-perdida-ya-en-dvd-y-blu-ray","title":{"rendered":"Llamada Perdida ya en DVD y Blu-Ray&#8230;"},"content":{"rendered":"<p>El pasado 26 de agosto <strong>Warner Bros.<\/strong> sac&oacute; al mercado del cine en casa la versi&oacute;n en <strong>DVD<\/strong> y <strong>Blu-Ray<\/strong> de <strong>Llamada Perdida<\/strong>, el <em>remake<\/em> americano de una pel&iacute;cula de terror japon&eacute;s titulada <a href=\"http:\/\/spanish.imdb.com\/title\/tt0366292\/\">Chakushin ari<\/a> (<em>Llamada Perdida<\/em>, 2003). Dirigida por <a href=\"http:\/\/spanish.imdb.com\/name\/nm0884659\/\">Eric Valette<\/a>, <a href=\"http:\/\/spanish.imdb.com\/title\/tt0479968\/\">One Missed Call<\/a> (<em>Llamada Perdida<\/em>, 2008), este film de horror cuenta con <a href=\"http:\/\/spanish.imdb.com\/name\/nm0815370\/\">Shannyn Sossamon<\/a> y <a href=\"http:\/\/spanish.imdb.com\/name\/nm0122653\/\">Edward Burns<\/a> como principales protagonistas.<\/p>\n<p>El pr&oacute;ximo <strong>24 de octubre a las 20:00 <\/strong>sortear&eacute; 2 DVD de la edici&oacute;n simple de <strong>Llamada Perdida<\/strong> entre los lectores del blog. Como es habitual el premio ser&aacute; para los m&aacute;s r&aacute;pidos en contestar, as&iacute; que estad atentos al blog ese d&iacute;a y a esa hora!<\/p>\n<p class=\"centrado\"><img loading=\"lazy\" decoding=\"async\" src=\"https:\/\/uruloki.org\/felipeblog\/imagesflickr4\/20081009_llamadaperdida1.jpg\" alt=\"Beth Raymond (Shannyn Sossamon) y el detective Jack Andrews (Edward Burns)\" width=\"498\" height=\"331\" border=\"1\" \/><\/p>\n<p>Primero le ocurre a una persona. Luego a otra y as&iacute; sucesivamente&hellip; Un grupo de amigos estudiantes reciben en sus tel&eacute;fonos m&oacute;viles mensajes terror&iacute;ficos acerca de los &uacute;ltimos momentos de su vida. Cada llamada proviene del futuro y es una grabaci&oacute;n real con la aterrada voz de cada estudiante en los &uacute;ltimos instantes de su vida. Lo que parece ser una broma est&aacute; llegando demasiado lejos, cada mensaje se est&aacute; convirtiendo en realidad! &iquest;Existe alg&uacute;n v&iacute;nculo entre las v&iacute;ctimas? &iquest;Proviene la espiral de llamadas de una sola persona?. La estudiante de psicolog&iacute;a, <strong>Beth Raymond<\/strong> (<em>Shannyn Sossamon<\/em>) y el detective <strong>Jack Andrews<\/strong> (<em>Edward Burns<\/em>) tratar&aacute;n de encontrar las respuestas. Juntos trabajar&aacute;n contrarreloj para desentramar el misterio que hay detr&aacute;s de las siniestras llamadas. Pero deben actuar r&aacute;pidamente ya que el m&oacute;vil de <strong>Beth<\/strong> ha empezado a sonar con una melod&iacute;a inquietante y en su t&eacute;lefono se puede leer &ldquo;Tienes una llamada perdida&rdquo;&#8230;<\/p>\n<p><strong>Warner Bros.<\/strong> ha sacado al mercado dos ediciones en soporte DVD y Blu-Ray. La especificaci&oacute;n de cada edici&oacute;n est&aacute; a continuaci&oacute;n:<\/p>\n<p class=\"centrado\"><img loading=\"lazy\" decoding=\"async\" src=\"https:\/\/uruloki.org\/felipeblog\/imagesflickr4\/20081009_llamadaperdida.jpg\" alt=\"Ediciones en DVD y Blu-Ray de Llamada Perdida\" width=\"500\" height=\"346\" border=\"0\" \/><\/p>\n<p><strong>Llamada Perdida en DVD<\/strong><\/p>\n<ul>\n<li>Idioma: Castellano 5.1, Ingl&eacute;s 5.1<\/li>\n<li>Subt&iacute;tulos: Castellano, Dan&eacute;s, Holand&eacute;s, Finland&eacute;s, Ingl&eacute;s, Portugu&eacute;s, Noruego, Sueco  <\/li>\n<\/ul>\n<p><strong>Llamada Perdida (Blu-Ray)<\/strong><\/p>\n<ul>\n<li>VIDEO: 1080p Alta Definici&oacute;n 16&#215;9  1.78<\/li>\n<li>AUDIO: Dolby TrueHD: Ingl&eacute;s 5.1, Dolby Digital: Castellano 5.1, Ingl&eacute;s 5.1, Alem&aacute;n 5.1, Italiano 5.1<\/li>\n<li>SUBT&Iacute;TULOS: Castellano, Dan&eacute;s, Holand&eacute;s, Finland&eacute;s, Franc&eacute;s, Alem&aacute;n, Italiano, Noruego, Portugu&eacute;s, Brasile&ntilde;o Portugu&eacute;s, Sueco, Espa&ntilde;ol y Chino, Coreano<\/li>\n<\/ul>\n<p><strong>&copy; 2008 Warner Bros. Entertainment Inc. All rights reserved<\/strong><\/p>\n","protected":false},"excerpt":{"rendered":"<p>El pasado 26 de agosto Warner Bros. sac&oacute; al mercado del cine en casa la versi&oacute;n en DVD y Blu-Ray de Llamada Perdida, el remake americano de una pel&iacute;cula de terror japon&eacute;s titulada Chakushin ari (Llamada Perdida, 2003). Dirigida por Eric Valette, One Missed Call (Llamada Perdida, 2008), este film de horror cuenta con Shannyn [&hellip;]<\/p>\n","protected":false},"author":28,"featured_media":0,"parent":0,"menu_order":0,"comment_status":"open","ping_status":"open","template":"","meta":{"footnotes":""},"class_list":["post-1871","page","type-page","status-publish","hentry"],"yoast_head":"<!-- This site is optimized with the Yoast SEO plugin v24.3 - https:\/\/yoast.com\/wordpress\/plugins\/seo\/ -->\n<title>Llamada Perdida ya en DVD y Blu-Ray... - Uruloki :: Blog<\/title>\n<meta name=\"robots\" content=\"index, follow, max-snippet:-1, max-image-preview:large, max-video-preview:-1\" \/>\n<link rel=\"canonical\" href=\"https:\/\/www.uruloki.org\/felipeblog\/llamada-perdida-ya-en-dvd-y-blu-ray\" \/>\n<meta property=\"og:locale\" content=\"es_ES\" \/>\n<meta property=\"og:type\" content=\"article\" \/>\n<meta property=\"og:title\" content=\"Llamada Perdida ya en DVD y Blu-Ray... - Uruloki :: Blog\" \/>\n<meta property=\"og:description\" content=\"El pasado 26 de agosto Warner Bros. sac&oacute; al mercado del cine en casa la versi&oacute;n en DVD y Blu-Ray de Llamada Perdida, el remake americano de una pel&iacute;cula de terror japon&eacute;s titulada Chakushin ari (Llamada Perdida, 2003). Dirigida por Eric Valette, One Missed Call (Llamada Perdida, 2008), este film de horror cuenta con Shannyn [&hellip;]\" \/>\n<meta property=\"og:url\" content=\"https:\/\/www.uruloki.org\/felipeblog\/llamada-perdida-ya-en-dvd-y-blu-ray\" \/>\n<meta property=\"og:site_name\" content=\"Uruloki :: Blog\" \/>\n<meta property=\"article:publisher\" content=\"https:\/\/www.facebook.com\/uruloki.org\" \/>\n<meta property=\"article:modified_time\" content=\"2008-10-10T14:11:22+00:00\" \/>\n<meta property=\"og:image\" content=\"https:\/\/uruloki.org\/felipeblog\/imagesflickr4\/20081009_llamadaperdida1.jpg\" \/>\n<meta name=\"twitter:card\" content=\"summary_large_image\" \/>\n<meta name=\"twitter:site\" content=\"@uruloki\" \/>\n<meta name=\"twitter:label1\" content=\"Tiempo de lectura\" \/>\n\t<meta name=\"twitter:data1\" content=\"2 minutos\" \/>\n<script type=\"application\/ld+json\" class=\"yoast-schema-graph\">{\"@context\":\"https:\/\/schema.org\",\"@graph\":[{\"@type\":\"WebPage\",\"@id\":\"https:\/\/www.uruloki.org\/felipeblog\/llamada-perdida-ya-en-dvd-y-blu-ray\",\"url\":\"https:\/\/www.uruloki.org\/felipeblog\/llamada-perdida-ya-en-dvd-y-blu-ray\",\"name\":\"Llamada Perdida ya en DVD y Blu-Ray... - Uruloki :: Blog\",\"isPartOf\":{\"@id\":\"https:\/\/www.uruloki.org\/felipeblog\/#website\"},\"primaryImageOfPage\":{\"@id\":\"https:\/\/www.uruloki.org\/felipeblog\/llamada-perdida-ya-en-dvd-y-blu-ray#primaryimage\"},\"image\":{\"@id\":\"https:\/\/www.uruloki.org\/felipeblog\/llamada-perdida-ya-en-dvd-y-blu-ray#primaryimage\"},\"thumbnailUrl\":\"https:\/\/uruloki.org\/felipeblog\/imagesflickr4\/20081009_llamadaperdida1.jpg\",\"datePublished\":\"2008-10-09T22:16:32+00:00\",\"dateModified\":\"2008-10-10T14:11:22+00:00\",\"breadcrumb\":{\"@id\":\"https:\/\/www.uruloki.org\/felipeblog\/llamada-perdida-ya-en-dvd-y-blu-ray#breadcrumb\"},\"inLanguage\":\"es\",\"potentialAction\":[{\"@type\":\"ReadAction\",\"target\":[\"https:\/\/www.uruloki.org\/felipeblog\/llamada-perdida-ya-en-dvd-y-blu-ray\"]}]},{\"@type\":\"ImageObject\",\"inLanguage\":\"es\",\"@id\":\"https:\/\/www.uruloki.org\/felipeblog\/llamada-perdida-ya-en-dvd-y-blu-ray#primaryimage\",\"url\":\"https:\/\/uruloki.org\/felipeblog\/imagesflickr4\/20081009_llamadaperdida1.jpg\",\"contentUrl\":\"https:\/\/uruloki.org\/felipeblog\/imagesflickr4\/20081009_llamadaperdida1.jpg\"},{\"@type\":\"BreadcrumbList\",\"@id\":\"https:\/\/www.uruloki.org\/felipeblog\/llamada-perdida-ya-en-dvd-y-blu-ray#breadcrumb\",\"itemListElement\":[{\"@type\":\"ListItem\",\"position\":1,\"name\":\"Portada\",\"item\":\"https:\/\/www.uruloki.org\/felipeblog\"},{\"@type\":\"ListItem\",\"position\":2,\"name\":\"Llamada Perdida ya en DVD y Blu-Ray&#8230;\"}]},{\"@type\":\"WebSite\",\"@id\":\"https:\/\/www.uruloki.org\/felipeblog\/#website\",\"url\":\"https:\/\/www.uruloki.org\/felipeblog\/\",\"name\":\"Uruloki :: Blog\",\"description\":\"Blog de cine, terror, ciencia ficci\u00f3n, fantas\u00eda y c\u00f3mics\",\"potentialAction\":[{\"@type\":\"SearchAction\",\"target\":{\"@type\":\"EntryPoint\",\"urlTemplate\":\"https:\/\/www.uruloki.org\/felipeblog\/?s={search_term_string}\"},\"query-input\":{\"@type\":\"PropertyValueSpecification\",\"valueRequired\":true,\"valueName\":\"search_term_string\"}}],\"inLanguage\":\"es\"}]}<\/script>\n<!-- \/ Yoast SEO plugin. -->","yoast_head_json":{"title":"Llamada Perdida ya en DVD y Blu-Ray... - Uruloki :: Blog","robots":{"index":"index","follow":"follow","max-snippet":"max-snippet:-1","max-image-preview":"max-image-preview:large","max-video-preview":"max-video-preview:-1"},"canonical":"https:\/\/www.uruloki.org\/felipeblog\/llamada-perdida-ya-en-dvd-y-blu-ray","og_locale":"es_ES","og_type":"article","og_title":"Llamada Perdida ya en DVD y Blu-Ray... - Uruloki :: Blog","og_description":"El pasado 26 de agosto Warner Bros. sac&oacute; al mercado del cine en casa la versi&oacute;n en DVD y Blu-Ray de Llamada Perdida, el remake americano de una pel&iacute;cula de terror japon&eacute;s titulada Chakushin ari (Llamada Perdida, 2003). Dirigida por Eric Valette, One Missed Call (Llamada Perdida, 2008), este film de horror cuenta con Shannyn [&hellip;]","og_url":"https:\/\/www.uruloki.org\/felipeblog\/llamada-perdida-ya-en-dvd-y-blu-ray","og_site_name":"Uruloki :: Blog","article_publisher":"https:\/\/www.facebook.com\/uruloki.org","article_modified_time":"2008-10-10T14:11:22+00:00","og_image":[{"url":"https:\/\/uruloki.org\/felipeblog\/imagesflickr4\/20081009_llamadaperdida1.jpg","type":"","width":"","height":""}],"twitter_card":"summary_large_image","twitter_site":"@uruloki","twitter_misc":{"Tiempo de lectura":"2 minutos"},"schema":{"@context":"https:\/\/schema.org","@graph":[{"@type":"WebPage","@id":"https:\/\/www.uruloki.org\/felipeblog\/llamada-perdida-ya-en-dvd-y-blu-ray","url":"https:\/\/www.uruloki.org\/felipeblog\/llamada-perdida-ya-en-dvd-y-blu-ray","name":"Llamada Perdida ya en DVD y Blu-Ray... - Uruloki :: Blog","isPartOf":{"@id":"https:\/\/www.uruloki.org\/felipeblog\/#website"},"primaryImageOfPage":{"@id":"https:\/\/www.uruloki.org\/felipeblog\/llamada-perdida-ya-en-dvd-y-blu-ray#primaryimage"},"image":{"@id":"https:\/\/www.uruloki.org\/felipeblog\/llamada-perdida-ya-en-dvd-y-blu-ray#primaryimage"},"thumbnailUrl":"https:\/\/uruloki.org\/felipeblog\/imagesflickr4\/20081009_llamadaperdida1.jpg","datePublished":"2008-10-09T22:16:32+00:00","dateModified":"2008-10-10T14:11:22+00:00","breadcrumb":{"@id":"https:\/\/www.uruloki.org\/felipeblog\/llamada-perdida-ya-en-dvd-y-blu-ray#breadcrumb"},"inLanguage":"es","potentialAction":[{"@type":"ReadAction","target":["https:\/\/www.uruloki.org\/felipeblog\/llamada-perdida-ya-en-dvd-y-blu-ray"]}]},{"@type":"ImageObject","inLanguage":"es","@id":"https:\/\/www.uruloki.org\/felipeblog\/llamada-perdida-ya-en-dvd-y-blu-ray#primaryimage","url":"https:\/\/uruloki.org\/felipeblog\/imagesflickr4\/20081009_llamadaperdida1.jpg","contentUrl":"https:\/\/uruloki.org\/felipeblog\/imagesflickr4\/20081009_llamadaperdida1.jpg"},{"@type":"BreadcrumbList","@id":"https:\/\/www.uruloki.org\/felipeblog\/llamada-perdida-ya-en-dvd-y-blu-ray#breadcrumb","itemListElement":[{"@type":"ListItem","position":1,"name":"Portada","item":"https:\/\/www.uruloki.org\/felipeblog"},{"@type":"ListItem","position":2,"name":"Llamada Perdida ya en DVD y Blu-Ray&#8230;"}]},{"@type":"WebSite","@id":"https:\/\/www.uruloki.org\/felipeblog\/#website","url":"https:\/\/www.uruloki.org\/felipeblog\/","name":"Uruloki :: Blog","description":"Blog de cine, terror, ciencia ficci\u00f3n, fantas\u00eda y c\u00f3mics","potentialAction":[{"@type":"SearchAction","target":{"@type":"EntryPoint","urlTemplate":"https:\/\/www.uruloki.org\/felipeblog\/?s={search_term_string}"},"query-input":{"@type":"PropertyValueSpecification","valueRequired":true,"valueName":"search_term_string"}}],"inLanguage":"es"}]}},"_links":{"self":[{"href":"https:\/\/www.uruloki.org\/felipeblog\/wp-json\/wp\/v2\/pages\/1871","targetHints":{"allow":["GET"]}}],"collection":[{"href":"https:\/\/www.uruloki.org\/felipeblog\/wp-json\/wp\/v2\/pages"}],"about":[{"href":"https:\/\/www.uruloki.org\/felipeblog\/wp-json\/wp\/v2\/types\/page"}],"author":[{"embeddable":true,"href":"https:\/\/www.uruloki.org\/felipeblog\/wp-json\/wp\/v2\/users\/28"}],"replies":[{"embeddable":true,"href":"https:\/\/www.uruloki.org\/felipeblog\/wp-json\/wp\/v2\/comments?post=1871"}],"version-history":[{"count":5,"href":"https:\/\/www.uruloki.org\/felipeblog\/wp-json\/wp\/v2\/pages\/1871\/revisions"}],"predecessor-version":[{"id":1878,"href":"https:\/\/www.uruloki.org\/felipeblog\/wp-json\/wp\/v2\/pages\/1871\/revisions\/1878"}],"wp:attachment":[{"href":"https:\/\/www.uruloki.org\/felipeblog\/wp-json\/wp\/v2\/media?parent=1871"}],"curies":[{"name":"wp","href":"https:\/\/api.w.org\/{rel}","templated":true}]}}