{"id":1433,"date":"2008-05-06T21:46:01","date_gmt":"2008-05-06T20:46:01","guid":{"rendered":"https:\/\/uruloki.org\/felipeblog\/beowulf-en-dvd-y-blu-ray"},"modified":"2008-05-21T08:30:44","modified_gmt":"2008-05-21T07:30:44","slug":"beowulf-en-dvd-y-blu-ray","status":"publish","type":"page","link":"https:\/\/www.uruloki.org\/felipeblog\/beowulf-en-dvd-y-blu-ray","title":{"rendered":"Beowulf en DVD y BLU-RAY"},"content":{"rendered":"<p>Este pr&oacute;ximo <strong>22 de Mayo Warner Bros.<\/strong> sacar&aacute; a la venta <a href=\"http:\/\/www.imdb.com\/title\/tt0442933\/\" target=\"_blank\">Beowulf<\/a> (2007), el rompedor film de animaci&oacute;n digital 3D rodado por <a href=\"http:\/\/www.imdb.com\/name\/nm0000709\/\" target=\"_blank\">Robert Zemeckis<\/a> y protagonizado por las caracterizaciones de <a href=\"http:\/\/www.imdb.com\/name\/nm0935653\/\" target=\"_blank\">Ray Winstone <\/a>en el papel que da el t&iacute;tulo a la pel&iacute;cula, el actor galardonado por la Academia&reg; <strong>Anthony Hopkins<\/strong>, en el papel del maldito <strong>King Hrothgar<\/strong>, <a href=\"http:\/\/www.imdb.com\/name\/nm0000518\/\" target=\"_blank\">John Malkovich<\/a>, <a href=\"http:\/\/www.imdb.com\/name\/nm0000705\/\" target=\"_blank\">Robin Wright Penn<\/a>, <a href=\"http:\/\/www.imdb.com\/name\/nm0322407\/\" target=\"_blank\">Brendan Gleeson<\/a>, <a href=\"http:\/\/www.imdb.com\/name\/nm0000417\/\" target=\"_blank\">Crispin Glover<\/a>, <a href=\"http:\/\/www.imdb.com\/name\/nm0517844\/\" target=\"_blank\">Alison Lohman<\/a> y la actriz galardonada con el Oscar&reg; <a href=\"http:\/\/www.imdb.com\/name\/nm0001401\/\" target=\"_blank\">Angelina Jolie<\/a> en el papel de la madre de <strong>Grendel<\/strong>. <strong>Warner Bros.<\/strong> saca a la venta <strong>4 ediciones diferentes<\/strong> de esta fabulosa pel&iacute;cula basada en el poema &eacute;pico m&aacute;s antiguo del idioma ingl&eacute;s donde la m&aacute;s moderna tecnolog&iacute;a mejora el formato cinematogr&aacute;fico con la magia de la acci&oacute;n realzada digitalmente. Haciendo uso de las modernas tecnolog&iacute;as <strong>Dolby Digital Real D<\/strong>, <strong>3D<\/strong>, e <strong>IMAX 3D<\/strong>, <strong>Beowulf<\/strong> proporciona una experiencia de inmersi&oacute;n sin igual que nos transportar&aacute; a la &eacute;poca de los h&eacute;roes.<\/p>\n<p>En la &eacute;poca de los h&eacute;roes aparece el m&aacute;s poderoso guerrero de todos, <strong>Beowulf<\/strong>. Despu&eacute;s de destruir al invencible demonio <strong>Grendel<\/strong>, provoca la eterna ira de la seductora y despiadada madre de la bestia, la cual utilizar&aacute; cualquier medio posible para asegurarse la venganza. La batalla &eacute;pica que sigue resuena a trav&eacute;s de todas las &eacute;pocas, inmortalizando el nombre de <strong>Beowulf<\/strong>.<\/p>\n<p><strong>Beowulf: Edici&oacute;n 1 Disco<\/strong><\/p>\n<p style=\"text-align:center;\"><img loading=\"lazy\" decoding=\"async\" src=\"https:\/\/uruloki.org\/felipeblog\/imagesflickr3\/20080506_beowulf1disco.jpg\" alt=\"Portada de la edici&oacute;n de 1 Disco de Beowulf\" width=\"282\" height=\"400\" border=\"0\" \/><\/p>\n<p>Caracter&iacute;sticas del DVD: <\/p>\n<ul>\n<li><strong>Contenido:<\/strong> 1 Disco. <\/li>\n<li><strong>Imagen:<\/strong> 2.35:1 16\/9 anam&oacute;rfica. <\/li>\n<li><strong>Audio:<\/strong> Dolby Digital 5.1 Ingl&eacute;s, Castellano, Alem&aacute;n, Italiano. Dolby Surround Ingl&eacute;s. <\/li>\n<li><strong>Subt&iacute;tulos:<\/strong> Ingl&eacute;s, Castellano, Alem&aacute;n, Italiano, Griego, Hebreo, &Aacute;rabe, Island&eacute;s, Portugu&eacute;s, Ingl&eacute;s para sordos, Alem&aacute;n para sordos, Italiano para sordos.<\/li>\n<\/ul>\n<p><strong>Beowulf: Edici&oacute;n Especial 2 Discos<\/strong><\/p>\n<p style=\"text-align:center;\"><img loading=\"lazy\" decoding=\"async\" src=\"https:\/\/uruloki.org\/felipeblog\/imagesflickr3\/20080506_beowulf2disco.jpg\" alt=\"Portada de la edici&oacute;n de 2 Discos de Beowulf\" width=\"286\" height=\"400\" border=\"0\" \/><\/p>\n<p>Caracter&iacute;sticas del DVD: <\/p>\n<ul>\n<li><strong>Contenido:<\/strong> 2 Discos. <\/li>\n<li><strong>Imagen:<\/strong> 2.35:1 16\/9 anam&oacute;rfica. <\/li>\n<li><strong>Audio:<\/strong> Dolby Digital 5.1 Ingl&eacute;s, Castellano, Alem&aacute;n, Italiano. Dolby Surround Ingl&eacute;s. <\/li>\n<li><strong>Subt&iacute;tulos:<\/strong> Ingl&eacute;s, Castellano, Alem&aacute;n, Italiano, Griego, Hebreo, &Aacute;rabe, Island&eacute;s, Portugu&eacute;s, Ingl&eacute;s para sordos, Alem&aacute;n para sordos, Italiano para sordos. <\/li>\n<\/ul>\n<p>Contenido Extra:<\/p>\n<ul>\n<li>El viaje de un h&eacute;roe: C&oacute;mo se hizo Beowulf. <\/li>\n<li>Beowulf: Trazando el mapa del viaje. Galer&iacute;a de producci&oacute;n. <\/li>\n<li>Los or&iacute;genes de Beowulf. <\/li>\n<li>Dise&ntilde;ando las criaturas de Beowulf. <\/li>\n<li>El dise&ntilde;o de producci&oacute;n: El arte de Beowulf. <\/li>\n<li>Creando al &uacute;ltimo Beowulf. <\/li>\n<li>Escenas adicionales.<\/li>\n<\/ul>\n<p><strong>Beowulf: Edici&oacute;n 3 Discos (Incluye Disco con Copia Digital)<\/strong><\/p>\n<p style=\"text-align:center;\"><img loading=\"lazy\" decoding=\"async\" src=\"https:\/\/uruloki.org\/felipeblog\/imagesflickr3\/20080506_beowulf3disco.jpg\" alt=\"Portada de la edici&oacute;n de 3 Discos de Beowulf\" width=\"281\" height=\"400\" border=\"0\" \/><\/p>\n<p>Caracter&iacute;sticas del DVD: <\/p>\n<ul>\n<li><strong>Contenido:<\/strong> 3 Discos. Incluye la Copia Digital del film.<\/li>\n<li><strong>Imagen:<\/strong> 2.35:1 16\/9 anam&oacute;rfica. <\/li>\n<li><strong>Audio:<\/strong> Dolby Digital 5.1 Ingl&eacute;s, Castellano, Alem&aacute;n, Italiano. Dolby Surround Ingl&eacute;s. <\/li>\n<li><strong>Subt&iacute;tulos:<\/strong> Ingl&eacute;s, Castellano, Alem&aacute;n, Italiano, Griego, Hebreo, &Aacute;rabe, Island&eacute;s, Portugu&eacute;s, Ingl&eacute;s para sordos, Alem&aacute;n para sordos, Italiano para sordos. <\/li>\n<\/ul>\n<p>Contenido Extra:<\/p>\n<ul>\n<li>El viaje de un h&eacute;roe: C&oacute;mo se hizo Beowulf. <\/li>\n<li>Beowulf: Trazando el mapa del viaje. Galer&iacute;a de producci&oacute;n. <\/li>\n<li>Los or&iacute;genes de Beowulf. <\/li>\n<li>Dise&ntilde;ando las criaturas de Beowulf. <\/li>\n<li>El dise&ntilde;o de producci&oacute;n: El arte de Beowulf. <\/li>\n<li>Creando al &uacute;ltimo Beowulf. <\/li>\n<li>Escenas adicionales.<\/li>\n<\/ul>\n<p><strong>Beowulf: Edici&oacute;n en Blu-Ray<\/strong><\/p>\n<p style=\"text-align:center;\"><img loading=\"lazy\" decoding=\"async\" src=\"https:\/\/uruloki.org\/felipeblog\/imagesflickr3\/20080506_beowulfBR.jpg\" alt=\"Portada de la edici&oacute;n de Blu-Ray de Beowulf\" width=\"312\" height=\"400\" border=\"0\" \/><\/p>\n<p>Caracter&iacute;sticas del Blu-Ray:<\/p>\n<ul>\n<li><strong>Contenido:<\/strong> 1 Disco. <\/li>\n<li><strong>Imagen:<\/strong> 2.40:1 1080p (Alta Definici&oacute;n). <\/li>\n<li><strong>Audio:<\/strong>\n<ul>\n<li>Dolby TrueHD 5.1 Ingl&eacute;s. <\/li>\n<li>Dolby Digital 5.1 Ingl&eacute;s, Castellano, Alem&aacute;n, Frances, Italiano. <\/li>\n<li>Dolby Digital 2.0 Ingl&eacute;s Audiodescriptivo. <\/li>\n<\/ul>\n<\/li>\n<li><strong>Subt&iacute;tulos:<\/strong> Ingl&eacute;s, Castellano, Alem&aacute;n, Italiano, Portugu&eacute;s, Chino, Dan&eacute;s, Holand&eacute;s, Fin&eacute;s, Coreano, Noruego, Sueco. <\/li>\n<\/ul>\n<p>Contenido Extra:<\/p>\n<ul>\n<li>El viaje de un h&eacute;roe: C&oacute;mo se hizo Beowulf. <\/li>\n<li>Beowulf: Trazando el mapa del viaje. Galer&iacute;a de producci&oacute;n. <\/li>\n<li>Los or&iacute;genes de Beowulf. <\/li>\n<li>Dise&ntilde;ando las criaturas de Beowulf. <\/li>\n<li>El dise&ntilde;o de producci&oacute;n: El arte de Beowulf. <\/li>\n<li>Creando al &uacute;ltimo Beowulf. <\/li>\n<li>Escenas adicionales<\/li>\n<\/ul>\n<p><em>&copy; 2008 Warner Bros. Entertainment Inc. All rights reserved<\/em><\/p>\n","protected":false},"excerpt":{"rendered":"<p>Este pr&oacute;ximo 22 de Mayo Warner Bros. sacar&aacute; a la venta Beowulf (2007), el rompedor film de animaci&oacute;n digital 3D rodado por Robert Zemeckis y protagonizado por las caracterizaciones de Ray Winstone en el papel que da el t&iacute;tulo a la pel&iacute;cula, el actor galardonado por la Academia&reg; Anthony Hopkins, en el papel del maldito [&hellip;]<\/p>\n","protected":false},"author":28,"featured_media":0,"parent":0,"menu_order":0,"comment_status":"open","ping_status":"open","template":"","meta":{"footnotes":""},"class_list":["post-1433","page","type-page","status-publish","hentry"],"yoast_head":"<!-- This site is optimized with the Yoast SEO plugin v24.3 - https:\/\/yoast.com\/wordpress\/plugins\/seo\/ -->\n<title>Beowulf en DVD y BLU-RAY - Uruloki :: Blog<\/title>\n<meta name=\"robots\" content=\"index, follow, max-snippet:-1, max-image-preview:large, max-video-preview:-1\" \/>\n<link rel=\"canonical\" href=\"https:\/\/www.uruloki.org\/felipeblog\/beowulf-en-dvd-y-blu-ray\" \/>\n<meta property=\"og:locale\" content=\"es_ES\" \/>\n<meta property=\"og:type\" content=\"article\" \/>\n<meta property=\"og:title\" content=\"Beowulf en DVD y BLU-RAY - Uruloki :: Blog\" \/>\n<meta property=\"og:description\" content=\"Este pr&oacute;ximo 22 de Mayo Warner Bros. sacar&aacute; a la venta Beowulf (2007), el rompedor film de animaci&oacute;n digital 3D rodado por Robert Zemeckis y protagonizado por las caracterizaciones de Ray Winstone en el papel que da el t&iacute;tulo a la pel&iacute;cula, el actor galardonado por la Academia&reg; Anthony Hopkins, en el papel del maldito [&hellip;]\" \/>\n<meta property=\"og:url\" content=\"https:\/\/www.uruloki.org\/felipeblog\/beowulf-en-dvd-y-blu-ray\" \/>\n<meta property=\"og:site_name\" content=\"Uruloki :: Blog\" \/>\n<meta property=\"article:publisher\" content=\"https:\/\/www.facebook.com\/uruloki.org\" \/>\n<meta property=\"article:modified_time\" content=\"2008-05-21T07:30:44+00:00\" \/>\n<meta property=\"og:image\" content=\"https:\/\/uruloki.org\/felipeblog\/imagesflickr3\/20080506_beowulf1disco.jpg\" \/>\n<meta name=\"twitter:card\" content=\"summary_large_image\" \/>\n<meta name=\"twitter:site\" content=\"@uruloki\" \/>\n<meta name=\"twitter:label1\" content=\"Tiempo de lectura\" \/>\n\t<meta name=\"twitter:data1\" content=\"4 minutos\" \/>\n<script type=\"application\/ld+json\" class=\"yoast-schema-graph\">{\"@context\":\"https:\/\/schema.org\",\"@graph\":[{\"@type\":\"WebPage\",\"@id\":\"https:\/\/www.uruloki.org\/felipeblog\/beowulf-en-dvd-y-blu-ray\",\"url\":\"https:\/\/www.uruloki.org\/felipeblog\/beowulf-en-dvd-y-blu-ray\",\"name\":\"Beowulf en DVD y BLU-RAY - Uruloki :: Blog\",\"isPartOf\":{\"@id\":\"https:\/\/www.uruloki.org\/felipeblog\/#website\"},\"primaryImageOfPage\":{\"@id\":\"https:\/\/www.uruloki.org\/felipeblog\/beowulf-en-dvd-y-blu-ray#primaryimage\"},\"image\":{\"@id\":\"https:\/\/www.uruloki.org\/felipeblog\/beowulf-en-dvd-y-blu-ray#primaryimage\"},\"thumbnailUrl\":\"https:\/\/uruloki.org\/felipeblog\/imagesflickr3\/20080506_beowulf1disco.jpg\",\"datePublished\":\"2008-05-06T20:46:01+00:00\",\"dateModified\":\"2008-05-21T07:30:44+00:00\",\"breadcrumb\":{\"@id\":\"https:\/\/www.uruloki.org\/felipeblog\/beowulf-en-dvd-y-blu-ray#breadcrumb\"},\"inLanguage\":\"es\",\"potentialAction\":[{\"@type\":\"ReadAction\",\"target\":[\"https:\/\/www.uruloki.org\/felipeblog\/beowulf-en-dvd-y-blu-ray\"]}]},{\"@type\":\"ImageObject\",\"inLanguage\":\"es\",\"@id\":\"https:\/\/www.uruloki.org\/felipeblog\/beowulf-en-dvd-y-blu-ray#primaryimage\",\"url\":\"https:\/\/uruloki.org\/felipeblog\/imagesflickr3\/20080506_beowulf1disco.jpg\",\"contentUrl\":\"https:\/\/uruloki.org\/felipeblog\/imagesflickr3\/20080506_beowulf1disco.jpg\"},{\"@type\":\"BreadcrumbList\",\"@id\":\"https:\/\/www.uruloki.org\/felipeblog\/beowulf-en-dvd-y-blu-ray#breadcrumb\",\"itemListElement\":[{\"@type\":\"ListItem\",\"position\":1,\"name\":\"Portada\",\"item\":\"https:\/\/www.uruloki.org\/felipeblog\"},{\"@type\":\"ListItem\",\"position\":2,\"name\":\"Beowulf en DVD y BLU-RAY\"}]},{\"@type\":\"WebSite\",\"@id\":\"https:\/\/www.uruloki.org\/felipeblog\/#website\",\"url\":\"https:\/\/www.uruloki.org\/felipeblog\/\",\"name\":\"Uruloki :: Blog\",\"description\":\"Blog de cine, terror, ciencia ficci\u00f3n, fantas\u00eda y c\u00f3mics\",\"potentialAction\":[{\"@type\":\"SearchAction\",\"target\":{\"@type\":\"EntryPoint\",\"urlTemplate\":\"https:\/\/www.uruloki.org\/felipeblog\/?s={search_term_string}\"},\"query-input\":{\"@type\":\"PropertyValueSpecification\",\"valueRequired\":true,\"valueName\":\"search_term_string\"}}],\"inLanguage\":\"es\"}]}<\/script>\n<!-- \/ Yoast SEO plugin. -->","yoast_head_json":{"title":"Beowulf en DVD y BLU-RAY - Uruloki :: Blog","robots":{"index":"index","follow":"follow","max-snippet":"max-snippet:-1","max-image-preview":"max-image-preview:large","max-video-preview":"max-video-preview:-1"},"canonical":"https:\/\/www.uruloki.org\/felipeblog\/beowulf-en-dvd-y-blu-ray","og_locale":"es_ES","og_type":"article","og_title":"Beowulf en DVD y BLU-RAY - Uruloki :: Blog","og_description":"Este pr&oacute;ximo 22 de Mayo Warner Bros. sacar&aacute; a la venta Beowulf (2007), el rompedor film de animaci&oacute;n digital 3D rodado por Robert Zemeckis y protagonizado por las caracterizaciones de Ray Winstone en el papel que da el t&iacute;tulo a la pel&iacute;cula, el actor galardonado por la Academia&reg; Anthony Hopkins, en el papel del maldito [&hellip;]","og_url":"https:\/\/www.uruloki.org\/felipeblog\/beowulf-en-dvd-y-blu-ray","og_site_name":"Uruloki :: Blog","article_publisher":"https:\/\/www.facebook.com\/uruloki.org","article_modified_time":"2008-05-21T07:30:44+00:00","og_image":[{"url":"https:\/\/uruloki.org\/felipeblog\/imagesflickr3\/20080506_beowulf1disco.jpg","type":"","width":"","height":""}],"twitter_card":"summary_large_image","twitter_site":"@uruloki","twitter_misc":{"Tiempo de lectura":"4 minutos"},"schema":{"@context":"https:\/\/schema.org","@graph":[{"@type":"WebPage","@id":"https:\/\/www.uruloki.org\/felipeblog\/beowulf-en-dvd-y-blu-ray","url":"https:\/\/www.uruloki.org\/felipeblog\/beowulf-en-dvd-y-blu-ray","name":"Beowulf en DVD y BLU-RAY - Uruloki :: Blog","isPartOf":{"@id":"https:\/\/www.uruloki.org\/felipeblog\/#website"},"primaryImageOfPage":{"@id":"https:\/\/www.uruloki.org\/felipeblog\/beowulf-en-dvd-y-blu-ray#primaryimage"},"image":{"@id":"https:\/\/www.uruloki.org\/felipeblog\/beowulf-en-dvd-y-blu-ray#primaryimage"},"thumbnailUrl":"https:\/\/uruloki.org\/felipeblog\/imagesflickr3\/20080506_beowulf1disco.jpg","datePublished":"2008-05-06T20:46:01+00:00","dateModified":"2008-05-21T07:30:44+00:00","breadcrumb":{"@id":"https:\/\/www.uruloki.org\/felipeblog\/beowulf-en-dvd-y-blu-ray#breadcrumb"},"inLanguage":"es","potentialAction":[{"@type":"ReadAction","target":["https:\/\/www.uruloki.org\/felipeblog\/beowulf-en-dvd-y-blu-ray"]}]},{"@type":"ImageObject","inLanguage":"es","@id":"https:\/\/www.uruloki.org\/felipeblog\/beowulf-en-dvd-y-blu-ray#primaryimage","url":"https:\/\/uruloki.org\/felipeblog\/imagesflickr3\/20080506_beowulf1disco.jpg","contentUrl":"https:\/\/uruloki.org\/felipeblog\/imagesflickr3\/20080506_beowulf1disco.jpg"},{"@type":"BreadcrumbList","@id":"https:\/\/www.uruloki.org\/felipeblog\/beowulf-en-dvd-y-blu-ray#breadcrumb","itemListElement":[{"@type":"ListItem","position":1,"name":"Portada","item":"https:\/\/www.uruloki.org\/felipeblog"},{"@type":"ListItem","position":2,"name":"Beowulf en DVD y BLU-RAY"}]},{"@type":"WebSite","@id":"https:\/\/www.uruloki.org\/felipeblog\/#website","url":"https:\/\/www.uruloki.org\/felipeblog\/","name":"Uruloki :: Blog","description":"Blog de cine, terror, ciencia ficci\u00f3n, fantas\u00eda y c\u00f3mics","potentialAction":[{"@type":"SearchAction","target":{"@type":"EntryPoint","urlTemplate":"https:\/\/www.uruloki.org\/felipeblog\/?s={search_term_string}"},"query-input":{"@type":"PropertyValueSpecification","valueRequired":true,"valueName":"search_term_string"}}],"inLanguage":"es"}]}},"_links":{"self":[{"href":"https:\/\/www.uruloki.org\/felipeblog\/wp-json\/wp\/v2\/pages\/1433","targetHints":{"allow":["GET"]}}],"collection":[{"href":"https:\/\/www.uruloki.org\/felipeblog\/wp-json\/wp\/v2\/pages"}],"about":[{"href":"https:\/\/www.uruloki.org\/felipeblog\/wp-json\/wp\/v2\/types\/page"}],"author":[{"embeddable":true,"href":"https:\/\/www.uruloki.org\/felipeblog\/wp-json\/wp\/v2\/users\/28"}],"replies":[{"embeddable":true,"href":"https:\/\/www.uruloki.org\/felipeblog\/wp-json\/wp\/v2\/comments?post=1433"}],"version-history":[{"count":0,"href":"https:\/\/www.uruloki.org\/felipeblog\/wp-json\/wp\/v2\/pages\/1433\/revisions"}],"wp:attachment":[{"href":"https:\/\/www.uruloki.org\/felipeblog\/wp-json\/wp\/v2\/media?parent=1433"}],"curies":[{"name":"wp","href":"https:\/\/api.w.org\/{rel}","templated":true}]}}