{"id":1413,"date":"2008-04-22T13:13:37","date_gmt":"2008-04-22T12:13:37","guid":{"rendered":"https:\/\/uruloki.org\/felipeblog\/soy-leyenda-en-dvd-y-blu-ray"},"modified":"2008-04-22T13:13:37","modified_gmt":"2008-04-22T12:13:37","slug":"soy-leyenda-en-dvd-y-blu-ray","status":"publish","type":"page","link":"https:\/\/www.uruloki.org\/felipeblog\/soy-leyenda-en-dvd-y-blu-ray","title":{"rendered":"Soy Leyenda en DVD y Blu-Ray"},"content":{"rendered":"<p>El pr&oacute;ximo 8 de Mayo <strong>Warner Bros.<\/strong> sacar&aacute; a la venta en Espa&ntilde;a las diferentes ediciones de <a href=\"http:\/\/www.imdb.com\/title\/tt0480249\/\">Soy Leyenda<\/a>, la nueva adaptaci&oacute;n cinematogr&aacute;fica de la famosa obra del autor de ciencia ficci&oacute;n <strong>Richard Matheson<\/strong>. El film, dirigido por <a href=\"http:\/\/www.imdb.com\/name\/nm1349376\/\">Francis Lawrence<\/a> y protagonizada por <a href=\"http:\/\/www.imdb.com\/name\/nm0000226\/\">Will Smith<\/a>, <a href=\"http:\/\/www.imdb.com\/name\/nm0103797\/\">Alice Braga<\/a>, <a href=\"http:\/\/www.imdb.com\/name\/nm0724757\/\">Salli Richardson<\/a>, <a href=\"http:\/\/www.imdb.com\/name\/nm2405238\/\">Willow Smith<\/a> y <a href=\"http:\/\/www.imdb.com\/name\/nm2253071\/\">Charlie Tahan<\/a>, arras&oacute; en la taquilla mundial las pasadas navidades recaudando cerca de 400 millones de euros&#8230;<\/p>\n<p>El &uacute;ltimo hombre vivo en la Tierra no est&aacute; solo. <strong>Will Smith<\/strong> interpreta ese &uacute;nico superviviente en <strong>Soy Leyenda<\/strong>, una historia &eacute;pica que fusiona una acci&oacute;n trepidante con la impactante visi&oacute;n de un desolado <strong>Manhattan<\/strong>. De alg&uacute;n modo inmune a un terrible virus imparable e incurable, el cient&iacute;fico militar <strong>Robert Neville<\/strong> (<strong>Smith<\/strong>) es ahora el &uacute;ltimo superviviente de la ciudad de <strong>Nueva York<\/strong> y quiz&aacute;s del mundo. Pero no est&aacute; solo. V&iacute;ctimas mutantes de la plaga, los infectados, habitan en las sombras&hellip; observando cada uno de sus movimientos&hellip; esperando a que cometa un error fatal. Una &uacute;nica oportunidad de salvar a la humanidad, una &uacute;ltima misi&oacute;n que cumplir: descubrir el ant&iacute;doto utilizando su propia sangre inmune. Pero sabe que ellos est&aacute;n ah&iacute;&hellip; y que la cuenta atr&aacute;s ya ha comenzado.<\/p>\n<p>El lanzamiento de <strong>Soy Leyenda<\/strong> al mercado del cine en casa viene en cuatro ediciones diferentes, entre las que se encuentra aquella donde se muestra el controvertido final alternativo que no fue mostrado en los cines!<\/p>\n<p style=\"text-align:center;\"><img loading=\"lazy\" decoding=\"async\" src=\"https:\/\/uruloki.org\/felipeblog\/imagesflickr3\/20080422_soyleyenda1disco.jpg\" alt=\"Car&aacute;tula de la edici&oacute;n de 1 disco\" width=\"292\" height=\"400\" border=\"0\" \/><\/p>\n<p><strong>SOY LEYENDA. Edici&oacute;n 1 Disco <\/strong><\/p>\n<ul>\n<li>Audio: Castellano (5.1 Dolby Digital); Ingl&eacute;s (5.1 Dolby Digital); Alem&aacute;n (5.1 Dolby Digital) <\/li>\n<li> Subt&iacute;tulos: Castellano, Ingl&eacute;s, Alem&aacute;n, Alem&aacute;n para sordos, Portugu&eacute;s.<\/li>\n<li> Extras:\n<ul>\n<li> 4 Impresionantes Comics Animados: La Muerte Como un Regalo, Aislamiento, Sacrificando unos Pocos por el Bien Com&uacute;n, Refugio.<\/li>\n<\/ul>\n<\/li>\n<\/ul>\n<p style=\"text-align:center;\"><img loading=\"lazy\" decoding=\"async\" src=\"https:\/\/uruloki.org\/felipeblog\/imagesflickr3\/20080422_soyleyenda2discos.jpg\" alt=\"Car&aacute;tula de la edici&oacute;n de 2 discos\" width=\"292\" height=\"400\" border=\"0\" \/><\/p>\n<p><strong>SOY LEYENDA. Edici&oacute;n 2 Discos<\/strong><\/p>\n<ul>\n<li> Audio: Castellano (5.1 Dolby Digital); Ingl&eacute;s (5.1 Dolby Digital); Alem&aacute;n (5.1 Dolby Digital) <\/li>\n<li> Subt&iacute;tulos: Castellano, Ingl&eacute;s, Alem&aacute;n, Alem&aacute;n para sordos, Portugu&eacute;s.<\/li>\n<li>Disco 1\n<ul>\n<li> Pel&iacute;cula<\/li>\n<li> 4 Impresionantes Comics Animados: La Muerte Como un Regalo, Aislamiento, Sacrificando unos Pocos por el Bien Com&uacute;n, Refugio.<\/li>\n<\/ul>\n<\/li>\n<li>Disco 2\n<ul>\n<li> Creando Soy Leyenda: cr&oacute;nica de la realizaci&oacute;n de la pel&iacute;cula<\/li>\n<li> Historia con moraleja: la ciencia de Soy Leyenda. Descubre la historia y la amenaza de los virus.<\/li>\n<\/ul>\n<\/li>\n<\/ul>\n<p style=\"text-align:center;\"><img loading=\"lazy\" decoding=\"async\" src=\"https:\/\/uruloki.org\/felipeblog\/imagesflickr3\/20080422_soyleyenda2discosa.jpg\" alt=\"Car&aacute;tula de la edici&oacute;n de 2 discos especial\" width=\"292\" height=\"400\" border=\"0\" \/><\/p>\n<p><strong>SOY LEYENDA. Edici&oacute;n 2 Discos (Final Alternativo)<\/strong><\/p>\n<ul>\n<li> Audio: Castellano (5.1 Dolby Digital); Ingl&eacute;s (5.1 Dolby Digital); Alem&aacute;n (5.1 Dolby Digital) <\/li>\n<li> Subt&iacute;tulos: Castellano, Ingl&eacute;s, Alem&aacute;n, Alem&aacute;n para sordos, Portugu&eacute;s.<\/li>\n<li>Disco 1\n<ul>\n<li> Pel&iacute;cula Original Estrenada en Cines<\/li>\n<li> 4 Impresionantes Comics Animados: La Muerte Como un Regalo, Aislamiento, Sacrificando unos Pocos por el Bien Com&uacute;n, Refugio.<\/li>\n<\/ul>\n<\/li>\n<li>Disco 2\n<ul>\n<li> Versi&oacute;n Alternativa de la Pel&iacute;cula<\/li>\n<li> Creando Soy Leyenda: cr&oacute;nica de la realizaci&oacute;n de la pel&iacute;cula<\/li>\n<li> Historia con moraleja: la ciencia de Soy Leyenda. Descubre la historia y la amenaza de los virus.<\/li>\n<\/ul>\n<\/li>\n<\/ul>\n<p style=\"text-align:center;\"><img loading=\"lazy\" decoding=\"async\" src=\"https:\/\/uruloki.org\/felipeblog\/imagesflickr3\/20080422_soyleyendabr.jpg\" alt=\"Car&aacute;tula de la edici&oacute;n en Blu-Ray\" width=\"302\" height=\"400\" border=\"0\" \/><\/p>\n<p><strong>SOY LEYENDA. (Blu-Ray)<\/strong><\/p>\n<ul>\n<li>\n Audio: Castellano (5.1 Dolby Digital); Ingl&eacute;s (5.1 Dolby Digital); Alem&aacute;n (5.1 Dolby Digital) <\/li>\n<li> Subt&iacute;tulos: Castellano, Ingl&eacute;s, Alem&aacute;n, Alem&aacute;n para sordos, Portugu&eacute;s.<\/li>\n<li>Disco 1\n<ul>\n<li> Pel&iacute;cula Original Estrenada en Cines<\/li>\n<li> 4 Impresionantes Comics Animados: La Muerte Como un Regalo, Aislamiento, Sacrificando unos Pocos por el Bien Com&uacute;n, Refugio.<\/li>\n<\/ul>\n<\/li>\n<li>Disco 2\n<ul>\n<li> Versi&oacute;n Alternativa de la Pel&iacute;cula<\/li>\n<li> Creando Soy Leyenda: cr&oacute;nica de la realizaci&oacute;n de la pel&iacute;cula<\/li>\n<li> Historia con moraleja: la ciencia de Soy Leyenda. Descubre la historia y la amenaza de los virus.<\/li>\n<\/ul>\n<\/li>\n<\/ul>\n<p>Webs recomendadas<\/p>\n<ul>\n<li>\t<a href=\"http:\/\/wwws.warnerbros.es\/iamlegend\/?frompromo=movies_vault\" target=\"_blank\">Web oficial de la pel&iacute;cula Soy Leyenda<\/a>\n <\/li>\n<\/ul>\n<p><em>&copy; 2008 Warner Bros. Entertainment Inc. All rights reserved<\/em><\/p>\n","protected":false},"excerpt":{"rendered":"<p>El pr&oacute;ximo 8 de Mayo Warner Bros. sacar&aacute; a la venta en Espa&ntilde;a las diferentes ediciones de Soy Leyenda, la nueva adaptaci&oacute;n cinematogr&aacute;fica de la famosa obra del autor de ciencia ficci&oacute;n Richard Matheson. El film, dirigido por Francis Lawrence y protagonizada por Will Smith, Alice Braga, Salli Richardson, Willow Smith y Charlie Tahan, arras&oacute; [&hellip;]<\/p>\n","protected":false},"author":28,"featured_media":0,"parent":0,"menu_order":0,"comment_status":"open","ping_status":"open","template":"","meta":{"footnotes":""},"class_list":["post-1413","page","type-page","status-publish","hentry"],"yoast_head":"<!-- This site is optimized with the Yoast SEO plugin v27.5 - https:\/\/yoast.com\/product\/yoast-seo-wordpress\/ -->\n<title>Soy Leyenda en DVD y Blu-Ray - Uruloki :: Blog<\/title>\n<meta name=\"robots\" content=\"index, follow, max-snippet:-1, max-image-preview:large, max-video-preview:-1\" \/>\n<link rel=\"canonical\" href=\"https:\/\/www.uruloki.org\/felipeblog\/soy-leyenda-en-dvd-y-blu-ray\" \/>\n<meta property=\"og:locale\" content=\"es_ES\" \/>\n<meta property=\"og:type\" content=\"article\" \/>\n<meta property=\"og:title\" content=\"Soy Leyenda en DVD y Blu-Ray - Uruloki :: Blog\" \/>\n<meta property=\"og:description\" content=\"El pr&oacute;ximo 8 de Mayo Warner Bros. sacar&aacute; a la venta en Espa&ntilde;a las diferentes ediciones de Soy Leyenda, la nueva adaptaci&oacute;n cinematogr&aacute;fica de la famosa obra del autor de ciencia ficci&oacute;n Richard Matheson. El film, dirigido por Francis Lawrence y protagonizada por Will Smith, Alice Braga, Salli Richardson, Willow Smith y Charlie Tahan, arras&oacute; [&hellip;]\" \/>\n<meta property=\"og:url\" content=\"https:\/\/www.uruloki.org\/felipeblog\/soy-leyenda-en-dvd-y-blu-ray\" \/>\n<meta property=\"og:site_name\" content=\"Uruloki :: Blog\" \/>\n<meta property=\"article:publisher\" content=\"https:\/\/www.facebook.com\/uruloki.org\" \/>\n<meta property=\"og:image\" content=\"https:\/\/uruloki.org\/felipeblog\/imagesflickr3\/20080422_soyleyenda1disco.jpg\" \/>\n<meta name=\"twitter:card\" content=\"summary_large_image\" \/>\n<meta name=\"twitter:site\" content=\"@uruloki\" \/>\n<meta name=\"twitter:label1\" content=\"Tiempo de lectura\" \/>\n\t<meta name=\"twitter:data1\" content=\"3 minutos\" \/>\n<script type=\"application\/ld+json\" class=\"yoast-schema-graph\">{\"@context\":\"https:\\\/\\\/schema.org\",\"@graph\":[{\"@type\":\"WebPage\",\"@id\":\"https:\\\/\\\/www.uruloki.org\\\/felipeblog\\\/soy-leyenda-en-dvd-y-blu-ray\",\"url\":\"https:\\\/\\\/www.uruloki.org\\\/felipeblog\\\/soy-leyenda-en-dvd-y-blu-ray\",\"name\":\"Soy Leyenda en DVD y Blu-Ray - Uruloki :: Blog\",\"isPartOf\":{\"@id\":\"https:\\\/\\\/www.uruloki.org\\\/felipeblog\\\/#website\"},\"primaryImageOfPage\":{\"@id\":\"https:\\\/\\\/www.uruloki.org\\\/felipeblog\\\/soy-leyenda-en-dvd-y-blu-ray#primaryimage\"},\"image\":{\"@id\":\"https:\\\/\\\/www.uruloki.org\\\/felipeblog\\\/soy-leyenda-en-dvd-y-blu-ray#primaryimage\"},\"thumbnailUrl\":\"https:\\\/\\\/uruloki.org\\\/felipeblog\\\/imagesflickr3\\\/20080422_soyleyenda1disco.jpg\",\"datePublished\":\"2008-04-22T12:13:37+00:00\",\"breadcrumb\":{\"@id\":\"https:\\\/\\\/www.uruloki.org\\\/felipeblog\\\/soy-leyenda-en-dvd-y-blu-ray#breadcrumb\"},\"inLanguage\":\"es\",\"potentialAction\":[{\"@type\":\"ReadAction\",\"target\":[\"https:\\\/\\\/www.uruloki.org\\\/felipeblog\\\/soy-leyenda-en-dvd-y-blu-ray\"]}]},{\"@type\":\"ImageObject\",\"inLanguage\":\"es\",\"@id\":\"https:\\\/\\\/www.uruloki.org\\\/felipeblog\\\/soy-leyenda-en-dvd-y-blu-ray#primaryimage\",\"url\":\"https:\\\/\\\/uruloki.org\\\/felipeblog\\\/imagesflickr3\\\/20080422_soyleyenda1disco.jpg\",\"contentUrl\":\"https:\\\/\\\/uruloki.org\\\/felipeblog\\\/imagesflickr3\\\/20080422_soyleyenda1disco.jpg\"},{\"@type\":\"BreadcrumbList\",\"@id\":\"https:\\\/\\\/www.uruloki.org\\\/felipeblog\\\/soy-leyenda-en-dvd-y-blu-ray#breadcrumb\",\"itemListElement\":[{\"@type\":\"ListItem\",\"position\":1,\"name\":\"Portada\",\"item\":\"https:\\\/\\\/www.uruloki.org\\\/felipeblog\"},{\"@type\":\"ListItem\",\"position\":2,\"name\":\"Soy Leyenda en DVD y Blu-Ray\"}]},{\"@type\":\"WebSite\",\"@id\":\"https:\\\/\\\/www.uruloki.org\\\/felipeblog\\\/#website\",\"url\":\"https:\\\/\\\/www.uruloki.org\\\/felipeblog\\\/\",\"name\":\"Uruloki :: Blog\",\"description\":\"Blog de cine, terror, ciencia ficci\u00f3n, fantas\u00eda y c\u00f3mics\",\"potentialAction\":[{\"@type\":\"SearchAction\",\"target\":{\"@type\":\"EntryPoint\",\"urlTemplate\":\"https:\\\/\\\/www.uruloki.org\\\/felipeblog\\\/?s={search_term_string}\"},\"query-input\":{\"@type\":\"PropertyValueSpecification\",\"valueRequired\":true,\"valueName\":\"search_term_string\"}}],\"inLanguage\":\"es\"}]}<\/script>\n<!-- \/ Yoast SEO plugin. -->","yoast_head_json":{"title":"Soy Leyenda en DVD y Blu-Ray - Uruloki :: Blog","robots":{"index":"index","follow":"follow","max-snippet":"max-snippet:-1","max-image-preview":"max-image-preview:large","max-video-preview":"max-video-preview:-1"},"canonical":"https:\/\/www.uruloki.org\/felipeblog\/soy-leyenda-en-dvd-y-blu-ray","og_locale":"es_ES","og_type":"article","og_title":"Soy Leyenda en DVD y Blu-Ray - Uruloki :: Blog","og_description":"El pr&oacute;ximo 8 de Mayo Warner Bros. sacar&aacute; a la venta en Espa&ntilde;a las diferentes ediciones de Soy Leyenda, la nueva adaptaci&oacute;n cinematogr&aacute;fica de la famosa obra del autor de ciencia ficci&oacute;n Richard Matheson. El film, dirigido por Francis Lawrence y protagonizada por Will Smith, Alice Braga, Salli Richardson, Willow Smith y Charlie Tahan, arras&oacute; [&hellip;]","og_url":"https:\/\/www.uruloki.org\/felipeblog\/soy-leyenda-en-dvd-y-blu-ray","og_site_name":"Uruloki :: Blog","article_publisher":"https:\/\/www.facebook.com\/uruloki.org","og_image":[{"url":"https:\/\/uruloki.org\/felipeblog\/imagesflickr3\/20080422_soyleyenda1disco.jpg","type":"","width":"","height":""}],"twitter_card":"summary_large_image","twitter_site":"@uruloki","twitter_misc":{"Tiempo de lectura":"3 minutos"},"schema":{"@context":"https:\/\/schema.org","@graph":[{"@type":"WebPage","@id":"https:\/\/www.uruloki.org\/felipeblog\/soy-leyenda-en-dvd-y-blu-ray","url":"https:\/\/www.uruloki.org\/felipeblog\/soy-leyenda-en-dvd-y-blu-ray","name":"Soy Leyenda en DVD y Blu-Ray - Uruloki :: Blog","isPartOf":{"@id":"https:\/\/www.uruloki.org\/felipeblog\/#website"},"primaryImageOfPage":{"@id":"https:\/\/www.uruloki.org\/felipeblog\/soy-leyenda-en-dvd-y-blu-ray#primaryimage"},"image":{"@id":"https:\/\/www.uruloki.org\/felipeblog\/soy-leyenda-en-dvd-y-blu-ray#primaryimage"},"thumbnailUrl":"https:\/\/uruloki.org\/felipeblog\/imagesflickr3\/20080422_soyleyenda1disco.jpg","datePublished":"2008-04-22T12:13:37+00:00","breadcrumb":{"@id":"https:\/\/www.uruloki.org\/felipeblog\/soy-leyenda-en-dvd-y-blu-ray#breadcrumb"},"inLanguage":"es","potentialAction":[{"@type":"ReadAction","target":["https:\/\/www.uruloki.org\/felipeblog\/soy-leyenda-en-dvd-y-blu-ray"]}]},{"@type":"ImageObject","inLanguage":"es","@id":"https:\/\/www.uruloki.org\/felipeblog\/soy-leyenda-en-dvd-y-blu-ray#primaryimage","url":"https:\/\/uruloki.org\/felipeblog\/imagesflickr3\/20080422_soyleyenda1disco.jpg","contentUrl":"https:\/\/uruloki.org\/felipeblog\/imagesflickr3\/20080422_soyleyenda1disco.jpg"},{"@type":"BreadcrumbList","@id":"https:\/\/www.uruloki.org\/felipeblog\/soy-leyenda-en-dvd-y-blu-ray#breadcrumb","itemListElement":[{"@type":"ListItem","position":1,"name":"Portada","item":"https:\/\/www.uruloki.org\/felipeblog"},{"@type":"ListItem","position":2,"name":"Soy Leyenda en DVD y Blu-Ray"}]},{"@type":"WebSite","@id":"https:\/\/www.uruloki.org\/felipeblog\/#website","url":"https:\/\/www.uruloki.org\/felipeblog\/","name":"Uruloki :: Blog","description":"Blog de cine, terror, ciencia ficci\u00f3n, fantas\u00eda y c\u00f3mics","potentialAction":[{"@type":"SearchAction","target":{"@type":"EntryPoint","urlTemplate":"https:\/\/www.uruloki.org\/felipeblog\/?s={search_term_string}"},"query-input":{"@type":"PropertyValueSpecification","valueRequired":true,"valueName":"search_term_string"}}],"inLanguage":"es"}]}},"_links":{"self":[{"href":"https:\/\/www.uruloki.org\/felipeblog\/wp-json\/wp\/v2\/pages\/1413","targetHints":{"allow":["GET"]}}],"collection":[{"href":"https:\/\/www.uruloki.org\/felipeblog\/wp-json\/wp\/v2\/pages"}],"about":[{"href":"https:\/\/www.uruloki.org\/felipeblog\/wp-json\/wp\/v2\/types\/page"}],"author":[{"embeddable":true,"href":"https:\/\/www.uruloki.org\/felipeblog\/wp-json\/wp\/v2\/users\/28"}],"replies":[{"embeddable":true,"href":"https:\/\/www.uruloki.org\/felipeblog\/wp-json\/wp\/v2\/comments?post=1413"}],"version-history":[{"count":0,"href":"https:\/\/www.uruloki.org\/felipeblog\/wp-json\/wp\/v2\/pages\/1413\/revisions"}],"wp:attachment":[{"href":"https:\/\/www.uruloki.org\/felipeblog\/wp-json\/wp\/v2\/media?parent=1413"}],"curies":[{"name":"wp","href":"https:\/\/api.w.org\/{rel}","templated":true}]}}