{"id":1339,"date":"2008-02-17T13:03:46","date_gmt":"2008-02-17T12:03:46","guid":{"rendered":"https:\/\/uruloki.org\/felipeblog\/blade-runner-en-dvd"},"modified":"2008-02-17T13:03:46","modified_gmt":"2008-02-17T12:03:46","slug":"blade-runner-en-dvd","status":"publish","type":"page","link":"https:\/\/www.uruloki.org\/felipeblog\/blade-runner-en-dvd","title":{"rendered":"Blade Runner en DVD"},"content":{"rendered":"<p><img loading=\"lazy\" decoding=\"async\" src=\"https:\/\/uruloki.org\/felipeblog\/imagesflickr2\/20080217_bladerunner.jpg\" alt=\"Blade Runner\" width=\"500\" height=\"51\" border=\"0\" \/><\/p>\n<p>Este mes <strong>Warner Bros. Pictures<\/strong> saca a la venta las esperad&iacute;simas ediciones de <strong>2 discos<\/strong> y <strong>5 discos<\/strong> de <a href=\"http:\/\/www.imdb.com\/title\/tt0083658\/\" target=\"_blank\" title=\"Info de Blade Runner\">Blade Runner<\/a>, la obra maestra de la ciencia ficci&oacute;n cinematogr&aacute;fica que dirigi&oacute; <a href=\"http:\/\/www.imdb.com\/name\/nm0000631\/\" target=\"_blank\" title=\"Filmograf&iacute;a de Ridley Scott\">Ridley Scott<\/a> en 1982 basandose en un gui&oacute;n adaptado de la obra de <a href=\"http:\/\/es.wikipedia.org\/wiki\/Philip_K._Dick\" target=\"_blank\" title=\"Philip K. Dick por la Wikipedia\">Philip K. Dick<\/a> &quot;<em>&iquest;Sue&ntilde;an los androides con ovejas el&eacute;ctricas?<\/em>&quot; y que marc&oacute; un antes y un despu&eacute;s en el concepto del cine de ficci&oacute;n gracias a su complejo argumentos y a los efectos visuales.<\/p>\n<p>Estamos en la ciudad de <strong>Los &Aacute;ngeles<\/strong>, noviembre de <strong>2019<\/strong>, <strong>Rick Deckard<\/strong> (<a href=\"http:\/\/www.imdb.com\/name\/nm0000148\/\" target=\"_blank\" title=\"Filmograf&iacute;a de Harrison Ford\">Harrison Ford<\/a>) es llamado de su retiro temporal cuando un <strong>Blade Runner<\/strong> excesivamente confiado llamado <strong>Holden<\/strong> (<a href=\"http:\/\/www.imdb.com\/name\/nm0667224\/\" target=\"_blank\">Morgan Paull<\/a>) es asesinado mientras llevaba a cabo la prueba <strong>Voight-Kampff<\/strong> a <strong>Leon<\/strong> (<a href=\"http:\/\/www.imdb.com\/name\/nm0001397\/\" target=\"_blank\">Brion James<\/a>), un replicante fugitivo. <strong>Deckard<\/strong> decide reunirse con <strong>Bryant<\/strong> (<a href=\"http:\/\/www.imdb.com\/name\/nm0001826\/\" target=\"_blank\">M. Emmet Walsh<\/a>), su antiguo jefe, quien le informa que la reciente fuga de replicantes <strong>Nexus-6<\/strong> es la peor sufrida hasta el momento. <strong>Bryant<\/strong> le informa a <strong>Deckard<\/strong> acerca de los replicantes fugados: <strong>Roy Batty<\/strong> (<a href=\"http:\/\/www.imdb.com\/name\/nm0000442\/\" target=\"_blank\">Rutger Hauer<\/a>) es uno del tipo comando, <strong>Leon<\/strong> es soldado y obrero, <strong>Zhora<\/strong> (<a href=\"http:\/\/www.imdb.com\/name\/nm0001026\/\" target=\"_blank\">Joanna Cassidy<\/a>) es una trabajadora sexual entrenada como asesina y <strong>Pris<\/strong> (<a href=\"http:\/\/www.imdb.com\/name\/nm0000435\/\" target=\"_blank\">Daryl Hannah<\/a>) un &#8216;<em>modelo b&aacute;sico de placer<\/em>&#8216;. <strong>Bryant<\/strong> tambi&eacute;n le explica que el modelo <strong>Nexus-6<\/strong> tiene una vida limitada a cuatro a&ntilde;os como salvaguarda contra su desarrollo emocional inestable. <strong>Deckard<\/strong> es acompa&ntilde;ado por <strong>Gaff<\/strong> (<a href=\"http:\/\/www.imdb.com\/name\/nm0001579\/\" target=\"_blank\">Edward James Olmos<\/a>) a <strong>Tyrell Corporation<\/strong> para comprobar que la prueba <strong>Voight-Kampff<\/strong> funciona con los modelos <strong>Nexus-6<\/strong>. Ah&iacute; es donde descubre que <strong>Rachael<\/strong> (<a href=\"http:\/\/www.imdb.com\/name\/nm0000707\/\" target=\"_blank\">Sean Young<\/a>), la joven secretaria de <strong>Eldon Tyrell<\/strong> (<a href=\"http:\/\/www.imdb.com\/name\/nm0877185\/\" target=\"_blank\">Joe Turkel<\/a>), es en realidad una replicante experimental con recuerdos implantados que le permiten contar con una base emocional.<\/p>\n<p>Tras el &eacute;xito de su edici&oacute;n de lijo en malet&iacute;n, <strong>Warner Bros.<\/strong> saca a la venta dos ediciones completas para disfrute del personal.<\/p>\n<h3><strong>Edici&oacute;n en caja normal con 2 discos:<\/strong><\/h3>\n<p style=\"text-align:center;\"><img loading=\"lazy\" decoding=\"async\" src=\"https:\/\/uruloki.org\/felipeblog\/imagesflickr2\/20080217_bladerunner2.jpg\" alt=\"Blade Runner: edici&oacute;n normal con 2 discos\" width=\"328\" height=\"500\" border=\"0\" \/><\/p>\n<p><strong>DISCO 1: <em>El Montaje Final <\/em>(2007)<\/strong><\/p>\n<ul>\n<li>Digitalmente renovada y remasterizada incorporando nuevo metraje y efectos especiales nunca vistos.<\/li>\n<li>Banda sonora remasterizada en dolby digital 5.1. <\/li>\n<li>Presentaci&oacute;n de Ridley Scott. <\/li>\n<li>3 comentarios en audio de los productores incluido Ridley Scott.<\/li>\n<\/ul>\n<p><strong>DISCO 2: <em>D&iacute;as peligrosos: Creando Blade Runner<\/em><\/strong> <\/p>\n<ul>\n<li>Documental definitivo con escenas suprimidas y nuevas entrevistas.<\/li>\n<li>Un vistazo a la dif&iacute;cil creaci&oacute;n de la pel&iacute;cula y su pol&eacute;mico legado.<\/li>\n<\/ul>\n<h3><strong>Edici&oacute;n en caja met&aacute;lica de 5 discos:<\/strong><\/h3>\n<p style=\"text-align:center;\"><img loading=\"lazy\" decoding=\"async\" src=\"https:\/\/uruloki.org\/felipeblog\/imagesflickr2\/20080217_bladerunner5.jpg\" alt=\"Blade Runner: Edici&oacute;n Coleccionista 5 discos\" width=\"387\" height=\"500\" border=\"0\" \/><\/p>\n<p>Con m&aacute;s de 9 horas de contenido extra, esta edici&oacute;n dispone de una presentaci&oacute;n espec&iacute;fica para cada una de las versiones ofrecida por <strong>Ridley Scott<\/strong> donde introduce al aficionado a los cambios que va a presenciar.<\/p>\n<p><strong>DISCO 1: EL Montaje Final (2007)<\/strong>.<\/p>\n<ul>\n<li>La ultima edici&oacute;n de la pel&iacute;cula, mostrada en varios festivales el a&ntilde;o pasado como el de cine de terror de Sitges. <\/li>\n<\/ul>\n<p><strong>DISCO 2: D&iacute;as Peligrosos: Creando Blade Runner<\/strong><\/p>\n<ul>\n<li>Contiene un documental definitivo con escenas suprimidas y novedosas entrevistas.<\/li>\n<li>Se ofrece un completo vistazo a la dif&iacute;cil creaci&oacute;n de la pel&iacute;cula y el pol&eacute;mico legado que ha dejado tras m&aacute;s de 20 a&ntilde;os.<\/li>\n<li>Los contenidos est&aacute;n disponibles en audio<br \/>\n Dolby 5.1. <\/li>\n<\/ul>\n<p><strong>DISCO 3: TRES VERSIONES DE ARCHIVO COMPLETAS<\/strong><\/p>\n<ul>\n<li>Contiene tres versiones de la pel&iacute;cula: el montaje original de 1982 ,el montaje original internacional de 1982 y el montaje del director de 1992. <\/li>\n<li>Todas ellas disponibles en un &uacute;nico disco con presentaciones independientes explicando las diferencias ofrecidas por Ridley Scott. <\/li>\n<li>Las ediciones han sido remasterizadas tanto a nivel gr&aacute;fico como sonoro. <\/li>\n<\/ul>\n<p><strong>DISCO 4: Archivos Mejorados<\/strong><\/p>\n<ul>\n<li>Todo un mosaico audiovisual de m &aacute;s de una docena de fragmentos. Informaci&oacute;n cronol&oacute;gica de la producci&oacute;n, m&aacute;s puntos de vista de Syd Mead, Jordan Cronenweth e informaci&oacute;n sobre la mejora y los metrajes adicionales. <\/li>\n<\/ul>\n<p><strong>DISCO 5: The Workprint Nunca Antes Visto<\/strong><\/p>\n<ul>\n<li>M&aacute;s el metraje <em>Todos Nuestros Futuros Cambiantes<\/em>. <\/li>\n<\/ul>\n<p><em><span lang=\"EN-US\" xml:lang=\"EN-US\">BLADE RUNNER is a Trademark Owned by The  Blade Runner Partnership &copy;2008 The Blade Runner Partnership. <\/span><\/em><em><span lang=\"es\" xml:lang=\"es\">All rights reserved<\/span><\/em><span lang=\"es\" xml:lang=\"es\">.<\/span><\/p>\n","protected":false},"excerpt":{"rendered":"<p>Este mes Warner Bros. Pictures saca a la venta las esperad&iacute;simas ediciones de 2 discos y 5 discos de Blade Runner, la obra maestra de la ciencia ficci&oacute;n cinematogr&aacute;fica que dirigi&oacute; Ridley Scott en 1982 basandose en un gui&oacute;n adaptado de la obra de Philip K. Dick &quot;&iquest;Sue&ntilde;an los androides con ovejas el&eacute;ctricas?&quot; y que [&hellip;]<\/p>\n","protected":false},"author":28,"featured_media":0,"parent":0,"menu_order":0,"comment_status":"open","ping_status":"open","template":"","meta":{"footnotes":""},"class_list":["post-1339","page","type-page","status-publish","hentry"],"yoast_head":"<!-- This site is optimized with the Yoast SEO plugin v27.5 - https:\/\/yoast.com\/product\/yoast-seo-wordpress\/ -->\n<title>Blade Runner en DVD - Uruloki :: Blog<\/title>\n<meta name=\"robots\" content=\"index, follow, max-snippet:-1, max-image-preview:large, max-video-preview:-1\" \/>\n<link rel=\"canonical\" href=\"https:\/\/www.uruloki.org\/felipeblog\/blade-runner-en-dvd\" \/>\n<meta property=\"og:locale\" content=\"es_ES\" \/>\n<meta property=\"og:type\" content=\"article\" \/>\n<meta property=\"og:title\" content=\"Blade Runner en DVD - Uruloki :: Blog\" \/>\n<meta property=\"og:description\" content=\"Este mes Warner Bros. Pictures saca a la venta las esperad&iacute;simas ediciones de 2 discos y 5 discos de Blade Runner, la obra maestra de la ciencia ficci&oacute;n cinematogr&aacute;fica que dirigi&oacute; Ridley Scott en 1982 basandose en un gui&oacute;n adaptado de la obra de Philip K. Dick &quot;&iquest;Sue&ntilde;an los androides con ovejas el&eacute;ctricas?&quot; y que [&hellip;]\" \/>\n<meta property=\"og:url\" content=\"https:\/\/www.uruloki.org\/felipeblog\/blade-runner-en-dvd\" \/>\n<meta property=\"og:site_name\" content=\"Uruloki :: Blog\" \/>\n<meta property=\"article:publisher\" content=\"https:\/\/www.facebook.com\/uruloki.org\" \/>\n<meta property=\"og:image\" content=\"https:\/\/uruloki.org\/felipeblog\/imagesflickr2\/20080217_bladerunner.jpg\" \/>\n<meta name=\"twitter:card\" content=\"summary_large_image\" \/>\n<meta name=\"twitter:site\" content=\"@uruloki\" \/>\n<meta name=\"twitter:label1\" content=\"Tiempo de lectura\" \/>\n\t<meta name=\"twitter:data1\" content=\"3 minutos\" \/>\n<script type=\"application\/ld+json\" class=\"yoast-schema-graph\">{\"@context\":\"https:\\\/\\\/schema.org\",\"@graph\":[{\"@type\":\"WebPage\",\"@id\":\"https:\\\/\\\/www.uruloki.org\\\/felipeblog\\\/blade-runner-en-dvd\",\"url\":\"https:\\\/\\\/www.uruloki.org\\\/felipeblog\\\/blade-runner-en-dvd\",\"name\":\"Blade Runner en DVD - Uruloki :: Blog\",\"isPartOf\":{\"@id\":\"https:\\\/\\\/www.uruloki.org\\\/felipeblog\\\/#website\"},\"primaryImageOfPage\":{\"@id\":\"https:\\\/\\\/www.uruloki.org\\\/felipeblog\\\/blade-runner-en-dvd#primaryimage\"},\"image\":{\"@id\":\"https:\\\/\\\/www.uruloki.org\\\/felipeblog\\\/blade-runner-en-dvd#primaryimage\"},\"thumbnailUrl\":\"https:\\\/\\\/uruloki.org\\\/felipeblog\\\/imagesflickr2\\\/20080217_bladerunner.jpg\",\"datePublished\":\"2008-02-17T12:03:46+00:00\",\"breadcrumb\":{\"@id\":\"https:\\\/\\\/www.uruloki.org\\\/felipeblog\\\/blade-runner-en-dvd#breadcrumb\"},\"inLanguage\":\"es\",\"potentialAction\":[{\"@type\":\"ReadAction\",\"target\":[\"https:\\\/\\\/www.uruloki.org\\\/felipeblog\\\/blade-runner-en-dvd\"]}]},{\"@type\":\"ImageObject\",\"inLanguage\":\"es\",\"@id\":\"https:\\\/\\\/www.uruloki.org\\\/felipeblog\\\/blade-runner-en-dvd#primaryimage\",\"url\":\"https:\\\/\\\/uruloki.org\\\/felipeblog\\\/imagesflickr2\\\/20080217_bladerunner.jpg\",\"contentUrl\":\"https:\\\/\\\/uruloki.org\\\/felipeblog\\\/imagesflickr2\\\/20080217_bladerunner.jpg\"},{\"@type\":\"BreadcrumbList\",\"@id\":\"https:\\\/\\\/www.uruloki.org\\\/felipeblog\\\/blade-runner-en-dvd#breadcrumb\",\"itemListElement\":[{\"@type\":\"ListItem\",\"position\":1,\"name\":\"Portada\",\"item\":\"https:\\\/\\\/www.uruloki.org\\\/felipeblog\"},{\"@type\":\"ListItem\",\"position\":2,\"name\":\"Blade Runner en DVD\"}]},{\"@type\":\"WebSite\",\"@id\":\"https:\\\/\\\/www.uruloki.org\\\/felipeblog\\\/#website\",\"url\":\"https:\\\/\\\/www.uruloki.org\\\/felipeblog\\\/\",\"name\":\"Uruloki :: Blog\",\"description\":\"Blog de cine, terror, ciencia ficci\u00f3n, fantas\u00eda y c\u00f3mics\",\"potentialAction\":[{\"@type\":\"SearchAction\",\"target\":{\"@type\":\"EntryPoint\",\"urlTemplate\":\"https:\\\/\\\/www.uruloki.org\\\/felipeblog\\\/?s={search_term_string}\"},\"query-input\":{\"@type\":\"PropertyValueSpecification\",\"valueRequired\":true,\"valueName\":\"search_term_string\"}}],\"inLanguage\":\"es\"}]}<\/script>\n<!-- \/ Yoast SEO plugin. -->","yoast_head_json":{"title":"Blade Runner en DVD - Uruloki :: Blog","robots":{"index":"index","follow":"follow","max-snippet":"max-snippet:-1","max-image-preview":"max-image-preview:large","max-video-preview":"max-video-preview:-1"},"canonical":"https:\/\/www.uruloki.org\/felipeblog\/blade-runner-en-dvd","og_locale":"es_ES","og_type":"article","og_title":"Blade Runner en DVD - Uruloki :: Blog","og_description":"Este mes Warner Bros. Pictures saca a la venta las esperad&iacute;simas ediciones de 2 discos y 5 discos de Blade Runner, la obra maestra de la ciencia ficci&oacute;n cinematogr&aacute;fica que dirigi&oacute; Ridley Scott en 1982 basandose en un gui&oacute;n adaptado de la obra de Philip K. Dick &quot;&iquest;Sue&ntilde;an los androides con ovejas el&eacute;ctricas?&quot; y que [&hellip;]","og_url":"https:\/\/www.uruloki.org\/felipeblog\/blade-runner-en-dvd","og_site_name":"Uruloki :: Blog","article_publisher":"https:\/\/www.facebook.com\/uruloki.org","og_image":[{"url":"https:\/\/uruloki.org\/felipeblog\/imagesflickr2\/20080217_bladerunner.jpg","type":"","width":"","height":""}],"twitter_card":"summary_large_image","twitter_site":"@uruloki","twitter_misc":{"Tiempo de lectura":"3 minutos"},"schema":{"@context":"https:\/\/schema.org","@graph":[{"@type":"WebPage","@id":"https:\/\/www.uruloki.org\/felipeblog\/blade-runner-en-dvd","url":"https:\/\/www.uruloki.org\/felipeblog\/blade-runner-en-dvd","name":"Blade Runner en DVD - Uruloki :: Blog","isPartOf":{"@id":"https:\/\/www.uruloki.org\/felipeblog\/#website"},"primaryImageOfPage":{"@id":"https:\/\/www.uruloki.org\/felipeblog\/blade-runner-en-dvd#primaryimage"},"image":{"@id":"https:\/\/www.uruloki.org\/felipeblog\/blade-runner-en-dvd#primaryimage"},"thumbnailUrl":"https:\/\/uruloki.org\/felipeblog\/imagesflickr2\/20080217_bladerunner.jpg","datePublished":"2008-02-17T12:03:46+00:00","breadcrumb":{"@id":"https:\/\/www.uruloki.org\/felipeblog\/blade-runner-en-dvd#breadcrumb"},"inLanguage":"es","potentialAction":[{"@type":"ReadAction","target":["https:\/\/www.uruloki.org\/felipeblog\/blade-runner-en-dvd"]}]},{"@type":"ImageObject","inLanguage":"es","@id":"https:\/\/www.uruloki.org\/felipeblog\/blade-runner-en-dvd#primaryimage","url":"https:\/\/uruloki.org\/felipeblog\/imagesflickr2\/20080217_bladerunner.jpg","contentUrl":"https:\/\/uruloki.org\/felipeblog\/imagesflickr2\/20080217_bladerunner.jpg"},{"@type":"BreadcrumbList","@id":"https:\/\/www.uruloki.org\/felipeblog\/blade-runner-en-dvd#breadcrumb","itemListElement":[{"@type":"ListItem","position":1,"name":"Portada","item":"https:\/\/www.uruloki.org\/felipeblog"},{"@type":"ListItem","position":2,"name":"Blade Runner en DVD"}]},{"@type":"WebSite","@id":"https:\/\/www.uruloki.org\/felipeblog\/#website","url":"https:\/\/www.uruloki.org\/felipeblog\/","name":"Uruloki :: Blog","description":"Blog de cine, terror, ciencia ficci\u00f3n, fantas\u00eda y c\u00f3mics","potentialAction":[{"@type":"SearchAction","target":{"@type":"EntryPoint","urlTemplate":"https:\/\/www.uruloki.org\/felipeblog\/?s={search_term_string}"},"query-input":{"@type":"PropertyValueSpecification","valueRequired":true,"valueName":"search_term_string"}}],"inLanguage":"es"}]}},"_links":{"self":[{"href":"https:\/\/www.uruloki.org\/felipeblog\/wp-json\/wp\/v2\/pages\/1339","targetHints":{"allow":["GET"]}}],"collection":[{"href":"https:\/\/www.uruloki.org\/felipeblog\/wp-json\/wp\/v2\/pages"}],"about":[{"href":"https:\/\/www.uruloki.org\/felipeblog\/wp-json\/wp\/v2\/types\/page"}],"author":[{"embeddable":true,"href":"https:\/\/www.uruloki.org\/felipeblog\/wp-json\/wp\/v2\/users\/28"}],"replies":[{"embeddable":true,"href":"https:\/\/www.uruloki.org\/felipeblog\/wp-json\/wp\/v2\/comments?post=1339"}],"version-history":[{"count":0,"href":"https:\/\/www.uruloki.org\/felipeblog\/wp-json\/wp\/v2\/pages\/1339\/revisions"}],"wp:attachment":[{"href":"https:\/\/www.uruloki.org\/felipeblog\/wp-json\/wp\/v2\/media?parent=1339"}],"curies":[{"name":"wp","href":"https:\/\/api.w.org\/{rel}","templated":true}]}}